{"id":120083,"date":"2023-04-22T20:12:00","date_gmt":"2023-04-22T20:12:00","guid":{"rendered":"https:\/\/nabytoklaguna.sk\/sk\/?post_type=product&#038;p=120083"},"modified":"2025-04-10T13:06:46","modified_gmt":"2025-04-10T11:06:46","slug":"tempo-kondela-ronin","status":"publish","type":"product","link":"https:\/\/nabytoklaguna.sk\/sk\/produkt\/tempo-kondela-ronin\/","title":{"rendered":"K RONIN"},"content":{"rendered":"<p>Elegantn\u00fd pr\u00edru\u010dn\u00fd stol\u00edk RONIN.<\/p>\n<p>Farba: \u010dierny dub\/\u010dierne kovov\u00e9 nohy<\/p>\n<p>Materi\u00e1l: MDF\/kov<\/p>\n<p>Rozmery (\u0160xHxV): 48x48x48 cm<\/p>\n","protected":false},"excerpt":{"rendered":"<p>Elegantn\u00fd pr\u00edru\u010dn\u00fd stol\u00edk RONIN. Farba: \u010dierny dub\/\u010dierne kovov\u00e9 nohy Materi\u00e1l: MDF\/kov Rozmery (\u0160xHxV): 48x48x48 cm<\/p>\n","protected":false},"featured_media":32083,"comment_status":"closed","ping_status":"closed","template":"","meta":{"_seopress_robots_primary_cat":"221","_seopress_titles_title":"","_seopress_titles_desc":"","_seopress_robots_index":""},"product_brand":[],"product_cat":[221],"product_tag":[],"class_list":{"0":"post-120083","1":"product","2":"type-product","3":"status-publish","4":"has-post-thumbnail","6":"product_cat-konferencne-stoliky","8":"first","9":"onbackorder","10":"shipping-taxable","11":"purchasable","12":"product-type-simple"},"_links":{"self":[{"href":"https:\/\/nabytoklaguna.sk\/sk\/wp-json\/wp\/v2\/product\/120083","targetHints":{"allow":["GET"]}}],"collection":[{"href":"https:\/\/nabytoklaguna.sk\/sk\/wp-json\/wp\/v2\/product"}],"about":[{"href":"https:\/\/nabytoklaguna.sk\/sk\/wp-json\/wp\/v2\/types\/product"}],"replies":[{"embeddable":true,"href":"https:\/\/nabytoklaguna.sk\/sk\/wp-json\/wp\/v2\/comments?post=120083"}],"wp:featuredmedia":[{"embeddable":true,"href":"https:\/\/nabytoklaguna.sk\/sk\/wp-json\/wp\/v2\/media\/32083"}],"wp:attachment":[{"href":"https:\/\/nabytoklaguna.sk\/sk\/wp-json\/wp\/v2\/media?parent=120083"}],"wp:term":[{"taxonomy":"product_brand","embeddable":true,"href":"https:\/\/nabytoklaguna.sk\/sk\/wp-json\/wp\/v2\/product_brand?post=120083"},{"taxonomy":"product_cat","embeddable":true,"href":"https:\/\/nabytoklaguna.sk\/sk\/wp-json\/wp\/v2\/product_cat?post=120083"},{"taxonomy":"product_tag","embeddable":true,"href":"https:\/\/nabytoklaguna.sk\/sk\/wp-json\/wp\/v2\/product_tag?post=120083"}],"curies":[{"name":"wp","href":"https:\/\/api.w.org\/{rel}","templated":true}]}}