{"id":120089,"date":"2023-04-22T20:12:00","date_gmt":"2023-04-22T20:12:00","guid":{"rendered":"https:\/\/nabytoklaguna.sk\/sk\/?post_type=product&#038;p=120089"},"modified":"2026-03-18T14:03:35","modified_gmt":"2026-03-18T13:03:35","slug":"k-vesna","status":"publish","type":"product","link":"https:\/\/nabytoklaguna.sk\/sk\/produkt\/k-vesna\/","title":{"rendered":"K VESNA"},"content":{"rendered":"<p>Serv\u00edrovac\u00ed stol\u00edk Vesna ako vhodn\u00fd doplnok do ka\u017edej dom\u00e1cnosti, ktor\u00e1 m\u00e1 rada n\u00e1v\u0161tevy. Dopln\u00ed Va\u0161u ob\u00fdvaciu izbu luxusn\u00fdm \u0161t\u00fdlom. Horn\u00fd a doln\u00fd pl\u00e1t je z \u010dierneho skla kombinovan\u00fd s kovom &#8211; chr\u00f3mom. M\u00e1 \u0161tyri pochr\u00f3movan\u00e9 kolieska a v dolnej \u010dasti stojan na f\u013ea\u0161e, m\u00e1modern\u00fd dizajnov\u00fd vzh\u013ead.<\/p>\n<p>Rozmery s\u00fa: \u0160xVxH: 50x72x45 cm, nosnos\u0165 jedn\u00e9ho skla je 3,5 kg<\/p>\n<p>Dod\u00e1van\u00e9 v demonte.<\/p>\n","protected":false},"excerpt":{"rendered":"<p>Serv\u00edrovac\u00ed stol\u00edk Vesna ako vhodn\u00fd doplnok do ka\u017edej dom\u00e1cnosti, ktor\u00e1 m\u00e1 rada n\u00e1v\u0161tevy. Dopln\u00ed Va\u0161u ob\u00fdvaciu izbu luxusn\u00fdm \u0161t\u00fdlom. Horn\u00fd a doln\u00fd pl\u00e1t je z \u010dierneho skla kombinovan\u00fd s kovom &#8211; chr\u00f3mom. M\u00e1 \u0161tyri pochr\u00f3movan\u00e9 kolieska a v dolnej \u010dasti stojan na f\u013ea\u0161e, m\u00e1modern\u00fd dizajnov\u00fd vzh\u013ead. Rozmery s\u00fa: \u0160xVxH: 50x72x45 cm, nosnos\u0165 jedn\u00e9ho skla je&#8230;<\/p>\n","protected":false},"featured_media":32167,"comment_status":"closed","ping_status":"closed","template":"","meta":{"_seopress_robots_primary_cat":"221","_seopress_titles_title":"","_seopress_titles_desc":"","_seopress_robots_index":""},"product_brand":[],"product_cat":[221],"product_tag":[],"class_list":{"0":"post-120089","1":"product","2":"type-product","3":"status-publish","4":"has-post-thumbnail","6":"product_cat-konferencne-stoliky","8":"first","9":"onbackorder","10":"shipping-taxable","11":"purchasable","12":"product-type-simple"},"_links":{"self":[{"href":"https:\/\/nabytoklaguna.sk\/sk\/wp-json\/wp\/v2\/product\/120089","targetHints":{"allow":["GET"]}}],"collection":[{"href":"https:\/\/nabytoklaguna.sk\/sk\/wp-json\/wp\/v2\/product"}],"about":[{"href":"https:\/\/nabytoklaguna.sk\/sk\/wp-json\/wp\/v2\/types\/product"}],"replies":[{"embeddable":true,"href":"https:\/\/nabytoklaguna.sk\/sk\/wp-json\/wp\/v2\/comments?post=120089"}],"wp:featuredmedia":[{"embeddable":true,"href":"https:\/\/nabytoklaguna.sk\/sk\/wp-json\/wp\/v2\/media\/32167"}],"wp:attachment":[{"href":"https:\/\/nabytoklaguna.sk\/sk\/wp-json\/wp\/v2\/media?parent=120089"}],"wp:term":[{"taxonomy":"product_brand","embeddable":true,"href":"https:\/\/nabytoklaguna.sk\/sk\/wp-json\/wp\/v2\/product_brand?post=120089"},{"taxonomy":"product_cat","embeddable":true,"href":"https:\/\/nabytoklaguna.sk\/sk\/wp-json\/wp\/v2\/product_cat?post=120089"},{"taxonomy":"product_tag","embeddable":true,"href":"https:\/\/nabytoklaguna.sk\/sk\/wp-json\/wp\/v2\/product_tag?post=120089"}],"curies":[{"name":"wp","href":"https:\/\/api.w.org\/{rel}","templated":true}]}}