{"id":120091,"date":"2023-04-22T20:12:00","date_gmt":"2023-04-22T20:12:00","guid":{"rendered":"https:\/\/nabytoklaguna.sk\/sk\/?post_type=product&#038;p=120091"},"modified":"2024-03-11T13:25:20","modified_gmt":"2024-03-11T12:25:20","slug":"tempo-kondela-zuno","status":"publish","type":"product","link":"https:\/\/nabytoklaguna.sk\/sk\/produkt\/tempo-kondela-zuno\/","title":{"rendered":"TK ZUNO"},"content":{"rendered":"<p>TV stol\u00edk,<\/p>\n<p>Prevedenie: biela, dub sonoma \/biela,\u00a0 \u010dierna\/biela<\/p>\n<p>materi\u00e1l: DTD laminovan\u00e1 (16 mm),<\/p>\n<p>rozmer (\u0160xVxH): 159&#215;38,8&#215;40 cm.<\/p>\n<p>Nosnos\u0165 60 kg.<\/p>\n<p>Dod\u00e1van\u00fd v demonte.<\/p>\n","protected":false},"excerpt":{"rendered":"<p>TV stol\u00edk, Prevedenie: biela, dub sonoma \/biela,\u00a0 \u010dierna\/biela materi\u00e1l: DTD laminovan\u00e1 (16 mm), rozmer (\u0160xVxH): 159&#215;38,8&#215;40 cm. Nosnos\u0165 60 kg. Dod\u00e1van\u00fd v demonte.<\/p>\n","protected":false},"featured_media":32351,"comment_status":"closed","ping_status":"closed","template":"","meta":{"_seopress_robots_primary_cat":"824","_seopress_titles_title":"","_seopress_titles_desc":"","_seopress_robots_index":""},"product_brand":[],"product_cat":[824],"product_tag":[],"class_list":{"0":"post-120091","1":"product","2":"type-product","3":"status-publish","4":"has-post-thumbnail","6":"product_cat-rtv-stoliky","8":"first","9":"onbackorder","10":"shipping-taxable","11":"purchasable","12":"product-type-simple"},"_links":{"self":[{"href":"https:\/\/nabytoklaguna.sk\/sk\/wp-json\/wp\/v2\/product\/120091","targetHints":{"allow":["GET"]}}],"collection":[{"href":"https:\/\/nabytoklaguna.sk\/sk\/wp-json\/wp\/v2\/product"}],"about":[{"href":"https:\/\/nabytoklaguna.sk\/sk\/wp-json\/wp\/v2\/types\/product"}],"replies":[{"embeddable":true,"href":"https:\/\/nabytoklaguna.sk\/sk\/wp-json\/wp\/v2\/comments?post=120091"}],"wp:featuredmedia":[{"embeddable":true,"href":"https:\/\/nabytoklaguna.sk\/sk\/wp-json\/wp\/v2\/media\/32351"}],"wp:attachment":[{"href":"https:\/\/nabytoklaguna.sk\/sk\/wp-json\/wp\/v2\/media?parent=120091"}],"wp:term":[{"taxonomy":"product_brand","embeddable":true,"href":"https:\/\/nabytoklaguna.sk\/sk\/wp-json\/wp\/v2\/product_brand?post=120091"},{"taxonomy":"product_cat","embeddable":true,"href":"https:\/\/nabytoklaguna.sk\/sk\/wp-json\/wp\/v2\/product_cat?post=120091"},{"taxonomy":"product_tag","embeddable":true,"href":"https:\/\/nabytoklaguna.sk\/sk\/wp-json\/wp\/v2\/product_tag?post=120091"}],"curies":[{"name":"wp","href":"https:\/\/api.w.org\/{rel}","templated":true}]}}