{"id":120093,"date":"2023-04-22T20:12:00","date_gmt":"2023-04-22T20:12:00","guid":{"rendered":"https:\/\/nabytoklaguna.sk\/sk\/?post_type=product&#038;p=120093"},"modified":"2025-10-28T12:59:55","modified_gmt":"2025-10-28T11:59:55","slug":"k-tc3-973m","status":"publish","type":"product","link":"https:\/\/nabytoklaguna.sk\/sk\/produkt\/k-tc3-973m\/","title":{"rendered":"K TC3-973M"},"content":{"rendered":"<p>Kancel\u00e1rske kreslo TC3-973M\u00a0 \u00a0Opierky na ruky s\u00fa plastov\u00e9<\/p>\n<p>Materi\u00e1l: \u010dierna\u00a0 ekoko\u017ea \/ sie\u0165ovina \/ chr\u00f3m \/ plast<\/p>\n<ul>\n<li>Rozmery (\u0160xHxV): 58&#215;57,5&#215;107-117 cm<\/li>\n<li>Nastavite\u013en\u00e1 v\u00fd\u0161ka sedu V\u00fd\u0161ka sedu: 45-55 cm<\/li>\n<li>H\u013abka sedu: 48 cm \u0160\u00edrka sedu: 49 cm<\/li>\n<li>\u0160\u00edrka chrbtovej opierky: 47 cm<\/li>\n<li>V\u00fd\u0161ka chrbtovej opierky: 69 cm<\/li>\n<li>Nosnos\u0165: 100 kg<\/li>\n<\/ul>\n<p>Dod\u00e1van\u00e9 v demonte.<\/p>\n","protected":false},"excerpt":{"rendered":"<p>Kancel\u00e1rske kreslo TC3-973M\u00a0 \u00a0Opierky na ruky s\u00fa plastov\u00e9 Materi\u00e1l: \u010dierna\u00a0 ekoko\u017ea \/ sie\u0165ovina \/ chr\u00f3m \/ plast Rozmery (\u0160xHxV): 58&#215;57,5&#215;107-117 cm Nastavite\u013en\u00e1 v\u00fd\u0161ka sedu V\u00fd\u0161ka sedu: 45-55 cm H\u013abka sedu: 48 cm \u0160\u00edrka sedu: 49 cm \u0160\u00edrka chrbtovej opierky: 47 cm V\u00fd\u0161ka chrbtovej opierky: 69 cm Nosnos\u0165: 100 kg Dod\u00e1van\u00e9 v demonte.<\/p>\n","protected":false},"featured_media":124853,"comment_status":"closed","ping_status":"closed","template":"","meta":{"_seopress_robots_primary_cat":"242","_seopress_titles_title":"","_seopress_titles_desc":"","_seopress_robots_index":""},"product_brand":[],"product_cat":[242],"product_tag":[],"class_list":{"0":"post-120093","1":"product","2":"type-product","3":"status-publish","4":"has-post-thumbnail","6":"product_cat-kancelarske-stolicky","7":"pa_farba-cervena","8":"pa_farba-cierna","9":"pa_farba-modra","11":"first","12":"onbackorder","13":"shipping-taxable","14":"purchasable","15":"product-type-simple"},"_links":{"self":[{"href":"https:\/\/nabytoklaguna.sk\/sk\/wp-json\/wp\/v2\/product\/120093","targetHints":{"allow":["GET"]}}],"collection":[{"href":"https:\/\/nabytoklaguna.sk\/sk\/wp-json\/wp\/v2\/product"}],"about":[{"href":"https:\/\/nabytoklaguna.sk\/sk\/wp-json\/wp\/v2\/types\/product"}],"replies":[{"embeddable":true,"href":"https:\/\/nabytoklaguna.sk\/sk\/wp-json\/wp\/v2\/comments?post=120093"}],"wp:featuredmedia":[{"embeddable":true,"href":"https:\/\/nabytoklaguna.sk\/sk\/wp-json\/wp\/v2\/media\/124853"}],"wp:attachment":[{"href":"https:\/\/nabytoklaguna.sk\/sk\/wp-json\/wp\/v2\/media?parent=120093"}],"wp:term":[{"taxonomy":"product_brand","embeddable":true,"href":"https:\/\/nabytoklaguna.sk\/sk\/wp-json\/wp\/v2\/product_brand?post=120093"},{"taxonomy":"product_cat","embeddable":true,"href":"https:\/\/nabytoklaguna.sk\/sk\/wp-json\/wp\/v2\/product_cat?post=120093"},{"taxonomy":"product_tag","embeddable":true,"href":"https:\/\/nabytoklaguna.sk\/sk\/wp-json\/wp\/v2\/product_tag?post=120093"}],"curies":[{"name":"wp","href":"https:\/\/api.w.org\/{rel}","templated":true}]}}