{"id":120096,"date":"2023-04-22T20:12:00","date_gmt":"2023-04-22T20:12:00","guid":{"rendered":"https:\/\/nabytoklaguna.sk\/sk\/?post_type=product&#038;p=120096"},"modified":"2025-06-09T11:15:26","modified_gmt":"2025-06-09T09:15:26","slug":"gabriela-komoda","status":"publish","type":"product","link":"https:\/\/nabytoklaguna.sk\/sk\/produkt\/gabriela-komoda\/","title":{"rendered":"K Gabriela komoda"},"content":{"rendered":"<p>T\u00e1to priestrann\u00e1 komoda\u00a0ide\u00e1lne dopln\u00ed priestor modernej sp\u00e1lne. Je to dvojdverov\u00e1 komoda s troma z\u00e1suvkami a jednou policou na odkladanie pr\u00edru\u010dn\u00fdch vec\u00ed.<\/p>\n<p>Farebn\u00e9 a materi\u00e1lov\u00e9 prevedenie:\u00a0<b>kvalitn\u00e1 laminovan\u00e1 drevotrieska<\/b>\u00a0v modernom preveden\u00ed dub sonoma\/biela.<\/p>\n<p>Rozmery komody (\u0160xVxH): 120x80x38 cm.<\/p>\n","protected":false},"excerpt":{"rendered":"<p>T\u00e1to priestrann\u00e1 komoda\u00a0ide\u00e1lne dopln\u00ed priestor modernej sp\u00e1lne. Je to dvojdverov\u00e1 komoda s troma z\u00e1suvkami a jednou policou na odkladanie pr\u00edru\u010dn\u00fdch vec\u00ed. Farebn\u00e9 a materi\u00e1lov\u00e9 prevedenie:\u00a0kvalitn\u00e1 laminovan\u00e1 drevotrieska\u00a0v modernom preveden\u00ed dub sonoma\/biela. Rozmery komody (\u0160xVxH): 120x80x38 cm.<\/p>\n","protected":false},"featured_media":33463,"comment_status":"closed","ping_status":"closed","template":"","meta":{"_seopress_robots_primary_cat":"2122","_seopress_titles_title":"","_seopress_titles_desc":"","_seopress_robots_index":""},"product_brand":[],"product_cat":[2122,222],"product_tag":[],"class_list":{"0":"post-120096","1":"product","2":"type-product","3":"status-publish","4":"has-post-thumbnail","6":"product_cat-spalnove-komody","7":"product_cat-komody","9":"first","10":"onbackorder","11":"shipping-taxable","12":"purchasable","13":"product-type-simple"},"_links":{"self":[{"href":"https:\/\/nabytoklaguna.sk\/sk\/wp-json\/wp\/v2\/product\/120096","targetHints":{"allow":["GET"]}}],"collection":[{"href":"https:\/\/nabytoklaguna.sk\/sk\/wp-json\/wp\/v2\/product"}],"about":[{"href":"https:\/\/nabytoklaguna.sk\/sk\/wp-json\/wp\/v2\/types\/product"}],"replies":[{"embeddable":true,"href":"https:\/\/nabytoklaguna.sk\/sk\/wp-json\/wp\/v2\/comments?post=120096"}],"wp:featuredmedia":[{"embeddable":true,"href":"https:\/\/nabytoklaguna.sk\/sk\/wp-json\/wp\/v2\/media\/33463"}],"wp:attachment":[{"href":"https:\/\/nabytoklaguna.sk\/sk\/wp-json\/wp\/v2\/media?parent=120096"}],"wp:term":[{"taxonomy":"product_brand","embeddable":true,"href":"https:\/\/nabytoklaguna.sk\/sk\/wp-json\/wp\/v2\/product_brand?post=120096"},{"taxonomy":"product_cat","embeddable":true,"href":"https:\/\/nabytoklaguna.sk\/sk\/wp-json\/wp\/v2\/product_cat?post=120096"},{"taxonomy":"product_tag","embeddable":true,"href":"https:\/\/nabytoklaguna.sk\/sk\/wp-json\/wp\/v2\/product_tag?post=120096"}],"curies":[{"name":"wp","href":"https:\/\/api.w.org\/{rel}","templated":true}]}}