{"id":120097,"date":"2023-04-22T20:12:00","date_gmt":"2023-04-22T20:12:00","guid":{"rendered":"https:\/\/nabytoklaguna.sk\/sk\/?post_type=product&#038;p=120097"},"modified":"2025-10-28T13:32:07","modified_gmt":"2025-10-28T12:32:07","slug":"k-hevyr","status":"publish","type":"product","link":"https:\/\/nabytoklaguna.sk\/sk\/produkt\/k-hevyr\/","title":{"rendered":"K HEVYR"},"content":{"rendered":"<p>Kancel\u00e1rske kreslo <b>HEVYR<\/b>. Dizajn a premyslen\u00e9 <b>detaily<\/b> sa vyn\u00edmaj\u00fa na <b>ekoko\u017ei i lak\u0165ov\u00fdch opierk\u00e1ch<\/b>. \u010eal\u0161ie plusy, ktor\u00fdmi toto kreslo disponuje, s\u00fa <b>v\u00fd\u0161kovo nastavite\u013en\u00fd mechanizmus<\/b>, <b>nastavenie sklonu<\/b> alebo <b>kolieska<\/b>, ktor\u00e9 u\u013eah\u010duj\u00fa manipul\u00e1ciu i pohyb. V\u010faka jednoduchosti a univerz\u00e1lnosti farebn\u00e9ho prevedenia dok\u00e1\u017eete kreslo umiestni\u0165 kdeko\u013evek. A univerz\u00e1lnos\u0165 nespo\u010d\u00edva iba vo farbe, ale aj v nosnosti, ktor\u00e1 dosahuje hodnotu <b>a\u017e 150 kg<\/b>.<\/p>\n<ul>\n<li><b>Materi\u00e1l:<\/b> ekoko\u017ea\/plast<\/li>\n<li><b>Farba:<\/b> \u010dierna<\/li>\n<li><b>Rozmery (\u0160xHxV):<\/b> 66x70x118-128 cm<\/li>\n<li><b>Nastavite\u013en\u00e1 v\u00fd\u0161ka sedu :<\/b> 47-57 cm<\/li>\n<li><b>Maxim\u00e1lna nosnos\u0165:<\/b> 150 kg<\/li>\n<\/ul>\n","protected":false},"excerpt":{"rendered":"<p>Kancel\u00e1rske kreslo HEVYR. Dizajn a premyslen\u00e9 detaily sa vyn\u00edmaj\u00fa na ekoko\u017ei i lak\u0165ov\u00fdch opierk\u00e1ch. \u010eal\u0161ie plusy, ktor\u00fdmi toto kreslo disponuje, s\u00fa v\u00fd\u0161kovo nastavite\u013en\u00fd mechanizmus, nastavenie sklonu alebo kolieska, ktor\u00e9 u\u013eah\u010duj\u00fa manipul\u00e1ciu i pohyb. V\u010faka jednoduchosti a univerz\u00e1lnosti farebn\u00e9ho prevedenia dok\u00e1\u017eete kreslo umiestni\u0165 kdeko\u013evek. A univerz\u00e1lnos\u0165 nespo\u010d\u00edva iba vo farbe, ale aj v nosnosti, ktor\u00e1 dosahuje&#8230;<\/p>\n","protected":false},"featured_media":33465,"comment_status":"closed","ping_status":"closed","template":"","meta":{"_seopress_robots_primary_cat":"242","_seopress_titles_title":"","_seopress_titles_desc":"","_seopress_robots_index":""},"product_brand":[],"product_cat":[242],"product_tag":[],"class_list":{"0":"post-120097","1":"product","2":"type-product","3":"status-publish","4":"has-post-thumbnail","6":"product_cat-kancelarske-stolicky","8":"first","9":"onbackorder","10":"shipping-taxable","11":"purchasable","12":"product-type-simple"},"_links":{"self":[{"href":"https:\/\/nabytoklaguna.sk\/sk\/wp-json\/wp\/v2\/product\/120097","targetHints":{"allow":["GET"]}}],"collection":[{"href":"https:\/\/nabytoklaguna.sk\/sk\/wp-json\/wp\/v2\/product"}],"about":[{"href":"https:\/\/nabytoklaguna.sk\/sk\/wp-json\/wp\/v2\/types\/product"}],"replies":[{"embeddable":true,"href":"https:\/\/nabytoklaguna.sk\/sk\/wp-json\/wp\/v2\/comments?post=120097"}],"wp:featuredmedia":[{"embeddable":true,"href":"https:\/\/nabytoklaguna.sk\/sk\/wp-json\/wp\/v2\/media\/33465"}],"wp:attachment":[{"href":"https:\/\/nabytoklaguna.sk\/sk\/wp-json\/wp\/v2\/media?parent=120097"}],"wp:term":[{"taxonomy":"product_brand","embeddable":true,"href":"https:\/\/nabytoklaguna.sk\/sk\/wp-json\/wp\/v2\/product_brand?post=120097"},{"taxonomy":"product_cat","embeddable":true,"href":"https:\/\/nabytoklaguna.sk\/sk\/wp-json\/wp\/v2\/product_cat?post=120097"},{"taxonomy":"product_tag","embeddable":true,"href":"https:\/\/nabytoklaguna.sk\/sk\/wp-json\/wp\/v2\/product_tag?post=120097"}],"curies":[{"name":"wp","href":"https:\/\/api.w.org\/{rel}","templated":true}]}}