{"id":120098,"date":"2023-04-22T20:12:00","date_gmt":"2023-04-22T20:12:00","guid":{"rendered":"https:\/\/nabytoklaguna.sk\/sk\/?post_type=product&#038;p=120098"},"modified":"2025-10-29T09:20:58","modified_gmt":"2025-10-29T08:20:58","slug":"k-kolo","status":"publish","type":"product","link":"https:\/\/nabytoklaguna.sk\/sk\/produkt\/k-kolo\/","title":{"rendered":"K KOLO"},"content":{"rendered":"<p>Kancel\u00e1rske kreslo KOLO pon\u00faka <b>\u0161irok\u00e9 spektrum funkci\u00ed<\/b>, tak\u017ee hravo spln\u00ed va\u0161e n\u00e1roky. <b>Nastaven\u00edm v\u00fd\u0161ky \u010di sklonu<\/b> sedadla dosiahnete maxim\u00e1lne pohodln\u00e9 sedenie. Ocen\u00edte tie\u017e funk\u010dn\u00e9 <b>opierky r\u00fak a kolieska<\/b>. \u010cal\u00fanenie <b>ekoko\u017ea v kombin\u00e1cii bielej a hnedej<\/b> farby.<\/p>\n<ul>\n<li><b>Materi\u00e1l:<\/b> ekoko\u017ea\/plast<\/li>\n<li><b>Farba:<\/b> hned\u00e1\/biela<\/li>\n<li><b>Rozmery (\u0160xHxV):<\/b> 66x77x112-120 cm<\/li>\n<li><b>Nastavite\u013en\u00e1 v\u00fd\u0161ka sedu :<\/b> 48-56,5 cm<\/li>\n<li><b>H\u013abka sedu:<\/b> 50 cm<\/li>\n<li><b>Maxim\u00e1lna nosnos\u0165:<\/b> 110 kg<\/li>\n<\/ul>\n","protected":false},"excerpt":{"rendered":"<p>Kancel\u00e1rske kreslo KOLO pon\u00faka \u0161irok\u00e9 spektrum funkci\u00ed, tak\u017ee hravo spln\u00ed va\u0161e n\u00e1roky. Nastaven\u00edm v\u00fd\u0161ky \u010di sklonu sedadla dosiahnete maxim\u00e1lne pohodln\u00e9 sedenie. Ocen\u00edte tie\u017e funk\u010dn\u00e9 opierky r\u00fak a kolieska. \u010cal\u00fanenie ekoko\u017ea v kombin\u00e1cii bielej a hnedej farby. Materi\u00e1l: ekoko\u017ea\/plast Farba: hned\u00e1\/biela Rozmery (\u0160xHxV): 66x77x112-120 cm Nastavite\u013en\u00e1 v\u00fd\u0161ka sedu : 48-56,5 cm H\u013abka sedu: 50 cm Maxim\u00e1lna&#8230;<\/p>\n","protected":false},"featured_media":33468,"comment_status":"closed","ping_status":"closed","template":"","meta":{"_seopress_robots_primary_cat":"242","_seopress_titles_title":"","_seopress_titles_desc":"","_seopress_robots_index":""},"product_brand":[],"product_cat":[242],"product_tag":[],"class_list":{"0":"post-120098","1":"product","2":"type-product","3":"status-publish","4":"has-post-thumbnail","6":"product_cat-kancelarske-stolicky","8":"first","9":"onbackorder","10":"shipping-taxable","11":"purchasable","12":"product-type-simple"},"_links":{"self":[{"href":"https:\/\/nabytoklaguna.sk\/sk\/wp-json\/wp\/v2\/product\/120098","targetHints":{"allow":["GET"]}}],"collection":[{"href":"https:\/\/nabytoklaguna.sk\/sk\/wp-json\/wp\/v2\/product"}],"about":[{"href":"https:\/\/nabytoklaguna.sk\/sk\/wp-json\/wp\/v2\/types\/product"}],"replies":[{"embeddable":true,"href":"https:\/\/nabytoklaguna.sk\/sk\/wp-json\/wp\/v2\/comments?post=120098"}],"wp:featuredmedia":[{"embeddable":true,"href":"https:\/\/nabytoklaguna.sk\/sk\/wp-json\/wp\/v2\/media\/33468"}],"wp:attachment":[{"href":"https:\/\/nabytoklaguna.sk\/sk\/wp-json\/wp\/v2\/media?parent=120098"}],"wp:term":[{"taxonomy":"product_brand","embeddable":true,"href":"https:\/\/nabytoklaguna.sk\/sk\/wp-json\/wp\/v2\/product_brand?post=120098"},{"taxonomy":"product_cat","embeddable":true,"href":"https:\/\/nabytoklaguna.sk\/sk\/wp-json\/wp\/v2\/product_cat?post=120098"},{"taxonomy":"product_tag","embeddable":true,"href":"https:\/\/nabytoklaguna.sk\/sk\/wp-json\/wp\/v2\/product_tag?post=120098"}],"curies":[{"name":"wp","href":"https:\/\/api.w.org\/{rel}","templated":true}]}}