{"id":120102,"date":"2023-04-22T20:12:00","date_gmt":"2023-04-22T20:12:00","guid":{"rendered":"https:\/\/nabytoklaguna.sk\/sk\/?post_type=product&#038;p=120102"},"modified":"2025-10-29T10:48:36","modified_gmt":"2025-10-29T09:48:36","slug":"k-tyler","status":"publish","type":"product","link":"https:\/\/nabytoklaguna.sk\/sk\/produkt\/k-tyler\/","title":{"rendered":"K TYLER"},"content":{"rendered":"<p>Ste unaven\u00ed po celom dni v kancel\u00e1ri\u00ed? Predstavte si, \u017ee nemus\u00edte nikam chodi\u0165, sta\u010d\u00ed sa oprie\u0165 a dopria\u0165 si zasl\u00fa\u017een\u00fa relax\u00e1ciu. \u017de to nie je mo\u017en\u00e9? S na\u0161\u00edm kancel\u00e1rskym kreslom <b>TYLER UT-C2652M<\/b> s mo\u017enos\u0165ou <b>mas\u00e1\u017ee<\/b> a <b>vyhrievania v oblasti p\u00e1sa<\/b> sa t\u00e1to pr\u00edjemn\u00e1 predstava st\u00e1va skuto\u010dnos\u0165ou. <b>Osem vibra\u010dn\u00fdch motor\u010dekov, p\u00e4\u0165 mas\u00e1\u017enych funkci\u00ed, nastavite\u013en\u00e1 intenzita, \u0161tyri mas\u00e1\u017ene z\u00f3ny (chrb\u00e1t, kr\u00ed\u017ee, stehn\u00e1 a nohy) a \u0161tandardn\u00fd \u010dasova\u010d<\/b> v\u00e1m poskytn\u00fa celodenn\u00fa pohodu pri pr\u00e1ci. Mas\u00e1\u017e aj vyhrievanie si viete nastavi\u0165 v <b>\u010dasovom rozp\u00e4t\u00ed 15-60 min\u00fat<\/b>. Kreslo je <b>ergonomicky tvarovan\u00e9<\/b> a potiahnut\u00e9 <b>kvalitnou \u010diernou ekoko\u017eou<\/b>. P\u00e4\u0165c\u00edpa <b>ru\u017eica je plastov\u00e1<\/b>, <b>plastov\u00e9 s\u00fa aj opierky na ruky<\/b>, ktor\u00e9 s\u00fa zjemnen\u00e9 <b>\u010dal\u00fanen\u00edm z ekoko\u017ee<\/b>. Maxim\u00e1lna odpor\u00fa\u010dan\u00e1 nosnos\u0165 kresla je <b>110 kg<\/b>.<\/p>\n<ul>\n<li><b>Materi\u00e1l:<\/b> ekoko\u017ea\/plast<\/li>\n<li><b>Farba:<\/b> \u010dierna<\/li>\n<li><b>Rozmery (\u0160xHxV): <\/b>64x70x113-123 cm<\/li>\n<li><b>V\u00fd\u0161ka sedu:<\/b> 45-55 cm<\/li>\n<li><b>H\u013abka sedu:<\/b> 51 cm<\/li>\n<li><b>Nosnos\u0165: <\/b> 110 kg<\/li>\n<li>Plastov\u00e1 spodn\u00e1 ru\u017eica aj opierky na ruky<\/li>\n<li>Opierky na ruky \u010dal\u00fanen\u00e9 ekoko\u017eou<\/li>\n<li>Funkcia mas\u00e1\u017ee<\/li>\n<li>Vyhrievanie v oblasti p\u00e1sa<\/li>\n<li>8 vibra\u010dn\u00fdch motor\u010dekov<\/li>\n<li>5 mas\u00e1\u017enych funkci\u00ed<\/li>\n<li>Nastavenie intenzity<\/li>\n<li>4 mas\u00e1\u017ene z\u00f3ny<\/li>\n<li>\u010casova\u010d<\/li>\n<li>Dod\u00e1van\u00e9 v demonte<\/li>\n<\/ul>\n","protected":false},"excerpt":{"rendered":"<p>Ste unaven\u00ed po celom dni v kancel\u00e1ri\u00ed? Predstavte si, \u017ee nemus\u00edte nikam chodi\u0165, sta\u010d\u00ed sa oprie\u0165 a dopria\u0165 si zasl\u00fa\u017een\u00fa relax\u00e1ciu. \u017de to nie je mo\u017en\u00e9? S na\u0161\u00edm kancel\u00e1rskym kreslom TYLER UT-C2652M s mo\u017enos\u0165ou mas\u00e1\u017ee a vyhrievania v oblasti p\u00e1sa sa t\u00e1to pr\u00edjemn\u00e1 predstava st\u00e1va skuto\u010dnos\u0165ou. Osem vibra\u010dn\u00fdch motor\u010dekov, p\u00e4\u0165 mas\u00e1\u017enych funkci\u00ed, nastavite\u013en\u00e1 intenzita, \u0161tyri&#8230;<\/p>\n","protected":false},"featured_media":33503,"comment_status":"closed","ping_status":"closed","template":"","meta":{"_seopress_robots_primary_cat":"242","_seopress_titles_title":"","_seopress_titles_desc":"","_seopress_robots_index":""},"product_brand":[],"product_cat":[242],"product_tag":[],"class_list":{"0":"post-120102","1":"product","2":"type-product","3":"status-publish","4":"has-post-thumbnail","6":"product_cat-kancelarske-stolicky","8":"first","9":"onbackorder","10":"shipping-taxable","11":"purchasable","12":"product-type-simple"},"_links":{"self":[{"href":"https:\/\/nabytoklaguna.sk\/sk\/wp-json\/wp\/v2\/product\/120102","targetHints":{"allow":["GET"]}}],"collection":[{"href":"https:\/\/nabytoklaguna.sk\/sk\/wp-json\/wp\/v2\/product"}],"about":[{"href":"https:\/\/nabytoklaguna.sk\/sk\/wp-json\/wp\/v2\/types\/product"}],"replies":[{"embeddable":true,"href":"https:\/\/nabytoklaguna.sk\/sk\/wp-json\/wp\/v2\/comments?post=120102"}],"wp:featuredmedia":[{"embeddable":true,"href":"https:\/\/nabytoklaguna.sk\/sk\/wp-json\/wp\/v2\/media\/33503"}],"wp:attachment":[{"href":"https:\/\/nabytoklaguna.sk\/sk\/wp-json\/wp\/v2\/media?parent=120102"}],"wp:term":[{"taxonomy":"product_brand","embeddable":true,"href":"https:\/\/nabytoklaguna.sk\/sk\/wp-json\/wp\/v2\/product_brand?post=120102"},{"taxonomy":"product_cat","embeddable":true,"href":"https:\/\/nabytoklaguna.sk\/sk\/wp-json\/wp\/v2\/product_cat?post=120102"},{"taxonomy":"product_tag","embeddable":true,"href":"https:\/\/nabytoklaguna.sk\/sk\/wp-json\/wp\/v2\/product_tag?post=120102"}],"curies":[{"name":"wp","href":"https:\/\/api.w.org\/{rel}","templated":true}]}}