{"id":120127,"date":"2023-04-22T20:12:00","date_gmt":"2023-04-22T20:12:00","guid":{"rendered":"https:\/\/nabytoklaguna.sk\/sk\/?post_type=product&#038;p=120127"},"modified":"2024-03-21T23:01:39","modified_gmt":"2024-03-21T22:01:39","slug":"aut-80609-07","status":"publish","type":"product","link":"https:\/\/nabytoklaguna.sk\/sk\/produkt\/aut-80609-07\/","title":{"rendered":"AUT 80609-07"},"content":{"rendered":"<p>Praktick\u00fd ve\u0161iak vyroben\u00fd z kovu v preveden\u00ed brusen\u00fd nikel s kruhov\u00fdm podstavcom.\u00a0Ve\u0161iak m\u00e1 8 h\u00e1\u010dikov rozmiestnen\u00fdch po celom obvode ve\u0161iaku<strong><br \/>\n<\/strong><\/p>\n<p>ROZMER<\/p>\n<p>\u0160\u00edrka: 30 cm<\/p>\n<p>H\u013abka: 30 cm<\/p>\n<p>V\u00fd\u0161ka: 175 cm<\/p>\n<p>&nbsp;<\/p>\n","protected":false},"excerpt":{"rendered":"<p>Praktick\u00fd ve\u0161iak vyroben\u00fd z kovu v preveden\u00ed brusen\u00fd nikel s kruhov\u00fdm podstavcom.\u00a0Ve\u0161iak m\u00e1 8 h\u00e1\u010dikov rozmiestnen\u00fdch po celom obvode ve\u0161iaku ROZMER \u0160\u00edrka: 30 cm H\u013abka: 30 cm V\u00fd\u0161ka: 175 cm &nbsp;<\/p>\n","protected":false},"featured_media":17476,"comment_status":"closed","ping_status":"closed","template":"","meta":{"_seopress_robots_primary_cat":"1264","_seopress_titles_title":"","_seopress_titles_desc":"","_seopress_robots_index":""},"product_brand":[],"product_cat":[1264],"product_tag":[],"class_list":{"0":"post-120127","1":"product","2":"type-product","3":"status-publish","4":"has-post-thumbnail","6":"product_cat-vesiaky","8":"first","9":"onbackorder","10":"shipping-taxable","11":"purchasable","12":"product-type-simple"},"_links":{"self":[{"href":"https:\/\/nabytoklaguna.sk\/sk\/wp-json\/wp\/v2\/product\/120127","targetHints":{"allow":["GET"]}}],"collection":[{"href":"https:\/\/nabytoklaguna.sk\/sk\/wp-json\/wp\/v2\/product"}],"about":[{"href":"https:\/\/nabytoklaguna.sk\/sk\/wp-json\/wp\/v2\/types\/product"}],"replies":[{"embeddable":true,"href":"https:\/\/nabytoklaguna.sk\/sk\/wp-json\/wp\/v2\/comments?post=120127"}],"wp:featuredmedia":[{"embeddable":true,"href":"https:\/\/nabytoklaguna.sk\/sk\/wp-json\/wp\/v2\/media\/17476"}],"wp:attachment":[{"href":"https:\/\/nabytoklaguna.sk\/sk\/wp-json\/wp\/v2\/media?parent=120127"}],"wp:term":[{"taxonomy":"product_brand","embeddable":true,"href":"https:\/\/nabytoklaguna.sk\/sk\/wp-json\/wp\/v2\/product_brand?post=120127"},{"taxonomy":"product_cat","embeddable":true,"href":"https:\/\/nabytoklaguna.sk\/sk\/wp-json\/wp\/v2\/product_cat?post=120127"},{"taxonomy":"product_tag","embeddable":true,"href":"https:\/\/nabytoklaguna.sk\/sk\/wp-json\/wp\/v2\/product_tag?post=120127"}],"curies":[{"name":"wp","href":"https:\/\/api.w.org\/{rel}","templated":true}]}}