{"id":120128,"date":"2023-04-22T20:12:00","date_gmt":"2023-04-22T20:12:00","guid":{"rendered":"https:\/\/nabytoklaguna.sk\/sk\/?post_type=product&#038;p=120128"},"modified":"2025-06-12T01:00:24","modified_gmt":"2025-06-11T23:00:24","slug":"aut-f-2059","status":"publish","type":"product","link":"https:\/\/nabytoklaguna.sk\/sk\/produkt\/aut-f-2059\/","title":{"rendered":"AUT F-2059"},"content":{"rendered":"<p>Praktick\u00fd stojanov\u00fd dreven\u00fd ve\u0161iak. Na v\u00fdber farebn\u00e9 prevedenia<strong><br \/>\n<\/strong><\/p>\n<p><strong>Parametre v\u00fdrobku<\/strong><\/p>\n<table border=\"0\" cellspacing=\"5\" cellpadding=\"1\">\n<tbody>\n<tr>\n<td><strong>Typ v\u00fdrobku<\/strong><\/td>\n<td>F-2059<\/td>\n<\/tr>\n<tr>\n<td><strong>Materi\u00e1l<\/strong><\/td>\n<td>Drevo &#8211; topo\u013e a breza<\/td>\n<\/tr>\n<tr>\n<td><strong>Farebn\u00e9 prevedenie korpusu<\/strong><\/td>\n<td>biela,pr\u00edrodn\u00e1,hned\u00e1<\/td>\n<\/tr>\n<tr>\n<td><strong>Rozmery<br \/>\n<\/strong><\/td>\n<td>52x52x186<\/td>\n<\/tr>\n<tr>\n<td><strong>Balenie<\/strong><\/td>\n<td>demont<\/td>\n<\/tr>\n<tr>\n<td><strong>Z\u00e1ruka<\/strong><\/td>\n<td>2 roky<\/td>\n<\/tr>\n<\/tbody>\n<\/table>\n<p>&nbsp;<\/p>\n","protected":false},"excerpt":{"rendered":"<p>Praktick\u00fd stojanov\u00fd dreven\u00fd ve\u0161iak. Na v\u00fdber farebn\u00e9 prevedenia Parametre v\u00fdrobku Typ v\u00fdrobku F-2059 Materi\u00e1l Drevo &#8211; topo\u013e a breza Farebn\u00e9 prevedenie korpusu biela,pr\u00edrodn\u00e1,hned\u00e1 Rozmery 52x52x186 Balenie demont Z\u00e1ruka 2 roky &nbsp;<\/p>\n","protected":false},"featured_media":100578,"comment_status":"closed","ping_status":"closed","template":"","meta":{"_seopress_robots_primary_cat":"1264","_seopress_titles_title":"","_seopress_titles_desc":"","_seopress_robots_index":""},"product_brand":[],"product_cat":[1264],"product_tag":[],"class_list":{"0":"post-120128","1":"product","2":"type-product","3":"status-publish","4":"has-post-thumbnail","6":"product_cat-vesiaky","8":"first","9":"onbackorder","10":"shipping-taxable","11":"purchasable","12":"product-type-simple"},"_links":{"self":[{"href":"https:\/\/nabytoklaguna.sk\/sk\/wp-json\/wp\/v2\/product\/120128","targetHints":{"allow":["GET"]}}],"collection":[{"href":"https:\/\/nabytoklaguna.sk\/sk\/wp-json\/wp\/v2\/product"}],"about":[{"href":"https:\/\/nabytoklaguna.sk\/sk\/wp-json\/wp\/v2\/types\/product"}],"replies":[{"embeddable":true,"href":"https:\/\/nabytoklaguna.sk\/sk\/wp-json\/wp\/v2\/comments?post=120128"}],"wp:featuredmedia":[{"embeddable":true,"href":"https:\/\/nabytoklaguna.sk\/sk\/wp-json\/wp\/v2\/media\/100578"}],"wp:attachment":[{"href":"https:\/\/nabytoklaguna.sk\/sk\/wp-json\/wp\/v2\/media?parent=120128"}],"wp:term":[{"taxonomy":"product_brand","embeddable":true,"href":"https:\/\/nabytoklaguna.sk\/sk\/wp-json\/wp\/v2\/product_brand?post=120128"},{"taxonomy":"product_cat","embeddable":true,"href":"https:\/\/nabytoklaguna.sk\/sk\/wp-json\/wp\/v2\/product_cat?post=120128"},{"taxonomy":"product_tag","embeddable":true,"href":"https:\/\/nabytoklaguna.sk\/sk\/wp-json\/wp\/v2\/product_tag?post=120128"}],"curies":[{"name":"wp","href":"https:\/\/api.w.org\/{rel}","templated":true}]}}