{"id":120130,"date":"2023-04-22T20:12:00","date_gmt":"2023-04-22T20:12:00","guid":{"rendered":"https:\/\/nabytoklaguna.sk\/sk\/?post_type=product&#038;p=120130"},"modified":"2025-09-02T16:44:22","modified_gmt":"2025-09-02T14:44:22","slug":"k-lusia-2","status":"publish","type":"product","link":"https:\/\/nabytoklaguna.sk\/sk\/produkt\/k-lusia-2\/","title":{"rendered":"K LUSIA"},"content":{"rendered":"<p>Elegantn\u00e1 lavica s botn\u00edkom, vhodn\u00e1 do ktorejko\u013evek predsiene.Kvalitn\u00fd materi\u00e1l MDF+kov. Nosnos\u0165 do 100 kg<\/p>\n<p>Rozmer\/\u0160xHxV\/:80x30x47cm<\/p>\n<p><strong>Parametre v\u00fdrobku<\/strong><\/p>\n<table border=\"0\" cellspacing=\"5\" cellpadding=\"1\">\n<tbody>\n<tr>\n<td><strong>Typ v\u00fdrobku<\/strong><\/td>\n<td>Lavica s botn\u00edkom<\/td>\n<\/tr>\n<tr>\n<td><strong>Materi\u00e1l<\/strong><\/td>\n<td>MDF+kov<\/td>\n<\/tr>\n<tr>\n<td><strong>Farebn\u00e9 prevedenie korpusu<\/strong><\/td>\n<td>dub sonoma<\/td>\n<\/tr>\n<tr>\n<td><strong>Rozmery<br \/>\n<\/strong><\/td>\n<td>80x30x47<\/td>\n<\/tr>\n<tr>\n<td><strong>Balenie<\/strong><\/td>\n<td>demont<\/td>\n<\/tr>\n<tr>\n<td><strong>Z\u00e1ruka<\/strong><\/td>\n<td>2 roky<\/td>\n<\/tr>\n<\/tbody>\n<\/table>\n","protected":false},"excerpt":{"rendered":"<p>Elegantn\u00e1 lavica s botn\u00edkom, vhodn\u00e1 do ktorejko\u013evek predsiene.Kvalitn\u00fd materi\u00e1l MDF+kov. Nosnos\u0165 do 100 kg Rozmer\/\u0160xHxV\/:80x30x47cm Parametre v\u00fdrobku Typ v\u00fdrobku Lavica s botn\u00edkom Materi\u00e1l MDF+kov Farebn\u00e9 prevedenie korpusu dub sonoma Rozmery 80x30x47 Balenie demont Z\u00e1ruka 2 roky<\/p>\n","protected":false},"featured_media":17795,"comment_status":"closed","ping_status":"closed","template":"","meta":{"_seopress_robots_primary_cat":"252","_seopress_titles_title":"","_seopress_titles_desc":"","_seopress_robots_index":""},"product_brand":[],"product_cat":[2139,252,257],"product_tag":[],"class_list":{"0":"post-120130","1":"product","2":"type-product","3":"status-publish","4":"has-post-thumbnail","6":"product_cat-predsiene-predsiene","7":"product_cat-botniky","8":"product_cat-predsiene","10":"first","11":"onbackorder","12":"shipping-taxable","13":"purchasable","14":"product-type-simple"},"_links":{"self":[{"href":"https:\/\/nabytoklaguna.sk\/sk\/wp-json\/wp\/v2\/product\/120130","targetHints":{"allow":["GET"]}}],"collection":[{"href":"https:\/\/nabytoklaguna.sk\/sk\/wp-json\/wp\/v2\/product"}],"about":[{"href":"https:\/\/nabytoklaguna.sk\/sk\/wp-json\/wp\/v2\/types\/product"}],"replies":[{"embeddable":true,"href":"https:\/\/nabytoklaguna.sk\/sk\/wp-json\/wp\/v2\/comments?post=120130"}],"wp:featuredmedia":[{"embeddable":true,"href":"https:\/\/nabytoklaguna.sk\/sk\/wp-json\/wp\/v2\/media\/17795"}],"wp:attachment":[{"href":"https:\/\/nabytoklaguna.sk\/sk\/wp-json\/wp\/v2\/media?parent=120130"}],"wp:term":[{"taxonomy":"product_brand","embeddable":true,"href":"https:\/\/nabytoklaguna.sk\/sk\/wp-json\/wp\/v2\/product_brand?post=120130"},{"taxonomy":"product_cat","embeddable":true,"href":"https:\/\/nabytoklaguna.sk\/sk\/wp-json\/wp\/v2\/product_cat?post=120130"},{"taxonomy":"product_tag","embeddable":true,"href":"https:\/\/nabytoklaguna.sk\/sk\/wp-json\/wp\/v2\/product_tag?post=120130"}],"curies":[{"name":"wp","href":"https:\/\/api.w.org\/{rel}","templated":true}]}}