{"id":120135,"date":"2023-04-22T20:12:00","date_gmt":"2023-04-22T20:12:00","guid":{"rendered":"https:\/\/nabytoklaguna.sk\/sk\/?post_type=product&#038;p=120135"},"modified":"2025-04-30T14:10:56","modified_gmt":"2025-04-30T12:10:56","slug":"stg-blade-3-trojsed","status":"publish","type":"product","link":"https:\/\/nabytoklaguna.sk\/sk\/produkt\/stg-blade-3-trojsed\/","title":{"rendered":"STG DUBAI 3-Trojsed"},"content":{"rendered":"<p>Klasick\u00e1 <strong>pevn\u00e1 &#8211; nerozkladacia<\/strong> sedacia s\u00faprava<strong> DUBAI 3 &#8211; trojsed<\/strong>\u00a0 v\u00e1m pon\u00faka dokonal\u00e9 pohodlie pri seden\u00ed v\u010faka tvaru a v\u00fd\u0161ke chrbtovej opierky.V\u00fd\u0161ka sedu je pr\u00edjemn\u00fdch 44 cm. Sedaciu s\u00fapravu je mo\u017en\u00e9 doplni\u0165 o taburetku, kreslo, dvojsed a podobne alebo si vysklada\u0165 aj vlastn\u00fa zostavu pod\u013ea va\u0161ich po\u017eiadaviek. Ve\u013ek\u00fd\u00a0v\u00fdber po\u0165ahov\u00fdch l\u00e1tok\u00a0v\u00e1m poskytuje mo\u017enos\u0165 prisp\u00f4sobi\u0165 si vzh\u013ead sedacej s\u00fapravy pod\u013ea va\u0161ich predst\u00e1v. Sedacia s\u00faprava je \u010dal\u00fanen\u00e1 aj zo zadnej \u010dasti \u010do umo\u017e\u0148uje jej umiestnenie aj do priestoru<\/p>\n<p><strong>Sedacia s\u00faprava nem\u00e1 \u00falo\u017en\u00fd priestor ani rozklad.<\/strong><\/p>\n<p>Syst\u00e9m <strong>DUBAI<\/strong> tie\u017e pon\u00faka nieko\u013eko modelov pohoviek a kresiel. Pomocou <a href=\"https:\/\/www.stagra.sk\/stagra\/Dubai-c2_9_3.htm\">dostupn\u00fdch elementov<\/a> je mo\u017en\u00e9 vysklada\u0165 r\u00f4zne verzie sedacej s\u00fapravy Dubai<\/p>\n<p><strong>VZORKOVN\u00cdK L\u00c1TOK<\/strong><\/p>\n<p><a href=\"https:\/\/nabytoklaguna.sk\/sk\/wp-content\/uploads\/2021\/02\/STG-Potahove-latky.pdf\"><img loading=\"lazy\" decoding=\"async\" class=\"alignnone wp-image-100592 size-full\" src=\"https:\/\/nabytoklaguna.sk\/sk\/wp-content\/uploads\/2021\/01\/tlacidlo-vzorkovnik-latok-2.jpg\" alt=\"tlacidlo vzorkovnik latok (2)\" width=\"100\" height=\"100\" \/>Ceny s\u00fa platn\u00e9 pre l\u00e1tky v cenovej skupine 0.<\/a><\/p>\n<h3 class=\"page-product-heading\">VLASTNOSTI<\/h3>\n<table class=\"table-data-sheet\">\n<tbody>\n<tr class=\"odd\">\n<td>H\u013abka<\/td>\n<td>90 cm<\/td>\n<\/tr>\n<tr class=\"even\">\n<td>\u0160\u00edrka<\/td>\n<td>200 cm<\/td>\n<\/tr>\n<tr class=\"odd\">\n<td>V\u00fd\u0161ka<\/td>\n<td>100 cm<\/td>\n<\/tr>\n<tr class=\"even\">\n<td>Vhodn\u00e1 miestnos\u0165<\/td>\n<td>ob\u00fdva\u010dka, spolo\u010densk\u00e1 miestnos\u0165, hotely, kaviarne<\/td>\n<\/tr>\n<tr class=\"odd\">\n<td>Typ n\u00e1bytku<\/td>\n<td>3-sed<\/td>\n<\/tr>\n<tr class=\"even\">\n<td>\u0160t\u00fdl n\u00e1bytku<\/td>\n<td>modern\u00fd<\/td>\n<\/tr>\n<tr class=\"odd\">\n<td>Z\u00e1ruka<\/td>\n<td>2 roky<\/td>\n<\/tr>\n<tr class=\"even\">\n<td>Sp\u00f4sob dodania<\/td>\n<td>demont v jednom bal\u00edkoch<\/td>\n<\/tr>\n<tr class=\"odd\">\n<td>Hmotnos\u0165<\/td>\n<td>100 kg<\/td>\n<\/tr>\n<tr class=\"even\">\n<td>\u00dalo\u017en\u00fd priestor<\/td>\n<td>nie<\/td>\n<\/tr>\n<tr class=\"odd\">\n<td>Rohov\u00e9 prevedenie<\/td>\n<td>nie<\/td>\n<\/tr>\n<tr class=\"even\">\n<td>V\u00fd\u0161ka sed\u00e1ka<\/td>\n<td>44 cm<\/td>\n<\/tr>\n<tr class=\"odd\">\n<td>V\u00fd\u0161ka zadn\u00e9ho \u010dela<\/td>\n<td>max. 101 cm<\/td>\n<\/tr>\n<tr class=\"even\">\n<td>Mo\u017enos\u0165 rozkladania<\/td>\n<td>nie<\/td>\n<\/tr>\n<tr class=\"odd\">\n<td>Plocha po rozlo\u017een\u00ed<\/td>\n<td><\/td>\n<\/tr>\n<tr class=\"even\">\n<td>Kon\u0161trukcia<\/td>\n<td>mas\u00edv<\/td>\n<\/tr>\n<tr class=\"odd\">\n<td>N\u00f4\u017eky<\/td>\n<td>kov<\/td>\n<\/tr>\n<tr class=\"even\">\n<td>Obsahuje vank\u00fa\u0161e<\/td>\n<td>nie<\/td>\n<\/tr>\n<tr class=\"odd\">\n<td>Nastavenie opierok<\/td>\n<td>nie<\/td>\n<\/tr>\n<tr class=\"even\">\n<td>V\u00fdpl\u0148 seda\u010dky<\/td>\n<td>pena+ pru\u017eina<\/td>\n<\/tr>\n<\/tbody>\n<\/table>\n<p>&nbsp;<\/p>\n<p class=\"form-row form-row-wide addon-wrap-7280-tu-napiste-nazov-potahovej-latky-0\">\n","protected":false},"excerpt":{"rendered":"<p>Klasick\u00e1 pevn\u00e1 &#8211; nerozkladacia sedacia s\u00faprava DUBAI 3 &#8211; trojsed\u00a0 v\u00e1m pon\u00faka dokonal\u00e9 pohodlie pri seden\u00ed v\u010faka tvaru a v\u00fd\u0161ke chrbtovej opierky.V\u00fd\u0161ka sedu je pr\u00edjemn\u00fdch 44 cm. Sedaciu s\u00fapravu je mo\u017en\u00e9 doplni\u0165 o taburetku, kreslo, dvojsed a podobne alebo si vysklada\u0165 aj vlastn\u00fa zostavu pod\u013ea va\u0161ich po\u017eiadaviek. Ve\u013ek\u00fd\u00a0v\u00fdber po\u0165ahov\u00fdch l\u00e1tok\u00a0v\u00e1m poskytuje mo\u017enos\u0165 prisp\u00f4sobi\u0165 si vzh\u013ead&#8230;<\/p>\n","protected":false},"featured_media":20967,"comment_status":"closed","ping_status":"closed","template":"","meta":{"_seopress_robots_primary_cat":"140","_seopress_titles_title":"","_seopress_titles_desc":"","_seopress_robots_index":""},"product_brand":[],"product_cat":[256,140],"product_tag":[],"class_list":{"0":"post-120135","1":"product","2":"type-product","3":"status-publish","4":"has-post-thumbnail","6":"product_cat-supravy-311","7":"product_cat-sedacie-supravy","9":"first","10":"onbackorder","11":"shipping-taxable","12":"purchasable","13":"product-type-simple"},"_links":{"self":[{"href":"https:\/\/nabytoklaguna.sk\/sk\/wp-json\/wp\/v2\/product\/120135","targetHints":{"allow":["GET"]}}],"collection":[{"href":"https:\/\/nabytoklaguna.sk\/sk\/wp-json\/wp\/v2\/product"}],"about":[{"href":"https:\/\/nabytoklaguna.sk\/sk\/wp-json\/wp\/v2\/types\/product"}],"replies":[{"embeddable":true,"href":"https:\/\/nabytoklaguna.sk\/sk\/wp-json\/wp\/v2\/comments?post=120135"}],"wp:featuredmedia":[{"embeddable":true,"href":"https:\/\/nabytoklaguna.sk\/sk\/wp-json\/wp\/v2\/media\/20967"}],"wp:attachment":[{"href":"https:\/\/nabytoklaguna.sk\/sk\/wp-json\/wp\/v2\/media?parent=120135"}],"wp:term":[{"taxonomy":"product_brand","embeddable":true,"href":"https:\/\/nabytoklaguna.sk\/sk\/wp-json\/wp\/v2\/product_brand?post=120135"},{"taxonomy":"product_cat","embeddable":true,"href":"https:\/\/nabytoklaguna.sk\/sk\/wp-json\/wp\/v2\/product_cat?post=120135"},{"taxonomy":"product_tag","embeddable":true,"href":"https:\/\/nabytoklaguna.sk\/sk\/wp-json\/wp\/v2\/product_tag?post=120135"}],"curies":[{"name":"wp","href":"https:\/\/api.w.org\/{rel}","templated":true}]}}