{"id":120140,"date":"2023-04-22T20:12:00","date_gmt":"2023-04-22T20:12:00","guid":{"rendered":"https:\/\/nabytoklaguna.sk\/sk\/?post_type=product&#038;p=120140"},"modified":"2025-02-24T12:54:16","modified_gmt":"2025-02-24T11:54:16","slug":"stg-blade-kreslo","status":"publish","type":"product","link":"https:\/\/nabytoklaguna.sk\/sk\/produkt\/stg-blade-kreslo\/","title":{"rendered":"STG DUBAI &#8211; Kreslo"},"content":{"rendered":"<p>Kreslo k sedacej s\u00faprave <strong>DUBAI<\/strong><\/p>\n<ul>\n<li><strong>Rozmery:<\/strong> 105 x 100 x 90<\/li>\n<\/ul>\n<p>Syst\u00e9m <strong>DUBAI<\/strong> tie\u017e pon\u00faka nieko\u013eko modelov pohoviek a kresiel. Pomocou <a href=\"https:\/\/www.stagra.sk\/stagra\/Dubai-c2_9_3.htm\">dostupn\u00fdch elementov<\/a> je mo\u017en\u00e9 vysklada\u0165 r\u00f4zne verzie sedacej s\u00fapravy<\/p>\n<p>Pri v\u00fdbere po\u0165ahov\u00fdch l\u00e1tok n\u00e1s kontaktujte radi V\u00e1m porad\u00edme. V\u00fdber po\u0165ahov\u00fdch l\u00e1tok n\u00e1jdete TU:\u00a0\u00a0<a href=\"https:\/\/nabytoklaguna.sk\/sk\/farebne-prevedenia\/\">https:\/\/nabytoklaguna.sk\/sk\/farebne-prevedenia\/<\/a><\/p>\n<p>Ostatn\u00e9 cenov\u00e9 skupiny s\u00fa s pr\u00edplatkom. Pri objedn\u00e1vka pros\u00edm uve\u010fte do pozn\u00e1mky typ l\u00e1tky.V pr\u00edpade ot\u00e1zok n\u00e1s nev\u00e1hajte kontaktova\u0165<\/p>\n<h3 class=\"page-product-heading\">VLASTNOSTI<\/h3>\n<table class=\"table-data-sheet\">\n<tbody>\n<tr class=\"odd\">\n<td>H\u013abka<\/td>\n<td>90 cm<\/td>\n<\/tr>\n<tr class=\"even\">\n<td>\u0160\u00edrka<\/td>\n<td>105 cm<\/td>\n<\/tr>\n<tr class=\"odd\">\n<td>V\u00fd\u0161ka<\/td>\n<td>91 cm<\/td>\n<\/tr>\n<tr class=\"even\">\n<td>Vhodn\u00e1 miestnos\u0165<\/td>\n<td>ob\u00fdva\u010dka, spolo\u010densk\u00e1 miestnos\u0165, hotely, kaviarne<\/td>\n<\/tr>\n<tr class=\"odd\">\n<td>Typ n\u00e1bytku<\/td>\n<td>kreslo<\/td>\n<\/tr>\n<tr class=\"even\">\n<td>\u0160t\u00fdl n\u00e1bytku<\/td>\n<td>modern\u00fd<\/td>\n<\/tr>\n<tr class=\"odd\">\n<td>Z\u00e1ruka<\/td>\n<td>2 roky<\/td>\n<\/tr>\n<tr class=\"even\">\n<td>Sp\u00f4sob dodania<\/td>\n<td>demont v jednom bal\u00edkoch<\/td>\n<\/tr>\n<tr class=\"odd\">\n<td>Hmotnos\u0165<\/td>\n<td>70 kg<\/td>\n<\/tr>\n<tr class=\"even\">\n<td>\u00dalo\u017en\u00fd priestor<\/td>\n<td>nie<\/td>\n<\/tr>\n<tr class=\"odd\">\n<td>Rohov\u00e9 prevedenie<\/td>\n<td>nie<\/td>\n<\/tr>\n<tr class=\"even\">\n<td>V\u00fd\u0161ka sed\u00e1ka<\/td>\n<td>44 cm<\/td>\n<\/tr>\n<tr class=\"odd\">\n<td>V\u00fd\u0161ka zadn\u00e9ho \u010dela<\/td>\n<td>max. 91 cm<\/td>\n<\/tr>\n<tr class=\"even\">\n<td>Mo\u017enos\u0165 rozkladania<\/td>\n<td>nie<\/td>\n<\/tr>\n<tr class=\"odd\">\n<td>Plocha po rozlo\u017een\u00ed<\/td>\n<td><\/td>\n<\/tr>\n<tr class=\"even\">\n<td>Kon\u0161trukcia<\/td>\n<td>mas\u00edv<\/td>\n<\/tr>\n<tr class=\"odd\">\n<td>N\u00f4\u017eky<\/td>\n<td>kov<\/td>\n<\/tr>\n<tr class=\"even\">\n<td>Obsahuje vank\u00fa\u0161e<\/td>\n<td>nie<\/td>\n<\/tr>\n<tr class=\"odd\">\n<td>Nastavenie opierok<\/td>\n<td>nie<\/td>\n<\/tr>\n<tr class=\"even\">\n<td>V\u00fdpl\u0148 seda\u010dky<\/td>\n<td>pena+ pru\u017eina<\/td>\n<\/tr>\n<\/tbody>\n<\/table>\n<p>&nbsp;<\/p>\n<div id=\"jp-relatedposts\" class=\"jp-relatedposts\">\n<h3 class=\"jp-relatedposts-headline\"><\/h3>\n<div class=\"jp-relatedposts-items jp-relatedposts-items-minimal jp-relatedposts-grid \"><\/div>\n<div class=\"jp-relatedposts-items jp-relatedposts-items-minimal jp-relatedposts-grid \"><\/div>\n<\/div>\n<p class=\"form-row form-row-wide addon-wrap-7280-tu-napiste-nazov-potahovej-latky-0\">\n","protected":false},"excerpt":{"rendered":"<p>Kreslo k sedacej s\u00faprave DUBAI Rozmery: 105 x 100 x 90 Syst\u00e9m DUBAI tie\u017e pon\u00faka nieko\u013eko modelov pohoviek a kresiel. Pomocou dostupn\u00fdch elementov je mo\u017en\u00e9 vysklada\u0165 r\u00f4zne verzie sedacej s\u00fapravy Pri v\u00fdbere po\u0165ahov\u00fdch l\u00e1tok n\u00e1s kontaktujte radi V\u00e1m porad\u00edme. V\u00fdber po\u0165ahov\u00fdch l\u00e1tok n\u00e1jdete TU:\u00a0\u00a0https:\/\/nabytoklaguna.sk\/sk\/farebne-prevedenia\/ Ostatn\u00e9 cenov\u00e9 skupiny s\u00fa s pr\u00edplatkom. Pri objedn\u00e1vka pros\u00edm uve\u010fte do&#8230;<\/p>\n","protected":false},"featured_media":21069,"comment_status":"closed","ping_status":"closed","template":"","meta":{"_seopress_robots_primary_cat":"140","_seopress_titles_title":"","_seopress_titles_desc":"","_seopress_robots_index":""},"product_brand":[],"product_cat":[140,231],"product_tag":[],"class_list":{"0":"post-120140","1":"product","2":"type-product","3":"status-publish","4":"has-post-thumbnail","6":"product_cat-sedacie-supravy","7":"product_cat-kresla","9":"first","10":"onbackorder","11":"shipping-taxable","12":"purchasable","13":"product-type-simple"},"_links":{"self":[{"href":"https:\/\/nabytoklaguna.sk\/sk\/wp-json\/wp\/v2\/product\/120140","targetHints":{"allow":["GET"]}}],"collection":[{"href":"https:\/\/nabytoklaguna.sk\/sk\/wp-json\/wp\/v2\/product"}],"about":[{"href":"https:\/\/nabytoklaguna.sk\/sk\/wp-json\/wp\/v2\/types\/product"}],"replies":[{"embeddable":true,"href":"https:\/\/nabytoklaguna.sk\/sk\/wp-json\/wp\/v2\/comments?post=120140"}],"wp:featuredmedia":[{"embeddable":true,"href":"https:\/\/nabytoklaguna.sk\/sk\/wp-json\/wp\/v2\/media\/21069"}],"wp:attachment":[{"href":"https:\/\/nabytoklaguna.sk\/sk\/wp-json\/wp\/v2\/media?parent=120140"}],"wp:term":[{"taxonomy":"product_brand","embeddable":true,"href":"https:\/\/nabytoklaguna.sk\/sk\/wp-json\/wp\/v2\/product_brand?post=120140"},{"taxonomy":"product_cat","embeddable":true,"href":"https:\/\/nabytoklaguna.sk\/sk\/wp-json\/wp\/v2\/product_cat?post=120140"},{"taxonomy":"product_tag","embeddable":true,"href":"https:\/\/nabytoklaguna.sk\/sk\/wp-json\/wp\/v2\/product_tag?post=120140"}],"curies":[{"name":"wp","href":"https:\/\/api.w.org\/{rel}","templated":true}]}}