{"id":120142,"date":"2023-04-22T20:12:00","date_gmt":"2023-04-22T20:12:00","guid":{"rendered":"https:\/\/nabytoklaguna.sk\/sk\/?post_type=product&#038;p=120142"},"modified":"2026-03-18T13:56:29","modified_gmt":"2026-03-18T12:56:29","slug":"k-globus-2-32","status":"publish","type":"product","link":"https:\/\/nabytoklaguna.sk\/sk\/produkt\/k-globus-2-32\/","title":{"rendered":"K GLOBUS 2-324"},"content":{"rendered":"<p>Serv\u00edrovac\u00ed stol\u00edk na kolieskach, vrchn\u00e1 \u010das\u0165 oto\u010dn\u00e1, v preveden\u00ed drevo, MDF, plast, vo farbe \u010dere\u0161\u0148a.<\/p>\n<p>Rozmery: priemer 50 cm, v\u00fd\u0161ka 94 cm.<\/p>\n","protected":false},"excerpt":{"rendered":"<p>Serv\u00edrovac\u00ed stol\u00edk na kolieskach, vrchn\u00e1 \u010das\u0165 oto\u010dn\u00e1, v preveden\u00ed drevo, MDF, plast, vo farbe \u010dere\u0161\u0148a. Rozmery: priemer 50 cm, v\u00fd\u0161ka 94 cm.<\/p>\n","protected":false},"featured_media":21441,"comment_status":"closed","ping_status":"closed","template":"","meta":{"_seopress_robots_primary_cat":"none","_seopress_titles_title":"","_seopress_titles_desc":"","_seopress_robots_index":""},"product_brand":[],"product_cat":[221],"product_tag":[],"class_list":{"0":"post-120142","1":"product","2":"type-product","3":"status-publish","4":"has-post-thumbnail","6":"product_cat-konferencne-stoliky","8":"first","9":"onbackorder","10":"shipping-taxable","11":"purchasable","12":"product-type-simple"},"_links":{"self":[{"href":"https:\/\/nabytoklaguna.sk\/sk\/wp-json\/wp\/v2\/product\/120142","targetHints":{"allow":["GET"]}}],"collection":[{"href":"https:\/\/nabytoklaguna.sk\/sk\/wp-json\/wp\/v2\/product"}],"about":[{"href":"https:\/\/nabytoklaguna.sk\/sk\/wp-json\/wp\/v2\/types\/product"}],"replies":[{"embeddable":true,"href":"https:\/\/nabytoklaguna.sk\/sk\/wp-json\/wp\/v2\/comments?post=120142"}],"wp:featuredmedia":[{"embeddable":true,"href":"https:\/\/nabytoklaguna.sk\/sk\/wp-json\/wp\/v2\/media\/21441"}],"wp:attachment":[{"href":"https:\/\/nabytoklaguna.sk\/sk\/wp-json\/wp\/v2\/media?parent=120142"}],"wp:term":[{"taxonomy":"product_brand","embeddable":true,"href":"https:\/\/nabytoklaguna.sk\/sk\/wp-json\/wp\/v2\/product_brand?post=120142"},{"taxonomy":"product_cat","embeddable":true,"href":"https:\/\/nabytoklaguna.sk\/sk\/wp-json\/wp\/v2\/product_cat?post=120142"},{"taxonomy":"product_tag","embeddable":true,"href":"https:\/\/nabytoklaguna.sk\/sk\/wp-json\/wp\/v2\/product_tag?post=120142"}],"curies":[{"name":"wp","href":"https:\/\/api.w.org\/{rel}","templated":true}]}}