{"id":120143,"date":"2023-04-22T20:12:00","date_gmt":"2023-04-22T20:12:00","guid":{"rendered":"https:\/\/nabytoklaguna.sk\/sk\/?post_type=product&#038;p=120143"},"modified":"2025-09-10T13:56:07","modified_gmt":"2025-09-10T11:56:07","slug":"bobek","status":"publish","type":"product","link":"https:\/\/nabytoklaguna.sk\/sk\/produkt\/bobek\/","title":{"rendered":"K BOBEK"},"content":{"rendered":"<p>Tvarovate\u013en\u00fd sedac\u00ed vak s mot\u00edvom futbalovej lopty v preveden\u00ed ekoko\u017ea biela\/\u010dierna.<\/p>\n<p>Rozmery: \u0161xhxv: 80x80x40 cm.<\/p>\n","protected":false},"excerpt":{"rendered":"<p>Tvarovate\u013en\u00fd sedac\u00ed vak s mot\u00edvom futbalovej lopty v preveden\u00ed ekoko\u017ea biela\/\u010dierna. Rozmery: \u0161xhxv: 80x80x40 cm.<\/p>\n","protected":false},"featured_media":21608,"comment_status":"closed","ping_status":"closed","template":"","meta":{"_seopress_robots_primary_cat":"209","_seopress_titles_title":"","_seopress_titles_desc":"","_seopress_robots_index":""},"product_brand":[],"product_cat":[209,236],"product_tag":[],"class_list":{"0":"post-120143","1":"product","2":"type-product","3":"status-publish","4":"has-post-thumbnail","6":"product_cat-detske-izby","7":"product_cat-sedacie-vaky","9":"first","10":"onbackorder","11":"shipping-taxable","12":"purchasable","13":"product-type-simple"},"_links":{"self":[{"href":"https:\/\/nabytoklaguna.sk\/sk\/wp-json\/wp\/v2\/product\/120143","targetHints":{"allow":["GET"]}}],"collection":[{"href":"https:\/\/nabytoklaguna.sk\/sk\/wp-json\/wp\/v2\/product"}],"about":[{"href":"https:\/\/nabytoklaguna.sk\/sk\/wp-json\/wp\/v2\/types\/product"}],"replies":[{"embeddable":true,"href":"https:\/\/nabytoklaguna.sk\/sk\/wp-json\/wp\/v2\/comments?post=120143"}],"wp:featuredmedia":[{"embeddable":true,"href":"https:\/\/nabytoklaguna.sk\/sk\/wp-json\/wp\/v2\/media\/21608"}],"wp:attachment":[{"href":"https:\/\/nabytoklaguna.sk\/sk\/wp-json\/wp\/v2\/media?parent=120143"}],"wp:term":[{"taxonomy":"product_brand","embeddable":true,"href":"https:\/\/nabytoklaguna.sk\/sk\/wp-json\/wp\/v2\/product_brand?post=120143"},{"taxonomy":"product_cat","embeddable":true,"href":"https:\/\/nabytoklaguna.sk\/sk\/wp-json\/wp\/v2\/product_cat?post=120143"},{"taxonomy":"product_tag","embeddable":true,"href":"https:\/\/nabytoklaguna.sk\/sk\/wp-json\/wp\/v2\/product_tag?post=120143"}],"curies":[{"name":"wp","href":"https:\/\/api.w.org\/{rel}","templated":true}]}}