{"id":120145,"date":"2023-04-22T20:12:00","date_gmt":"2023-04-22T20:12:00","guid":{"rendered":"https:\/\/nabytoklaguna.sk\/sk\/?post_type=product&#038;p=120145"},"modified":"2025-02-24T12:52:49","modified_gmt":"2025-02-24T11:52:49","slug":"tempo-kondela-ryan","status":"publish","type":"product","link":"https:\/\/nabytoklaguna.sk\/sk\/produkt\/tempo-kondela-ryan\/","title":{"rendered":"K RYAN"},"content":{"rendered":"<p><strong>Relaxa\u010dn\u00e9 kreslo<\/strong> <strong>RYAN<\/strong> je ide\u00e1lne pre va\u0161e <b>uvo\u013enenie a oddych po n\u00e1ro\u010dnom dni<\/b>. M\u00e1 jedine\u010dn\u00fd dizajn a umo\u017e\u0148uje \u013eahk\u00e9 hojdanie, \u010d\u00edm sp\u00e1ja komfort pohodln\u00e9ho relaxa\u010dn\u00e9ho kresla a kresla hojdacieho. Chv\u00edle pohody v\u00e1m spr\u00edjemn\u00ed mo\u017enos\u0165 <b>mechanick\u00e9ho polohovania opierky chrbta<\/b>. Pomocou <b>p\u00e1ky<\/b> pod sedadlom sklop\u00edte operadlo do pohodlnej\u0161ej polohy. Pri nastaven\u00ed polohy operadla sa sedadlo synchronizovane posunie dopredu, \u010d\u00edm sa <b>h\u013abka sedacej \u010dasti zv\u00e4\u010d\u0161\u00ed zo 75 cm na komfortn\u00fdch 108 cm<\/b>.<\/p>\n<p>Kreslo je vyroben\u00e9 z <b>textilnej ko\u017ee tmavohnedej farby<\/b>. Stabilitu kresla zabezpe\u010duje ve\u013ek\u00e1 <b>dreven\u00e1 z\u00e1klad\u0148a<\/b>, ktor\u00e1 vnesie do ka\u017ed\u00e9ho interi\u00e9ru luxus, \u00farove\u0148 a \u0161t\u00fdl. Kreslo je <b>ot\u00e1\u010dav\u00e9<\/b>, dreven\u00e1 z\u00e1klad\u0148a v podobe prstenca je skon\u0161truovan\u00e1 tak, aby sa s \u013eahkos\u0165ou pohybovala v ko\u013eajni\u010dke v \u010diernom podstavci. Relaxa\u010dn\u00e9 kreslo je <b>dod\u00e1van\u00e9 s podno\u017eou<\/b>, ktor\u00e1 v\u00e1m dopraje viac pohodlia pri odpo\u010dinku. Budete ho jednoducho milova\u0165.<\/p>\n<div class=\"text\">\n<ul>\n<li><b>Materi\u00e1l:<\/b> textiln\u00e1 ko\u017ea\/drevo<\/li>\n<li>Oderuodolnos\u0165 text\u00edlie pod\u013ea testu Martindale: 100 000 oderov<\/li>\n<li><b>Farba:<\/b> tmavohned\u00e1\/jel\u0161a<\/li>\n<li><b>Rozmery (\u0160xHxV):<\/b> 67x75x98 cm<\/li>\n<li><b>V\u00fd\u0161ka kresla po sklopen\u00ed operadla:<\/b> 88 cm<\/li>\n<li><b>H\u013abka sedadla po sklopen\u00ed operadla:<\/b> 108 cm<\/li>\n<li>Sklopenie opierky o 145 stup\u0148ov<\/li>\n<li><b>Rozmery podno\u017ee (\u0160xHxV):<\/b> 51x45x45 cm<\/li>\n<li><b>V\u00fd\u0161ka sedu :<\/b> 48 cm<\/li>\n<li><b>Nosnos\u0165 :<\/b> 150 kg<\/li>\n<li>Mechanick\u00e9 polohovanie<\/li>\n<li>Polohovacie<\/li>\n<li>Ot\u00e1\u010dav\u00e9<\/li>\n<li>Relaxa\u010dn\u00e9<\/li>\n<li>\u010cal\u00fanen\u00e1 opierky na ruky<\/li>\n<li>Dod\u00e1van\u00e9 s podno\u017ekou<\/li>\n<li>Dod\u00e1van\u00e9 v demonte<\/li>\n<\/ul>\n<\/div>\n","protected":false},"excerpt":{"rendered":"<p>Relaxa\u010dn\u00e9 kreslo RYAN je ide\u00e1lne pre va\u0161e uvo\u013enenie a oddych po n\u00e1ro\u010dnom dni. M\u00e1 jedine\u010dn\u00fd dizajn a umo\u017e\u0148uje \u013eahk\u00e9 hojdanie, \u010d\u00edm sp\u00e1ja komfort pohodln\u00e9ho relaxa\u010dn\u00e9ho kresla a kresla hojdacieho. Chv\u00edle pohody v\u00e1m spr\u00edjemn\u00ed mo\u017enos\u0165 mechanick\u00e9ho polohovania opierky chrbta. Pomocou p\u00e1ky pod sedadlom sklop\u00edte operadlo do pohodlnej\u0161ej polohy. Pri nastaven\u00ed polohy operadla sa sedadlo synchronizovane posunie&#8230;<\/p>\n","protected":false},"featured_media":21789,"comment_status":"closed","ping_status":"closed","template":"","meta":{"_seopress_robots_primary_cat":"140","_seopress_titles_title":"","_seopress_titles_desc":"","_seopress_robots_index":""},"product_brand":[],"product_cat":[140,231],"product_tag":[],"class_list":{"0":"post-120145","1":"product","2":"type-product","3":"status-publish","4":"has-post-thumbnail","6":"product_cat-sedacie-supravy","7":"product_cat-kresla","9":"first","10":"onbackorder","11":"shipping-taxable","12":"purchasable","13":"product-type-simple"},"_links":{"self":[{"href":"https:\/\/nabytoklaguna.sk\/sk\/wp-json\/wp\/v2\/product\/120145","targetHints":{"allow":["GET"]}}],"collection":[{"href":"https:\/\/nabytoklaguna.sk\/sk\/wp-json\/wp\/v2\/product"}],"about":[{"href":"https:\/\/nabytoklaguna.sk\/sk\/wp-json\/wp\/v2\/types\/product"}],"replies":[{"embeddable":true,"href":"https:\/\/nabytoklaguna.sk\/sk\/wp-json\/wp\/v2\/comments?post=120145"}],"wp:featuredmedia":[{"embeddable":true,"href":"https:\/\/nabytoklaguna.sk\/sk\/wp-json\/wp\/v2\/media\/21789"}],"wp:attachment":[{"href":"https:\/\/nabytoklaguna.sk\/sk\/wp-json\/wp\/v2\/media?parent=120145"}],"wp:term":[{"taxonomy":"product_brand","embeddable":true,"href":"https:\/\/nabytoklaguna.sk\/sk\/wp-json\/wp\/v2\/product_brand?post=120145"},{"taxonomy":"product_cat","embeddable":true,"href":"https:\/\/nabytoklaguna.sk\/sk\/wp-json\/wp\/v2\/product_cat?post=120145"},{"taxonomy":"product_tag","embeddable":true,"href":"https:\/\/nabytoklaguna.sk\/sk\/wp-json\/wp\/v2\/product_tag?post=120145"}],"curies":[{"name":"wp","href":"https:\/\/api.w.org\/{rel}","templated":true}]}}