{"id":120201,"date":"2023-04-22T20:12:00","date_gmt":"2023-04-22T20:12:00","guid":{"rendered":"https:\/\/nabytoklaguna.sk\/sk\/?post_type=product&#038;p=120201"},"modified":"2025-11-24T10:00:41","modified_gmt":"2025-11-24T09:00:41","slug":"tedy-obyvacia-stena","status":"publish","type":"product","link":"https:\/\/nabytoklaguna.sk\/sk\/produkt\/tedy-obyvacia-stena\/","title":{"rendered":"TADEUSZ ob\u00fdvacia stena"},"content":{"rendered":"<p>Rustik\u00e1lny sektorov\u00fd syst\u00e9m vhodn\u00fd na zariadenie ob\u00fdvac\u00edch izieb, jed\u00e1ln\u00ed, sp\u00e1ln\u00ed alebo pracovn\u00ed. Materi\u00e1l DTD laminovan\u00e1, ABS hrany, li\u0161ty dvierok MDF, korpus hrub\u00fd 32 mm., kovov\u00e9 \u00fachytky. Farebn\u00e9 prevedenie dub lefkas.<\/p>\n<p>Rozmery: \u0161xhxv:<\/p>\n<p><strong>Vitr\u00edna \u0161irok\u00e1<\/strong>: 90x44x190 cm<\/p>\n<p><strong>Komoda<\/strong>: 90x44x110 cm<\/p>\n<p><strong>RTV stol\u00edk<\/strong>: 118x50x50 cm<\/p>\n<p><strong>Vitr\u00edna \u00fazka<\/strong>: 46x44x190 cm<\/p>\n<p>&nbsp;<\/p>\n","protected":false},"excerpt":{"rendered":"<p>Rustik\u00e1lny sektorov\u00fd syst\u00e9m vhodn\u00fd na zariadenie ob\u00fdvac\u00edch izieb, jed\u00e1ln\u00ed, sp\u00e1ln\u00ed alebo pracovn\u00ed. Materi\u00e1l DTD laminovan\u00e1, ABS hrany, li\u0161ty dvierok MDF, korpus hrub\u00fd 32 mm., kovov\u00e9 \u00fachytky. Farebn\u00e9 prevedenie dub lefkas. Rozmery: \u0161xhxv: Vitr\u00edna \u0161irok\u00e1: 90x44x190 cm Komoda: 90x44x110 cm RTV stol\u00edk: 118x50x50 cm Vitr\u00edna \u00fazka: 46x44x190 cm &nbsp;<\/p>\n","protected":false},"featured_media":24738,"comment_status":"closed","ping_status":"closed","template":"","meta":{"_seopress_robots_primary_cat":"251","_seopress_titles_title":"","_seopress_titles_desc":"","_seopress_robots_index":""},"product_brand":[],"product_cat":[182,251],"product_tag":[],"class_list":{"0":"post-120201","1":"product","2":"type-product","3":"status-publish","4":"has-post-thumbnail","6":"product_cat-obyvacie-steny","7":"product_cat-steny","9":"first","10":"instock","11":"sale","12":"sold-individually","13":"shipping-taxable","14":"purchasable","15":"product-type-simple"},"_links":{"self":[{"href":"https:\/\/nabytoklaguna.sk\/sk\/wp-json\/wp\/v2\/product\/120201","targetHints":{"allow":["GET"]}}],"collection":[{"href":"https:\/\/nabytoklaguna.sk\/sk\/wp-json\/wp\/v2\/product"}],"about":[{"href":"https:\/\/nabytoklaguna.sk\/sk\/wp-json\/wp\/v2\/types\/product"}],"replies":[{"embeddable":true,"href":"https:\/\/nabytoklaguna.sk\/sk\/wp-json\/wp\/v2\/comments?post=120201"}],"wp:featuredmedia":[{"embeddable":true,"href":"https:\/\/nabytoklaguna.sk\/sk\/wp-json\/wp\/v2\/media\/24738"}],"wp:attachment":[{"href":"https:\/\/nabytoklaguna.sk\/sk\/wp-json\/wp\/v2\/media?parent=120201"}],"wp:term":[{"taxonomy":"product_brand","embeddable":true,"href":"https:\/\/nabytoklaguna.sk\/sk\/wp-json\/wp\/v2\/product_brand?post=120201"},{"taxonomy":"product_cat","embeddable":true,"href":"https:\/\/nabytoklaguna.sk\/sk\/wp-json\/wp\/v2\/product_cat?post=120201"},{"taxonomy":"product_tag","embeddable":true,"href":"https:\/\/nabytoklaguna.sk\/sk\/wp-json\/wp\/v2\/product_tag?post=120201"}],"curies":[{"name":"wp","href":"https:\/\/api.w.org\/{rel}","templated":true}]}}