{"id":120210,"date":"2023-04-22T20:12:00","date_gmt":"2023-04-22T20:12:00","guid":{"rendered":"https:\/\/nabytoklaguna.sk\/sk\/?post_type=product&#038;p=120210"},"modified":"2024-03-18T12:30:06","modified_gmt":"2024-03-18T11:30:06","slug":"tempo-kondela-jedalensky-set-12-amadeo","status":"publish","type":"product","link":"https:\/\/nabytoklaguna.sk\/sk\/produkt\/tempo-kondela-jedalensky-set-12-amadeo\/","title":{"rendered":"TK Jed\u00e1lensk\u00fd set 1+2 AMADEO"},"content":{"rendered":"<p>Praktick\u00fd jed\u00e1lensk\u00fd set 1+2.<\/p>\n<p>Materi\u00e1l:MDF+kov. Prevedenie:biela.<\/p>\n<p>Mo\u017enos\u0165 dok\u00fapenia samostatnej stoli\u010dky <strong>za cenu 12,-\u00a0 EUR<\/strong><\/p>\n<p>Rozmer: St\u00f4l \/\u0160xHxV\/ 60x80x75cm, stoli\u010dka: \/\u0160xV\/ 30x50cm<\/p>\n","protected":false},"excerpt":{"rendered":"<p>Praktick\u00fd jed\u00e1lensk\u00fd set 1+2. Materi\u00e1l:MDF+kov. Prevedenie:biela. Mo\u017enos\u0165 dok\u00fapenia samostatnej stoli\u010dky za cenu 12,-\u00a0 EUR Rozmer: St\u00f4l \/\u0160xHxV\/ 60x80x75cm, stoli\u010dka: \/\u0160xV\/ 30x50cm<\/p>\n","protected":false},"featured_media":9360,"comment_status":"closed","ping_status":"closed","template":"","meta":{"_seopress_robots_primary_cat":"246","_seopress_titles_title":"","_seopress_titles_desc":"","_seopress_robots_index":""},"product_brand":[],"product_cat":[246],"product_tag":[],"class_list":{"0":"post-120210","1":"product","2":"type-product","3":"status-publish","4":"has-post-thumbnail","6":"product_cat-jedalenske-sety","8":"first","9":"onbackorder","10":"shipping-taxable","11":"purchasable","12":"product-type-simple"},"_links":{"self":[{"href":"https:\/\/nabytoklaguna.sk\/sk\/wp-json\/wp\/v2\/product\/120210","targetHints":{"allow":["GET"]}}],"collection":[{"href":"https:\/\/nabytoklaguna.sk\/sk\/wp-json\/wp\/v2\/product"}],"about":[{"href":"https:\/\/nabytoklaguna.sk\/sk\/wp-json\/wp\/v2\/types\/product"}],"replies":[{"embeddable":true,"href":"https:\/\/nabytoklaguna.sk\/sk\/wp-json\/wp\/v2\/comments?post=120210"}],"wp:featuredmedia":[{"embeddable":true,"href":"https:\/\/nabytoklaguna.sk\/sk\/wp-json\/wp\/v2\/media\/9360"}],"wp:attachment":[{"href":"https:\/\/nabytoklaguna.sk\/sk\/wp-json\/wp\/v2\/media?parent=120210"}],"wp:term":[{"taxonomy":"product_brand","embeddable":true,"href":"https:\/\/nabytoklaguna.sk\/sk\/wp-json\/wp\/v2\/product_brand?post=120210"},{"taxonomy":"product_cat","embeddable":true,"href":"https:\/\/nabytoklaguna.sk\/sk\/wp-json\/wp\/v2\/product_cat?post=120210"},{"taxonomy":"product_tag","embeddable":true,"href":"https:\/\/nabytoklaguna.sk\/sk\/wp-json\/wp\/v2\/product_tag?post=120210"}],"curies":[{"name":"wp","href":"https:\/\/api.w.org\/{rel}","templated":true}]}}