{"id":120211,"date":"2023-04-22T20:12:00","date_gmt":"2023-04-22T20:12:00","guid":{"rendered":"https:\/\/nabytoklaguna.sk\/sk\/?post_type=product&#038;p=120211"},"modified":"2023-10-30T15:16:29","modified_gmt":"2023-10-30T14:16:29","slug":"tempo-kondela-barove-stolickybarovy-pult-boxer","status":"publish","type":"product","link":"https:\/\/nabytoklaguna.sk\/sk\/produkt\/tempo-kondela-barove-stolickybarovy-pult-boxer\/","title":{"rendered":"TK Barov\u00fd komplet BOXER"},"content":{"rendered":"<p>Barov\u00fd pult s 2 stoli\u010dkami. Prevedenie buk. Mo\u017enos\u0165 dok\u00fapi\u0165 samostatn\u00fa barov\u00fa stoli\u010dku za cenu<strong> 18,- EUR<\/strong><\/p>\n<p>Rozmer: St\u00f4l \/\u0160xVxH\/ 120x40x88cm, stoli\u010dka-v\u00fd\u0161ka sedu 59,9cm<\/p>\n","protected":false},"excerpt":{"rendered":"<p>Barov\u00fd pult s 2 stoli\u010dkami. Prevedenie buk. Mo\u017enos\u0165 dok\u00fapi\u0165 samostatn\u00fa barov\u00fa stoli\u010dku za cenu 18,- EUR Rozmer: St\u00f4l \/\u0160xVxH\/ 120x40x88cm, stoli\u010dka-v\u00fd\u0161ka sedu 59,9cm<\/p>\n","protected":false},"featured_media":9363,"comment_status":"closed","ping_status":"closed","template":"","meta":{"_seopress_robots_primary_cat":"246","_seopress_titles_title":"","_seopress_titles_desc":"","_seopress_robots_index":""},"product_brand":[],"product_cat":[246],"product_tag":[],"class_list":{"0":"post-120211","1":"product","2":"type-product","3":"status-publish","4":"has-post-thumbnail","6":"product_cat-jedalenske-sety","7":"pa_typ-produktu-stolicka","9":"first","10":"onbackorder","11":"shipping-taxable","12":"purchasable","13":"product-type-simple"},"_links":{"self":[{"href":"https:\/\/nabytoklaguna.sk\/sk\/wp-json\/wp\/v2\/product\/120211","targetHints":{"allow":["GET"]}}],"collection":[{"href":"https:\/\/nabytoklaguna.sk\/sk\/wp-json\/wp\/v2\/product"}],"about":[{"href":"https:\/\/nabytoklaguna.sk\/sk\/wp-json\/wp\/v2\/types\/product"}],"replies":[{"embeddable":true,"href":"https:\/\/nabytoklaguna.sk\/sk\/wp-json\/wp\/v2\/comments?post=120211"}],"wp:featuredmedia":[{"embeddable":true,"href":"https:\/\/nabytoklaguna.sk\/sk\/wp-json\/wp\/v2\/media\/9363"}],"wp:attachment":[{"href":"https:\/\/nabytoklaguna.sk\/sk\/wp-json\/wp\/v2\/media?parent=120211"}],"wp:term":[{"taxonomy":"product_brand","embeddable":true,"href":"https:\/\/nabytoklaguna.sk\/sk\/wp-json\/wp\/v2\/product_brand?post=120211"},{"taxonomy":"product_cat","embeddable":true,"href":"https:\/\/nabytoklaguna.sk\/sk\/wp-json\/wp\/v2\/product_cat?post=120211"},{"taxonomy":"product_tag","embeddable":true,"href":"https:\/\/nabytoklaguna.sk\/sk\/wp-json\/wp\/v2\/product_tag?post=120211"}],"curies":[{"name":"wp","href":"https:\/\/api.w.org\/{rel}","templated":true}]}}