{"id":120213,"date":"2023-04-22T20:12:00","date_gmt":"2023-04-22T20:12:00","guid":{"rendered":"https:\/\/nabytoklaguna.sk\/sk\/?post_type=product&#038;p=120213"},"modified":"2023-10-30T14:49:49","modified_gmt":"2023-10-30T13:49:49","slug":"tempo-kondela-jedalensky-set-leslie","status":"publish","type":"product","link":"https:\/\/nabytoklaguna.sk\/sk\/produkt\/tempo-kondela-jedalensky-set-leslie\/","title":{"rendered":"TK Jed\u00e1lensk\u00fd set LESLIE"},"content":{"rendered":"<p>Praktick\u00fd jed\u00e1lensk\u00fd set 1+4. Materi\u00e1l:drevo+l\u00e1tka, farba: wenge+svetlo hned\u00e1<\/p>\n<p>Rozmer: \u00a0St\u00f4l \/\u0160xHxV\/:110x70x74cm, stoli\u010dka:43&#215;50,3x94cm, v\u00fd\u0161ka sedenia:46,2cm<\/p>\n","protected":false},"excerpt":{"rendered":"<p>Praktick\u00fd jed\u00e1lensk\u00fd set 1+4. Materi\u00e1l:drevo+l\u00e1tka, farba: wenge+svetlo hned\u00e1 Rozmer: \u00a0St\u00f4l \/\u0160xHxV\/:110x70x74cm, stoli\u010dka:43&#215;50,3x94cm, v\u00fd\u0161ka sedenia:46,2cm<\/p>\n","protected":false},"featured_media":9395,"comment_status":"closed","ping_status":"closed","template":"","meta":{"_seopress_robots_primary_cat":"246","_seopress_titles_title":"","_seopress_titles_desc":"","_seopress_robots_index":""},"product_brand":[],"product_cat":[246],"product_tag":[],"class_list":{"0":"post-120213","1":"product","2":"type-product","3":"status-publish","4":"has-post-thumbnail","6":"product_cat-jedalenske-sety","8":"first","9":"onbackorder","10":"shipping-taxable","11":"purchasable","12":"product-type-simple"},"_links":{"self":[{"href":"https:\/\/nabytoklaguna.sk\/sk\/wp-json\/wp\/v2\/product\/120213","targetHints":{"allow":["GET"]}}],"collection":[{"href":"https:\/\/nabytoklaguna.sk\/sk\/wp-json\/wp\/v2\/product"}],"about":[{"href":"https:\/\/nabytoklaguna.sk\/sk\/wp-json\/wp\/v2\/types\/product"}],"replies":[{"embeddable":true,"href":"https:\/\/nabytoklaguna.sk\/sk\/wp-json\/wp\/v2\/comments?post=120213"}],"wp:featuredmedia":[{"embeddable":true,"href":"https:\/\/nabytoklaguna.sk\/sk\/wp-json\/wp\/v2\/media\/9395"}],"wp:attachment":[{"href":"https:\/\/nabytoklaguna.sk\/sk\/wp-json\/wp\/v2\/media?parent=120213"}],"wp:term":[{"taxonomy":"product_brand","embeddable":true,"href":"https:\/\/nabytoklaguna.sk\/sk\/wp-json\/wp\/v2\/product_brand?post=120213"},{"taxonomy":"product_cat","embeddable":true,"href":"https:\/\/nabytoklaguna.sk\/sk\/wp-json\/wp\/v2\/product_cat?post=120213"},{"taxonomy":"product_tag","embeddable":true,"href":"https:\/\/nabytoklaguna.sk\/sk\/wp-json\/wp\/v2\/product_tag?post=120213"}],"curies":[{"name":"wp","href":"https:\/\/api.w.org\/{rel}","templated":true}]}}