{"id":120216,"date":"2023-04-22T20:12:00","date_gmt":"2023-04-22T20:12:00","guid":{"rendered":"https:\/\/nabytoklaguna.sk\/sk\/?post_type=product&#038;p=120216"},"modified":"2023-09-05T14:14:11","modified_gmt":"2023-09-05T12:14:11","slug":"tempo-kondela-grid-new-2","status":"publish","type":"product","link":"https:\/\/nabytoklaguna.sk\/sk\/produkt\/tempo-kondela-grid-new-2\/","title":{"rendered":"TK GRID NEW"},"content":{"rendered":"<p>Jed\u00e1lensk\u00fd komplet 1+6. Materi\u00e1l:drevo-\u010dere\u0161\u0148a+l\u00e1tka-b\u00e9\u017eov\u00e1, pl\u00e1t stola-MDF d\u00fdhovan\u00e1. Mo\u017enos\u0165 dok\u00fapenia stoli\u010dky za cenu <strong>48\u00a0EUR<\/strong><\/p>\n<p>Rozmer: St\u00f4l\/ \u0160xHxV\/: 135x80x74cm, stoli\u010dka:44x48x90cm<\/p>\n","protected":false},"excerpt":{"rendered":"<p>Jed\u00e1lensk\u00fd komplet 1+6. Materi\u00e1l:drevo-\u010dere\u0161\u0148a+l\u00e1tka-b\u00e9\u017eov\u00e1, pl\u00e1t stola-MDF d\u00fdhovan\u00e1. Mo\u017enos\u0165 dok\u00fapenia stoli\u010dky za cenu 48\u00a0EUR Rozmer: St\u00f4l\/ \u0160xHxV\/: 135x80x74cm, stoli\u010dka:44x48x90cm<\/p>\n","protected":false},"featured_media":9405,"comment_status":"closed","ping_status":"closed","template":"","meta":{"_seopress_robots_primary_cat":"246","_seopress_titles_title":"","_seopress_titles_desc":"","_seopress_robots_index":""},"product_brand":[],"product_cat":[246],"product_tag":[],"class_list":{"0":"post-120216","1":"product","2":"type-product","3":"status-publish","4":"has-post-thumbnail","6":"product_cat-jedalenske-sety","7":"pa_typ-produktu-stolicka","9":"first","10":"onbackorder","11":"shipping-taxable","12":"purchasable","13":"product-type-simple"},"_links":{"self":[{"href":"https:\/\/nabytoklaguna.sk\/sk\/wp-json\/wp\/v2\/product\/120216","targetHints":{"allow":["GET"]}}],"collection":[{"href":"https:\/\/nabytoklaguna.sk\/sk\/wp-json\/wp\/v2\/product"}],"about":[{"href":"https:\/\/nabytoklaguna.sk\/sk\/wp-json\/wp\/v2\/types\/product"}],"replies":[{"embeddable":true,"href":"https:\/\/nabytoklaguna.sk\/sk\/wp-json\/wp\/v2\/comments?post=120216"}],"wp:featuredmedia":[{"embeddable":true,"href":"https:\/\/nabytoklaguna.sk\/sk\/wp-json\/wp\/v2\/media\/9405"}],"wp:attachment":[{"href":"https:\/\/nabytoklaguna.sk\/sk\/wp-json\/wp\/v2\/media?parent=120216"}],"wp:term":[{"taxonomy":"product_brand","embeddable":true,"href":"https:\/\/nabytoklaguna.sk\/sk\/wp-json\/wp\/v2\/product_brand?post=120216"},{"taxonomy":"product_cat","embeddable":true,"href":"https:\/\/nabytoklaguna.sk\/sk\/wp-json\/wp\/v2\/product_cat?post=120216"},{"taxonomy":"product_tag","embeddable":true,"href":"https:\/\/nabytoklaguna.sk\/sk\/wp-json\/wp\/v2\/product_tag?post=120216"}],"curies":[{"name":"wp","href":"https:\/\/api.w.org\/{rel}","templated":true}]}}