{"id":120222,"date":"2023-04-22T20:12:00","date_gmt":"2023-04-22T20:12:00","guid":{"rendered":"https:\/\/nabytoklaguna.sk\/sk\/?post_type=product&#038;p=120222"},"modified":"2026-03-18T12:15:20","modified_gmt":"2026-03-18T11:15:20","slug":"tempo-kondela-may-3","status":"publish","type":"product","link":"https:\/\/nabytoklaguna.sk\/sk\/produkt\/tempo-kondela-may-3\/","title":{"rendered":"TK MAY 3"},"content":{"rendered":"<p>Modern\u00e1 3 z\u00e1suvkov\u00e1 komoda v \u010diernej farbe.<\/p>\n<ul>\n<li><b>Materi\u00e1l:<\/b>\u00a0laminovan\u00e1 DTD<\/li>\n<li><b>Farba:<\/b>\u00a0\u010dierna<\/li>\n<li><b>Rozmery komody (\u0160xHxV):<\/b>\u00a072,4&#215;30,1&#215;68,3 cm<\/li>\n<li><b>Nosnos\u0165 vrchnej \u010dasti (\u0160xHxV):<\/b>\u00a010 kg<\/li>\n<li><b>Nosnos\u0165 \u0161upl\u00edka (\u0160xHxV):<\/b>\u00a07 kg<\/li>\n<li>3 \u0161upl\u00edky<\/li>\n<li>S \u00fachytkami<\/li>\n<li>Dod\u00e1van\u00e9 v demonte<\/li>\n<\/ul>\n","protected":false},"excerpt":{"rendered":"<p>Modern\u00e1 3 z\u00e1suvkov\u00e1 komoda v \u010diernej farbe. Materi\u00e1l:\u00a0laminovan\u00e1 DTD Farba:\u00a0\u010dierna Rozmery komody (\u0160xHxV):\u00a072,4&#215;30,1&#215;68,3 cm Nosnos\u0165 vrchnej \u010dasti (\u0160xHxV):\u00a010 kg Nosnos\u0165 \u0161upl\u00edka (\u0160xHxV):\u00a07 kg 3 \u0161upl\u00edky S \u00fachytkami Dod\u00e1van\u00e9 v demonte<\/p>\n","protected":false},"featured_media":10326,"comment_status":"closed","ping_status":"closed","template":"","meta":{"_seopress_robots_primary_cat":"222","_seopress_titles_title":"","_seopress_titles_desc":"","_seopress_robots_index":""},"product_brand":[],"product_cat":[222],"product_tag":[],"class_list":{"0":"post-120222","1":"product","2":"type-product","3":"status-publish","4":"has-post-thumbnail","6":"product_cat-komody","8":"first","9":"onbackorder","10":"shipping-taxable","11":"purchasable","12":"product-type-simple"},"_links":{"self":[{"href":"https:\/\/nabytoklaguna.sk\/sk\/wp-json\/wp\/v2\/product\/120222","targetHints":{"allow":["GET"]}}],"collection":[{"href":"https:\/\/nabytoklaguna.sk\/sk\/wp-json\/wp\/v2\/product"}],"about":[{"href":"https:\/\/nabytoklaguna.sk\/sk\/wp-json\/wp\/v2\/types\/product"}],"replies":[{"embeddable":true,"href":"https:\/\/nabytoklaguna.sk\/sk\/wp-json\/wp\/v2\/comments?post=120222"}],"wp:featuredmedia":[{"embeddable":true,"href":"https:\/\/nabytoklaguna.sk\/sk\/wp-json\/wp\/v2\/media\/10326"}],"wp:attachment":[{"href":"https:\/\/nabytoklaguna.sk\/sk\/wp-json\/wp\/v2\/media?parent=120222"}],"wp:term":[{"taxonomy":"product_brand","embeddable":true,"href":"https:\/\/nabytoklaguna.sk\/sk\/wp-json\/wp\/v2\/product_brand?post=120222"},{"taxonomy":"product_cat","embeddable":true,"href":"https:\/\/nabytoklaguna.sk\/sk\/wp-json\/wp\/v2\/product_cat?post=120222"},{"taxonomy":"product_tag","embeddable":true,"href":"https:\/\/nabytoklaguna.sk\/sk\/wp-json\/wp\/v2\/product_tag?post=120222"}],"curies":[{"name":"wp","href":"https:\/\/api.w.org\/{rel}","templated":true}]}}