{"id":120225,"date":"2023-04-22T20:12:00","date_gmt":"2023-04-22T20:12:00","guid":{"rendered":"https:\/\/nabytoklaguna.sk\/sk\/?post_type=product&#038;p=120225"},"modified":"2025-09-02T14:27:21","modified_gmt":"2025-09-02T12:27:21","slug":"k-tea-botnik","status":"publish","type":"product","link":"https:\/\/nabytoklaguna.sk\/sk\/produkt\/k-tea-botnik\/","title":{"rendered":"K TEA botn\u00edk"},"content":{"rendered":"<p>Aj vy m\u00e1te v predsieni mno\u017estvo porozhadzovan\u00fdch top\u00e1nok? Pri uzavret\u00fdch\u00a0<b>botn\u00edkoch<\/b>\u00a0a skrink\u00e1ch n\u00e1m nie v\u017edy napadne, aby sme top\u00e1nky odlo\u017eili. Pri otvorenom\u00a0<b>dvojradovom<\/b>\u00a0botniku\u00a0<b>TEA<\/b>\u00a0sa v\u00e1m tak\u00e9 nie\u010do nem\u00f4\u017ee sta\u0165.\u00a0<b>Celochr\u00f3mov\u00e1<\/b>\u00a0kon\u0161trukcia a mo\u017enos\u0165\u00a0<b>nastavenia ve\u013ekosti<\/b>, to je \u010fal\u0161\u00ed bonus, ktor\u00fd v\u00e1m tento botn\u00edk pon\u00faka. Pod pojmom\u00a0<b>nastavenie ve\u013ekosti<\/b>\u00a0m\u00e1me na mysli\u00a0<b>nastavite\u013en\u00fa \u0161\u00edrku<\/b>. Botn\u00edk m\u00e1 \u0161\u00edrku\u00a0<b>od 63-110 cm<\/b>\u00a0v z\u00e1vislosti od toho, ako ve\u013emi vysuniete kovov\u00fa kon\u0161trukciu. Je vyroben\u00fd z\u00a0<b>chr\u00f3mu<\/b>\u00a0v kombin\u00e1cii\u00a0<b>chromovej a \u010diernej<\/b>\u00a0farby, tak\u017ee sa hod\u00ed do ka\u017edej dom\u00e1cnosti.<\/p>\n<p>ROZMER<\/p>\n<p>\u0160\u00edrka: 63-110cm<\/p>\n<p>H\u013abka: 23 cm<\/p>\n<p>V\u00fd\u0161ka: 25 cm<\/p>\n","protected":false},"excerpt":{"rendered":"<p>Aj vy m\u00e1te v predsieni mno\u017estvo porozhadzovan\u00fdch top\u00e1nok? Pri uzavret\u00fdch\u00a0botn\u00edkoch\u00a0a skrink\u00e1ch n\u00e1m nie v\u017edy napadne, aby sme top\u00e1nky odlo\u017eili. Pri otvorenom\u00a0dvojradovom\u00a0botniku\u00a0TEA\u00a0sa v\u00e1m tak\u00e9 nie\u010do nem\u00f4\u017ee sta\u0165.\u00a0Celochr\u00f3mov\u00e1\u00a0kon\u0161trukcia a mo\u017enos\u0165\u00a0nastavenia ve\u013ekosti, to je \u010fal\u0161\u00ed bonus, ktor\u00fd v\u00e1m tento botn\u00edk pon\u00faka. Pod pojmom\u00a0nastavenie ve\u013ekosti\u00a0m\u00e1me na mysli\u00a0nastavite\u013en\u00fa \u0161\u00edrku. Botn\u00edk m\u00e1 \u0161\u00edrku\u00a0od 63-110 cm\u00a0v z\u00e1vislosti od toho, ako ve\u013emi vysuniete&#8230;<\/p>\n","protected":false},"featured_media":10578,"comment_status":"closed","ping_status":"closed","template":"","meta":{"_seopress_robots_primary_cat":"257","_seopress_titles_title":"","_seopress_titles_desc":"","_seopress_robots_index":""},"product_brand":[],"product_cat":[2139,252,257],"product_tag":[],"class_list":{"0":"post-120225","1":"product","2":"type-product","3":"status-publish","4":"has-post-thumbnail","6":"product_cat-predsiene-predsiene","7":"product_cat-botniky","8":"product_cat-predsiene","10":"first","11":"onbackorder","12":"shipping-taxable","13":"purchasable","14":"product-type-simple"},"_links":{"self":[{"href":"https:\/\/nabytoklaguna.sk\/sk\/wp-json\/wp\/v2\/product\/120225","targetHints":{"allow":["GET"]}}],"collection":[{"href":"https:\/\/nabytoklaguna.sk\/sk\/wp-json\/wp\/v2\/product"}],"about":[{"href":"https:\/\/nabytoklaguna.sk\/sk\/wp-json\/wp\/v2\/types\/product"}],"replies":[{"embeddable":true,"href":"https:\/\/nabytoklaguna.sk\/sk\/wp-json\/wp\/v2\/comments?post=120225"}],"wp:featuredmedia":[{"embeddable":true,"href":"https:\/\/nabytoklaguna.sk\/sk\/wp-json\/wp\/v2\/media\/10578"}],"wp:attachment":[{"href":"https:\/\/nabytoklaguna.sk\/sk\/wp-json\/wp\/v2\/media?parent=120225"}],"wp:term":[{"taxonomy":"product_brand","embeddable":true,"href":"https:\/\/nabytoklaguna.sk\/sk\/wp-json\/wp\/v2\/product_brand?post=120225"},{"taxonomy":"product_cat","embeddable":true,"href":"https:\/\/nabytoklaguna.sk\/sk\/wp-json\/wp\/v2\/product_cat?post=120225"},{"taxonomy":"product_tag","embeddable":true,"href":"https:\/\/nabytoklaguna.sk\/sk\/wp-json\/wp\/v2\/product_tag?post=120225"}],"curies":[{"name":"wp","href":"https:\/\/api.w.org\/{rel}","templated":true}]}}