{"id":120235,"date":"2023-04-22T20:12:00","date_gmt":"2023-04-22T20:12:00","guid":{"rendered":"https:\/\/nabytoklaguna.sk\/sk\/?post_type=product&#038;p=120235"},"modified":"2025-02-24T12:49:31","modified_gmt":"2025-02-24T11:49:31","slug":"tempo-kondela-mili-1","status":"publish","type":"product","link":"https:\/\/nabytoklaguna.sk\/sk\/produkt\/tempo-kondela-mili-1\/","title":{"rendered":"K MILI 1"},"content":{"rendered":"<p>Pozvite k sebe domov\u00a0<b>kvalitu<\/b> a urobte si rados\u0165 nad\u010dasov\u00fdm <b>rozkladac\u00edm kreslom MILI 1<\/b>. MILI m\u00e1 rada\u00a0<b>jednoduchos\u0165<\/b>, no je <b>majsterkou vkusu<\/b>. Preto je oble\u010den\u00e1 do elegantn\u00e9ho po\u0165ahu\u00a0<b>\u0161enil Laris 1602\/16 v oran\u017eovej farbe<\/b>. Po\u0165ah je ve\u013emi odoln\u00fd a jednoduch\u00fd na \u00fadr\u017ebu. Cez de\u0148 MILI posl\u00fa\u017ei ako kreslo napr\u00edklad na vytvorenie pr\u00edjemn\u00e9ho \u010d\u00edtacieho k\u00fatiku, v noci sa premen\u00ed na\u00a0<b>komfortn\u00e9 l\u00f4\u017eko<\/b>\u00a0s\u00a0<b>plochou na spanie 80&#215;195 cm<\/b>. Ocen\u00edte aj\u00a0<b>\u00falo\u017en\u00fd priestor<\/b>\u00a0na l\u00f4\u017ekoviny. Dajte sa rozmazn\u00e1va\u0165 v jej pohodlnej n\u00e1ru\u010di.<\/p>\n<p>Rozmer: \/\u0160xVxH\/:95 x81 x 100cm, plocha na spanie:80 x 195cm, v\u00fd\u0161ka x h\u013abka sedenia: 35 x 65cm<\/p>\n","protected":false},"excerpt":{"rendered":"<p>Pozvite k sebe domov\u00a0kvalitu a urobte si rados\u0165 nad\u010dasov\u00fdm rozkladac\u00edm kreslom MILI 1. MILI m\u00e1 rada\u00a0jednoduchos\u0165, no je majsterkou vkusu. Preto je oble\u010den\u00e1 do elegantn\u00e9ho po\u0165ahu\u00a0\u0161enil Laris 1602\/16 v oran\u017eovej farbe. Po\u0165ah je ve\u013emi odoln\u00fd a jednoduch\u00fd na \u00fadr\u017ebu. Cez de\u0148 MILI posl\u00fa\u017ei ako kreslo napr\u00edklad na vytvorenie pr\u00edjemn\u00e9ho \u010d\u00edtacieho k\u00fatiku, v noci sa premen\u00ed&#8230;<\/p>\n","protected":false},"featured_media":11735,"comment_status":"closed","ping_status":"closed","template":"","meta":{"_seopress_robots_primary_cat":"231","_seopress_titles_title":"","_seopress_titles_desc":"","_seopress_robots_index":""},"product_brand":[],"product_cat":[231],"product_tag":[],"class_list":{"0":"post-120235","1":"product","2":"type-product","3":"status-publish","4":"has-post-thumbnail","6":"product_cat-kresla","8":"first","9":"onbackorder","10":"shipping-taxable","11":"purchasable","12":"product-type-simple"},"_links":{"self":[{"href":"https:\/\/nabytoklaguna.sk\/sk\/wp-json\/wp\/v2\/product\/120235","targetHints":{"allow":["GET"]}}],"collection":[{"href":"https:\/\/nabytoklaguna.sk\/sk\/wp-json\/wp\/v2\/product"}],"about":[{"href":"https:\/\/nabytoklaguna.sk\/sk\/wp-json\/wp\/v2\/types\/product"}],"replies":[{"embeddable":true,"href":"https:\/\/nabytoklaguna.sk\/sk\/wp-json\/wp\/v2\/comments?post=120235"}],"wp:featuredmedia":[{"embeddable":true,"href":"https:\/\/nabytoklaguna.sk\/sk\/wp-json\/wp\/v2\/media\/11735"}],"wp:attachment":[{"href":"https:\/\/nabytoklaguna.sk\/sk\/wp-json\/wp\/v2\/media?parent=120235"}],"wp:term":[{"taxonomy":"product_brand","embeddable":true,"href":"https:\/\/nabytoklaguna.sk\/sk\/wp-json\/wp\/v2\/product_brand?post=120235"},{"taxonomy":"product_cat","embeddable":true,"href":"https:\/\/nabytoklaguna.sk\/sk\/wp-json\/wp\/v2\/product_cat?post=120235"},{"taxonomy":"product_tag","embeddable":true,"href":"https:\/\/nabytoklaguna.sk\/sk\/wp-json\/wp\/v2\/product_tag?post=120235"}],"curies":[{"name":"wp","href":"https:\/\/api.w.org\/{rel}","templated":true}]}}