{"id":120236,"date":"2023-04-22T20:12:00","date_gmt":"2023-04-22T20:12:00","guid":{"rendered":"https:\/\/nabytoklaguna.sk\/sk\/?post_type=product&#038;p=120236"},"modified":"2025-05-29T11:33:29","modified_gmt":"2025-05-29T09:33:29","slug":"tempo-kondela-mili-2","status":"publish","type":"product","link":"https:\/\/nabytoklaguna.sk\/sk\/produkt\/tempo-kondela-mili-2\/","title":{"rendered":"K MILI 2"},"content":{"rendered":"<p>Praktick\u00e1 rozkladacia pohovka s \u00falo\u017en\u00fdm priestorom, \u010dal\u00fanen\u00e1 l\u00e1tkou Dubaj hned\u00fd. Vhodn\u00e1 do detskej \u010di \u0161tudentskej izby. V\u010faka rozkladu V\u00e1m pon\u00faka priestor na pr\u00edle\u017eitostn\u00e9 spanie.<\/p>\n<p>Rozmer: \/\u0160xVxH\/:126x81x100cm, plocha na spanie:\/\u0160xD\/:110x195cm, v\u00fd\u0161ka x h\u013abka sedenia:35x65cm<\/p>\n","protected":false},"excerpt":{"rendered":"<p>Praktick\u00e1 rozkladacia pohovka s \u00falo\u017en\u00fdm priestorom, \u010dal\u00fanen\u00e1 l\u00e1tkou Dubaj hned\u00fd. Vhodn\u00e1 do detskej \u010di \u0161tudentskej izby. V\u010faka rozkladu V\u00e1m pon\u00faka priestor na pr\u00edle\u017eitostn\u00e9 spanie. Rozmer: \/\u0160xVxH\/:126x81x100cm, plocha na spanie:\/\u0160xD\/:110x195cm, v\u00fd\u0161ka x h\u013abka sedenia:35x65cm<\/p>\n","protected":false},"featured_media":11793,"comment_status":"closed","ping_status":"closed","template":"","meta":{"_seopress_robots_primary_cat":"219","_seopress_titles_title":"","_seopress_titles_desc":"","_seopress_robots_index":""},"product_brand":[],"product_cat":[219],"product_tag":[],"class_list":{"0":"post-120236","1":"product","2":"type-product","3":"status-publish","4":"has-post-thumbnail","6":"product_cat-pohovky","8":"first","9":"onbackorder","10":"shipping-taxable","11":"purchasable","12":"product-type-simple"},"_links":{"self":[{"href":"https:\/\/nabytoklaguna.sk\/sk\/wp-json\/wp\/v2\/product\/120236","targetHints":{"allow":["GET"]}}],"collection":[{"href":"https:\/\/nabytoklaguna.sk\/sk\/wp-json\/wp\/v2\/product"}],"about":[{"href":"https:\/\/nabytoklaguna.sk\/sk\/wp-json\/wp\/v2\/types\/product"}],"replies":[{"embeddable":true,"href":"https:\/\/nabytoklaguna.sk\/sk\/wp-json\/wp\/v2\/comments?post=120236"}],"wp:featuredmedia":[{"embeddable":true,"href":"https:\/\/nabytoklaguna.sk\/sk\/wp-json\/wp\/v2\/media\/11793"}],"wp:attachment":[{"href":"https:\/\/nabytoklaguna.sk\/sk\/wp-json\/wp\/v2\/media?parent=120236"}],"wp:term":[{"taxonomy":"product_brand","embeddable":true,"href":"https:\/\/nabytoklaguna.sk\/sk\/wp-json\/wp\/v2\/product_brand?post=120236"},{"taxonomy":"product_cat","embeddable":true,"href":"https:\/\/nabytoklaguna.sk\/sk\/wp-json\/wp\/v2\/product_cat?post=120236"},{"taxonomy":"product_tag","embeddable":true,"href":"https:\/\/nabytoklaguna.sk\/sk\/wp-json\/wp\/v2\/product_tag?post=120236"}],"curies":[{"name":"wp","href":"https:\/\/api.w.org\/{rel}","templated":true}]}}