{"id":120240,"date":"2023-04-22T20:12:00","date_gmt":"2023-04-22T20:12:00","guid":{"rendered":"https:\/\/nabytoklaguna.sk\/sk\/?post_type=product&#038;p=120240"},"modified":"2023-08-23T17:24:45","modified_gmt":"2023-08-23T15:24:45","slug":"fly","status":"publish","type":"product","link":"https:\/\/nabytoklaguna.sk\/sk\/produkt\/fly\/","title":{"rendered":"FLY"},"content":{"rendered":"<p>Modern\u00fd TV stol\u00edk, na ktor\u00fd m\u00f4\u017ete ulo\u017ei\u0165 svoj telev\u00edzor alebo ho m\u00f4\u017ete vyu\u017ei\u0165 ako doplnok v ob\u00fdvacej izbe. Skrinka m\u00e1 matn\u00fd korpus a dvierka s\u00fa leskl\u00e9, ktor\u00e9 sa otv\u00e1raj\u00fa syst\u00e9mom PUSH a CLICK, kde sta\u010d\u00ed jemne zatla\u010di\u0165 dvierka pre otvorenie skrinky. V\u00fdber farebn\u00e9ho prevedenia:\u010dierny\/biely lesk, \u010dierny\/\u010dierny lesk, biely\/\u010dierny lesk, biely\/biely lesk-<strong>kontaktujte n\u00e1s<\/strong><\/p>\n<p>Rozmer\/\u0160xHxV\/:160x40x30cm<\/p>\n","protected":false},"excerpt":{"rendered":"<p>Modern\u00fd TV stol\u00edk, na ktor\u00fd m\u00f4\u017ete ulo\u017ei\u0165 svoj telev\u00edzor alebo ho m\u00f4\u017ete vyu\u017ei\u0165 ako doplnok v ob\u00fdvacej izbe. Skrinka m\u00e1 matn\u00fd korpus a dvierka s\u00fa leskl\u00e9, ktor\u00e9 sa otv\u00e1raj\u00fa syst\u00e9mom PUSH a CLICK, kde sta\u010d\u00ed jemne zatla\u010di\u0165 dvierka pre otvorenie skrinky. V\u00fdber farebn\u00e9ho prevedenia:\u010dierny\/biely lesk, \u010dierny\/\u010dierny lesk, biely\/\u010dierny lesk, biely\/biely lesk-kontaktujte n\u00e1s Rozmer\/\u0160xHxV\/:160x40x30cm<\/p>\n","protected":false},"featured_media":12281,"comment_status":"closed","ping_status":"closed","template":"","meta":{"_seopress_robots_primary_cat":"824","_seopress_titles_title":"","_seopress_titles_desc":"","_seopress_robots_index":""},"product_brand":[],"product_cat":[824],"product_tag":[],"class_list":{"0":"post-120240","1":"product","2":"type-product","3":"status-publish","4":"has-post-thumbnail","6":"product_cat-rtv-stoliky","8":"first","9":"onbackorder","10":"shipping-taxable","11":"purchasable","12":"product-type-simple"},"_links":{"self":[{"href":"https:\/\/nabytoklaguna.sk\/sk\/wp-json\/wp\/v2\/product\/120240","targetHints":{"allow":["GET"]}}],"collection":[{"href":"https:\/\/nabytoklaguna.sk\/sk\/wp-json\/wp\/v2\/product"}],"about":[{"href":"https:\/\/nabytoklaguna.sk\/sk\/wp-json\/wp\/v2\/types\/product"}],"replies":[{"embeddable":true,"href":"https:\/\/nabytoklaguna.sk\/sk\/wp-json\/wp\/v2\/comments?post=120240"}],"wp:featuredmedia":[{"embeddable":true,"href":"https:\/\/nabytoklaguna.sk\/sk\/wp-json\/wp\/v2\/media\/12281"}],"wp:attachment":[{"href":"https:\/\/nabytoklaguna.sk\/sk\/wp-json\/wp\/v2\/media?parent=120240"}],"wp:term":[{"taxonomy":"product_brand","embeddable":true,"href":"https:\/\/nabytoklaguna.sk\/sk\/wp-json\/wp\/v2\/product_brand?post=120240"},{"taxonomy":"product_cat","embeddable":true,"href":"https:\/\/nabytoklaguna.sk\/sk\/wp-json\/wp\/v2\/product_cat?post=120240"},{"taxonomy":"product_tag","embeddable":true,"href":"https:\/\/nabytoklaguna.sk\/sk\/wp-json\/wp\/v2\/product_tag?post=120240"}],"curies":[{"name":"wp","href":"https:\/\/api.w.org\/{rel}","templated":true}]}}