{"id":120247,"date":"2023-04-22T20:12:00","date_gmt":"2023-04-22T20:12:00","guid":{"rendered":"https:\/\/nabytoklaguna.sk\/sk\/?post_type=product&#038;p=120247"},"modified":"2025-04-28T16:06:06","modified_gmt":"2025-04-28T14:06:06","slug":"tempo-kondela-vario","status":"publish","type":"product","link":"https:\/\/nabytoklaguna.sk\/sk\/produkt\/tempo-kondela-vario\/","title":{"rendered":"K VARIO"},"content":{"rendered":"<p>Multifunk\u010dn\u00fd reg\u00e1l, ktor\u00fd up\u00fata Va\u0161u pozornos\u0165 zauj\u00edmavo rie\u0161en\u00fdmi poli\u010dkami. Reg\u00e1l m\u00f4\u017ete vyu\u017ei\u0165 aj ako TV stol\u00edk.Je vhodn\u00fd estetick\u00fdm doplnkom do ka\u017ed\u00e9ho interi\u00e9ru. Materi\u00e1l: DTD laminovan\u00e1, prevedenie:dub sonoma<\/p>\n<p>Rozmer\/\u0160xHxV\/:48x35x123cm<\/p>\n<p><img loading=\"lazy\" decoding=\"async\" class=\"alignnone size-full wp-image-12148\" src=\"http:\/\/nabytoklaguna.sk\/sk\/wp-content\/uploads\/2017\/03\/slovensk\u00fd-znak-13.png\" alt=\"\" width=\"126\" height=\"126\" srcset=\"https:\/\/nabytoklaguna.sk\/sk\/wp-content\/uploads\/2017\/03\/slovensk\u00fd-znak-13.png 126w, https:\/\/nabytoklaguna.sk\/sk\/wp-content\/uploads\/2017\/03\/slovensk\u00fd-znak-13-100x100.png 100w\" sizes=\"auto, (max-width: 126px) 100vw, 126px\" \/><\/p>\n","protected":false},"excerpt":{"rendered":"<p>Multifunk\u010dn\u00fd reg\u00e1l, ktor\u00fd up\u00fata Va\u0161u pozornos\u0165 zauj\u00edmavo rie\u0161en\u00fdmi poli\u010dkami. Reg\u00e1l m\u00f4\u017ete vyu\u017ei\u0165 aj ako TV stol\u00edk.Je vhodn\u00fd estetick\u00fdm doplnkom do ka\u017ed\u00e9ho interi\u00e9ru. Materi\u00e1l: DTD laminovan\u00e1, prevedenie:dub sonoma Rozmer\/\u0160xHxV\/:48x35x123cm<\/p>\n","protected":false},"featured_media":12414,"comment_status":"closed","ping_status":"closed","template":"","meta":{"_seopress_robots_primary_cat":"824","_seopress_titles_title":"","_seopress_titles_desc":"","_seopress_robots_index":""},"product_brand":[],"product_cat":[824],"product_tag":[],"class_list":{"0":"post-120247","1":"product","2":"type-product","3":"status-publish","4":"has-post-thumbnail","6":"product_cat-rtv-stoliky","8":"first","9":"onbackorder","10":"shipping-taxable","11":"purchasable","12":"product-type-simple"},"_links":{"self":[{"href":"https:\/\/nabytoklaguna.sk\/sk\/wp-json\/wp\/v2\/product\/120247","targetHints":{"allow":["GET"]}}],"collection":[{"href":"https:\/\/nabytoklaguna.sk\/sk\/wp-json\/wp\/v2\/product"}],"about":[{"href":"https:\/\/nabytoklaguna.sk\/sk\/wp-json\/wp\/v2\/types\/product"}],"replies":[{"embeddable":true,"href":"https:\/\/nabytoklaguna.sk\/sk\/wp-json\/wp\/v2\/comments?post=120247"}],"wp:featuredmedia":[{"embeddable":true,"href":"https:\/\/nabytoklaguna.sk\/sk\/wp-json\/wp\/v2\/media\/12414"}],"wp:attachment":[{"href":"https:\/\/nabytoklaguna.sk\/sk\/wp-json\/wp\/v2\/media?parent=120247"}],"wp:term":[{"taxonomy":"product_brand","embeddable":true,"href":"https:\/\/nabytoklaguna.sk\/sk\/wp-json\/wp\/v2\/product_brand?post=120247"},{"taxonomy":"product_cat","embeddable":true,"href":"https:\/\/nabytoklaguna.sk\/sk\/wp-json\/wp\/v2\/product_cat?post=120247"},{"taxonomy":"product_tag","embeddable":true,"href":"https:\/\/nabytoklaguna.sk\/sk\/wp-json\/wp\/v2\/product_tag?post=120247"}],"curies":[{"name":"wp","href":"https:\/\/api.w.org\/{rel}","templated":true}]}}