{"id":120248,"date":"2023-04-22T20:12:00","date_gmt":"2023-04-22T20:12:00","guid":{"rendered":"https:\/\/nabytoklaguna.sk\/sk\/?post_type=product&#038;p=120248"},"modified":"2026-04-14T14:44:03","modified_gmt":"2026-04-14T12:44:03","slug":"ht-f4120","status":"publish","type":"product","link":"https:\/\/nabytoklaguna.sk\/sk\/produkt\/ht-f4120\/","title":{"rendered":"HT-F4120 OLW"},"content":{"rendered":"<p>Jed\u00e1lensk\u00fd okr\u00fahly st\u00f4l<strong> HT-F4120 OLW <\/strong>\u00a0vynik\u00e1 kombin\u00e1ciou <strong>pr\u00edrodn\u00e9ho dekoru star\u00e9ho dreva<\/strong> na MDF doske a robustnou kon\u0161trukciou s <strong>\u010diernymi kovov\u00fdmi nohami.<\/strong> Doska s priemerom 120 cm a v\u00fd\u0161kou 75 cm je vyroben\u00e1 z MDF materi\u00e1lu s povrchovou \u00fapravou <strong>v dekore old wood<\/strong>, ktor\u00fd napodob\u0148uje \u0161trukt\u00faru a farebnos\u0165 pr\u00edrodn\u00e9ho dreva, pri\u010dom je chr\u00e1nen\u00e1 ABS hranou pre zv\u00fd\u0161enie odolnosti proti po\u0161kodeniu a opotrebovaniu. Podno\u017e tvor\u00ed stabiln\u00e9 kovov\u00e9 nohy s pr\u00e1\u0161kov\u00fdm lakom v \u010diernej farbe, ktor\u00e9 s\u00fa navrhnut\u00e9 do modern\u00e9ho geometrick\u00e9ho tvaru zabezpe\u010duj\u00faceho pevnos\u0165 a stabilitu celej kon\u0161trukcie. Rektifika\u010dn\u00e9 nohy umo\u017e\u0148uj\u00fa jednoduch\u00e9 vyrovnanie stola na nerovnom povrchu, \u010do zvy\u0161uje jeho praktickos\u0165 a komfort pou\u017e\u00edvania.<strong> Okr\u00fahly tvar<\/strong> dosky podporuje soci\u00e1lnu interakciu a umo\u017e\u0148uje pohodln\u00e9 usadenie viacer\u00fdch os\u00f4b bez ostr\u00fdch hr\u00e1n, \u010do prispieva k ergon\u00f3mii a bezpe\u010dnosti pri pou\u017e\u00edvan\u00ed. St\u00f4l je vhodn\u00fd do jed\u00e1ln\u00ed aj modern\u00fdch obytn\u00fdch priestorov, kde ocen\u00edte kombin\u00e1ciu estetick\u00e9ho vzh\u013eadu s funk\u010dnou stabilitou a odolnos\u0165ou. Nosnos\u0165 stola zodpoved\u00e1 be\u017en\u00e9mu dom\u00e1cemu aj komer\u010dn\u00e9mu vyu\u017eitiu, pri\u010dom rozmery 120&#215;75 cm poskytuj\u00fa dostatok priestoru na stolovanie aj \u010fal\u0161ie aktivity.<\/p>\n<ul>\n<li>Rektifika\u010dn\u00e9 nohy<\/li>\n<li>Stabiln\u00e1 kovov\u00e1 podno\u017e<\/li>\n<li>ABS hrana dosky<\/li>\n<\/ul>\n<div class=\"mb-2\">\n<div class=\"d-flex gap-2\">\n<div class=\"d-flex gap-1\">\n<p>&nbsp;<\/p>\n<div class=\"lh-1\">Rozmery: \u0161120 x h1<span style=\"font-size: 15.008px;\">20 x v<\/span><span style=\"font-size: 15.008px;\">76<\/span><span style=\"font-size: 15.008px;\">cm<\/span><\/div>\n<\/div>\n<\/div>\n<\/div>\n","protected":false},"excerpt":{"rendered":"<p>Jed\u00e1lensk\u00fd okr\u00fahly st\u00f4l HT-F4120 OLW \u00a0vynik\u00e1 kombin\u00e1ciou pr\u00edrodn\u00e9ho dekoru star\u00e9ho dreva na MDF doske a robustnou kon\u0161trukciou s \u010diernymi kovov\u00fdmi nohami. Doska s priemerom 120 cm a v\u00fd\u0161kou 75 cm je vyroben\u00e1 z MDF materi\u00e1lu s povrchovou \u00fapravou v dekore old wood, ktor\u00fd napodob\u0148uje \u0161trukt\u00faru a farebnos\u0165 pr\u00edrodn\u00e9ho dreva, pri\u010dom je chr\u00e1nen\u00e1 ABS hranou pre&#8230;<\/p>\n","protected":false},"featured_media":124730,"comment_status":"closed","ping_status":"closed","template":"","meta":{"_seopress_robots_primary_cat":"244","_seopress_titles_title":"","_seopress_titles_desc":"","_seopress_robots_index":""},"product_brand":[],"product_cat":[244],"product_tag":[],"class_list":{"0":"post-120248","1":"product","2":"type-product","3":"status-publish","4":"has-post-thumbnail","6":"product_cat-drevene-stoly","8":"first","9":"onbackorder","10":"sale","11":"shipping-taxable","12":"purchasable","13":"product-type-simple"},"_links":{"self":[{"href":"https:\/\/nabytoklaguna.sk\/sk\/wp-json\/wp\/v2\/product\/120248","targetHints":{"allow":["GET"]}}],"collection":[{"href":"https:\/\/nabytoklaguna.sk\/sk\/wp-json\/wp\/v2\/product"}],"about":[{"href":"https:\/\/nabytoklaguna.sk\/sk\/wp-json\/wp\/v2\/types\/product"}],"replies":[{"embeddable":true,"href":"https:\/\/nabytoklaguna.sk\/sk\/wp-json\/wp\/v2\/comments?post=120248"}],"wp:featuredmedia":[{"embeddable":true,"href":"https:\/\/nabytoklaguna.sk\/sk\/wp-json\/wp\/v2\/media\/124730"}],"wp:attachment":[{"href":"https:\/\/nabytoklaguna.sk\/sk\/wp-json\/wp\/v2\/media?parent=120248"}],"wp:term":[{"taxonomy":"product_brand","embeddable":true,"href":"https:\/\/nabytoklaguna.sk\/sk\/wp-json\/wp\/v2\/product_brand?post=120248"},{"taxonomy":"product_cat","embeddable":true,"href":"https:\/\/nabytoklaguna.sk\/sk\/wp-json\/wp\/v2\/product_cat?post=120248"},{"taxonomy":"product_tag","embeddable":true,"href":"https:\/\/nabytoklaguna.sk\/sk\/wp-json\/wp\/v2\/product_tag?post=120248"}],"curies":[{"name":"wp","href":"https:\/\/api.w.org\/{rel}","templated":true}]}}