{"id":120254,"date":"2023-04-22T20:12:00","date_gmt":"2023-04-22T20:12:00","guid":{"rendered":"https:\/\/nabytoklaguna.sk\/sk\/?post_type=product&#038;p=120254"},"modified":"2026-04-21T14:28:29","modified_gmt":"2026-04-21T12:28:29","slug":"e-tulipan","status":"publish","type":"product","link":"https:\/\/nabytoklaguna.sk\/sk\/produkt\/e-tulipan\/","title":{"rendered":"E TULIP\u00c1N"},"content":{"rendered":"<p>Stoli\u010dka v klasickom \u0161t\u00fdle, vhodn\u00e1 do ka\u017edej dom\u00e1cnosti. Kovov\u00e1 kon\u0161trukcia, podsed\u00e1k \u010dal\u00fanen\u00fd ekoko\u017eou alebo l\u00e1tkou.<\/p>\n<p>Rozmer\/\u0160xHxV\/:37x43x86cm<\/p>\n<p><strong>Parametre v\u00fdrobku<\/strong><\/p>\n<table border=\"0\" cellspacing=\"5\" cellpadding=\"1\">\n<tbody>\n<tr>\n<td><strong>Typ v\u00fdrobku<\/strong><\/td>\n<td>Kovov\u00e1 \u00a0jed\u00e1lenska stoli\u010dka<\/td>\n<\/tr>\n<tr>\n<td><strong>Materi\u00e1l<\/strong><\/td>\n<td>ekoko\u017ea+chr\u00f3m<\/td>\n<\/tr>\n<tr>\n<td><strong>Farebn\u00e9 prevedenie korpusu<\/strong><\/td>\n<td>biela<\/td>\n<\/tr>\n<tr>\n<td><strong>Rozmery \u0161xhxv<\/strong><\/td>\n<td>37x43x86<\/td>\n<\/tr>\n<tr>\n<td><strong>Balenie<\/strong><\/td>\n<td>demont<\/td>\n<\/tr>\n<tr>\n<td><strong>Z\u00e1ruka<\/strong><\/td>\n<td>2 roky<\/td>\n<\/tr>\n<\/tbody>\n<\/table>\n","protected":false},"excerpt":{"rendered":"<p>Stoli\u010dka v klasickom \u0161t\u00fdle, vhodn\u00e1 do ka\u017edej dom\u00e1cnosti. Kovov\u00e1 kon\u0161trukcia, podsed\u00e1k \u010dal\u00fanen\u00fd ekoko\u017eou alebo l\u00e1tkou. Rozmer\/\u0160xHxV\/:37x43x86cm Parametre v\u00fdrobku Typ v\u00fdrobku Kovov\u00e1 \u00a0jed\u00e1lenska stoli\u010dka Materi\u00e1l ekoko\u017ea+chr\u00f3m Farebn\u00e9 prevedenie korpusu biela Rozmery \u0161xhxv 37x43x86 Balenie demont Z\u00e1ruka 2 roky<\/p>\n","protected":false},"featured_media":127777,"comment_status":"closed","ping_status":"closed","template":"","meta":{"_seopress_robots_primary_cat":"239","_seopress_titles_title":"","_seopress_titles_desc":"","_seopress_robots_index":""},"product_brand":[],"product_cat":[239],"product_tag":[],"class_list":{"0":"post-120254","1":"product","2":"type-product","3":"status-publish","4":"has-post-thumbnail","6":"product_cat-kovove-stolicky","8":"first","9":"onbackorder","10":"shipping-taxable","11":"purchasable","12":"product-type-simple"},"_links":{"self":[{"href":"https:\/\/nabytoklaguna.sk\/sk\/wp-json\/wp\/v2\/product\/120254","targetHints":{"allow":["GET"]}}],"collection":[{"href":"https:\/\/nabytoklaguna.sk\/sk\/wp-json\/wp\/v2\/product"}],"about":[{"href":"https:\/\/nabytoklaguna.sk\/sk\/wp-json\/wp\/v2\/types\/product"}],"replies":[{"embeddable":true,"href":"https:\/\/nabytoklaguna.sk\/sk\/wp-json\/wp\/v2\/comments?post=120254"}],"wp:featuredmedia":[{"embeddable":true,"href":"https:\/\/nabytoklaguna.sk\/sk\/wp-json\/wp\/v2\/media\/127777"}],"wp:attachment":[{"href":"https:\/\/nabytoklaguna.sk\/sk\/wp-json\/wp\/v2\/media?parent=120254"}],"wp:term":[{"taxonomy":"product_brand","embeddable":true,"href":"https:\/\/nabytoklaguna.sk\/sk\/wp-json\/wp\/v2\/product_brand?post=120254"},{"taxonomy":"product_cat","embeddable":true,"href":"https:\/\/nabytoklaguna.sk\/sk\/wp-json\/wp\/v2\/product_cat?post=120254"},{"taxonomy":"product_tag","embeddable":true,"href":"https:\/\/nabytoklaguna.sk\/sk\/wp-json\/wp\/v2\/product_tag?post=120254"}],"curies":[{"name":"wp","href":"https:\/\/api.w.org\/{rel}","templated":true}]}}