{"id":120266,"date":"2023-04-22T20:12:00","date_gmt":"2023-04-22T20:12:00","guid":{"rendered":"https:\/\/nabytoklaguna.sk\/sk\/?post_type=product&#038;p=120266"},"modified":"2023-11-30T14:01:39","modified_gmt":"2023-11-30T13:01:39","slug":"tempo-kondela-norah","status":"publish","type":"product","link":"https:\/\/nabytoklaguna.sk\/sk\/produkt\/tempo-kondela-norah\/","title":{"rendered":"TK NORAH"},"content":{"rendered":"<p>Trendov\u00fd reg\u00e1l NORAH vyroben\u00fd z kvalitnej laminovanej drevotriesky vo farebnom preveden\u00ed biela alebo dub sonoma.<\/p>\n<ul>\n<li><b>Materi\u00e1l:<\/b>\u00a0laminovan\u00e1 drevotrieska<\/li>\n<li><b>Farba:<\/b>\u00a0biela, dub sonoma<\/li>\n<li><b>Rozmery (\u0160xHxV):<\/b>\u00a0139x33x144 cm<\/li>\n<li><b>V\u00fd\u0161ka a h\u013abka odkladac\u00edch prie\u010dinkov :<\/b>\u00a034&#215;32,5 cm<\/li>\n<li>Reg\u00e1l na no\u017ei\u010dk\u00e1ch<\/li>\n<li>Dod\u00e1van\u00e9 v demonte<\/li>\n<li><b>Kvalitn\u00fd slovensk\u00fd v\u00fdrobok<\/b><\/li>\n<\/ul>\n","protected":false},"excerpt":{"rendered":"<p>Trendov\u00fd reg\u00e1l NORAH vyroben\u00fd z kvalitnej laminovanej drevotriesky vo farebnom preveden\u00ed biela alebo dub sonoma. Materi\u00e1l:\u00a0laminovan\u00e1 drevotrieska Farba:\u00a0biela, dub sonoma Rozmery (\u0160xHxV):\u00a0139x33x144 cm V\u00fd\u0161ka a h\u013abka odkladac\u00edch prie\u010dinkov :\u00a034&#215;32,5 cm Reg\u00e1l na no\u017ei\u010dk\u00e1ch Dod\u00e1van\u00e9 v demonte Kvalitn\u00fd slovensk\u00fd v\u00fdrobok<\/p>\n","protected":false},"featured_media":15521,"comment_status":"closed","ping_status":"closed","template":"","meta":{"_seopress_robots_primary_cat":"1062","_seopress_titles_title":"","_seopress_titles_desc":"","_seopress_robots_index":""},"product_brand":[],"product_cat":[1062],"product_tag":[],"class_list":{"0":"post-120266","1":"product","2":"type-product","3":"status-publish","4":"has-post-thumbnail","6":"product_cat-regaly-police","7":"pa_farba-biela","8":"pa_farba-dub-sonoma","10":"first","11":"onbackorder","12":"shipping-taxable","13":"purchasable","14":"product-type-simple"},"_links":{"self":[{"href":"https:\/\/nabytoklaguna.sk\/sk\/wp-json\/wp\/v2\/product\/120266","targetHints":{"allow":["GET"]}}],"collection":[{"href":"https:\/\/nabytoklaguna.sk\/sk\/wp-json\/wp\/v2\/product"}],"about":[{"href":"https:\/\/nabytoklaguna.sk\/sk\/wp-json\/wp\/v2\/types\/product"}],"replies":[{"embeddable":true,"href":"https:\/\/nabytoklaguna.sk\/sk\/wp-json\/wp\/v2\/comments?post=120266"}],"wp:featuredmedia":[{"embeddable":true,"href":"https:\/\/nabytoklaguna.sk\/sk\/wp-json\/wp\/v2\/media\/15521"}],"wp:attachment":[{"href":"https:\/\/nabytoklaguna.sk\/sk\/wp-json\/wp\/v2\/media?parent=120266"}],"wp:term":[{"taxonomy":"product_brand","embeddable":true,"href":"https:\/\/nabytoklaguna.sk\/sk\/wp-json\/wp\/v2\/product_brand?post=120266"},{"taxonomy":"product_cat","embeddable":true,"href":"https:\/\/nabytoklaguna.sk\/sk\/wp-json\/wp\/v2\/product_cat?post=120266"},{"taxonomy":"product_tag","embeddable":true,"href":"https:\/\/nabytoklaguna.sk\/sk\/wp-json\/wp\/v2\/product_tag?post=120266"}],"curies":[{"name":"wp","href":"https:\/\/api.w.org\/{rel}","templated":true}]}}