{"id":120538,"date":"2023-10-31T13:43:42","date_gmt":"2023-10-31T12:43:42","guid":{"rendered":"https:\/\/nabytoklaguna.sk\/sk\/?post_type=product&#038;p=120538"},"modified":"2026-04-14T16:40:41","modified_gmt":"2026-04-14T14:40:41","slug":"aut-pika","status":"publish","type":"product","link":"https:\/\/nabytoklaguna.sk\/sk\/produkt\/aut-pika\/","title":{"rendered":"AUT PIKA"},"content":{"rendered":"<p>V\u010faka svojmu dokonal\u00e9mu dizajnu je t\u00e1to <strong>stoli\u010dka<\/strong> v industri\u00e1lnom \u0161t\u00fdle nezamenite\u013en\u00e1 a z\u00e1rove\u0148 <strong>ve\u013emi pohodln\u00e1.<\/strong><\/p>\n<p>Ve\u013emi dekorat\u00edvnym prvkom je v\u00fdrazn\u00e9 <strong>pre\u0161itie vn\u00fatorn\u00fdch pl\u00f4ch<\/strong> vo farbe po\u0165ahu. Vybran\u00e1 l\u00e1tka sa tie\u017e ve\u013emi <strong>dobre \u010dist\u00ed<\/strong>. <strong>Stabilitu stoli\u010dky<\/strong> zais\u0165uj\u00fa \u0161tyri k\u00f3nick\u00e9 <strong>kovov\u00e9 nohy<\/strong> obd\u013a\u017enikov\u00e9ho prierezu s kvalitn\u00fdm pr\u00e1\u0161kov\u00fdm n\u00e1strekom v <strong>\u010diernej matnej farbe<\/strong>. Ukon\u010den\u00e9 s\u00fa \u010diernymi plastov\u00fdmi klz\u00e1kmi, <strong>zabra\u0148uj\u00faci po\u0161kodeniu<\/strong> tvrd\u00fdch povrchov podl\u00e1h.<\/p>\n<p>Polstrovanie je z PU peny.<\/p>\n<p>dod\u00e1van\u00e9 v demonte<\/p>\n<table>\n<tbody>\n<tr>\n<td class=\"popis\">\u0160\u00edrka (cm):<\/td>\n<td>58 cm<\/td>\n<\/tr>\n<tr>\n<td class=\"popis\">H\u013abka (cm):<\/td>\n<td>57 cm<\/td>\n<\/tr>\n<tr>\n<td class=\"popis\">V\u00fd\u0161ka (cm):<\/td>\n<td>84 cm<\/td>\n<\/tr>\n<tr>\n<td>v\u00fd\u0161ka sedu:<\/td>\n<td>52 cm<\/td>\n<\/tr>\n<tr>\n<td>Materi\u00e1l v\u00fdplne:<\/td>\n<td>PU pena<\/td>\n<\/tr>\n<tr>\n<td>nohy:<\/td>\n<td>kov<\/td>\n<\/tr>\n<tr>\n<td>nosnos\u0165:<\/td>\n<td>120 kg<\/td>\n<\/tr>\n<tr>\n<td>hmotnos\u0165:<\/td>\n<td>8 kg<\/td>\n<\/tr>\n<\/tbody>\n<\/table>\n","protected":false},"excerpt":{"rendered":"<p>V\u010faka svojmu dokonal\u00e9mu dizajnu je t\u00e1to stoli\u010dka v industri\u00e1lnom \u0161t\u00fdle nezamenite\u013en\u00e1 a z\u00e1rove\u0148 ve\u013emi pohodln\u00e1. Ve\u013emi dekorat\u00edvnym prvkom je v\u00fdrazn\u00e9 pre\u0161itie vn\u00fatorn\u00fdch pl\u00f4ch vo farbe po\u0165ahu. Vybran\u00e1 l\u00e1tka sa tie\u017e ve\u013emi dobre \u010dist\u00ed. Stabilitu stoli\u010dky zais\u0165uj\u00fa \u0161tyri k\u00f3nick\u00e9 kovov\u00e9 nohy obd\u013a\u017enikov\u00e9ho prierezu s kvalitn\u00fdm pr\u00e1\u0161kov\u00fdm n\u00e1strekom v \u010diernej matnej farbe. Ukon\u010den\u00e9 s\u00fa \u010diernymi plastov\u00fdmi klz\u00e1kmi,&#8230;<\/p>\n","protected":false},"featured_media":120558,"comment_status":"closed","ping_status":"closed","template":"","meta":{"_seopress_robots_primary_cat":"none","_seopress_titles_title":"","_seopress_titles_desc":"","_seopress_robots_index":""},"product_brand":[],"product_cat":[4721,239,237],"product_tag":[],"class_list":{"0":"post-120538","1":"product","2":"type-product","3":"status-publish","4":"has-post-thumbnail","6":"product_cat-jedalenske-stolicky","7":"product_cat-kovove-stolicky","8":"product_cat-stolicky","9":"pa_farba-blue","10":"pa_farba-grn","11":"pa_farba-red4","12":"pa_farba-sil","13":"pa_farba-bk","14":"pa_farba-yellow","16":"first","17":"instock","18":"sale","19":"shipping-taxable","20":"purchasable","21":"product-type-variable"},"_links":{"self":[{"href":"https:\/\/nabytoklaguna.sk\/sk\/wp-json\/wp\/v2\/product\/120538","targetHints":{"allow":["GET"]}}],"collection":[{"href":"https:\/\/nabytoklaguna.sk\/sk\/wp-json\/wp\/v2\/product"}],"about":[{"href":"https:\/\/nabytoklaguna.sk\/sk\/wp-json\/wp\/v2\/types\/product"}],"replies":[{"embeddable":true,"href":"https:\/\/nabytoklaguna.sk\/sk\/wp-json\/wp\/v2\/comments?post=120538"}],"wp:featuredmedia":[{"embeddable":true,"href":"https:\/\/nabytoklaguna.sk\/sk\/wp-json\/wp\/v2\/media\/120558"}],"wp:attachment":[{"href":"https:\/\/nabytoklaguna.sk\/sk\/wp-json\/wp\/v2\/media?parent=120538"}],"wp:term":[{"taxonomy":"product_brand","embeddable":true,"href":"https:\/\/nabytoklaguna.sk\/sk\/wp-json\/wp\/v2\/product_brand?post=120538"},{"taxonomy":"product_cat","embeddable":true,"href":"https:\/\/nabytoklaguna.sk\/sk\/wp-json\/wp\/v2\/product_cat?post=120538"},{"taxonomy":"product_tag","embeddable":true,"href":"https:\/\/nabytoklaguna.sk\/sk\/wp-json\/wp\/v2\/product_tag?post=120538"}],"curies":[{"name":"wp","href":"https:\/\/api.w.org\/{rel}","templated":true}]}}