{"id":120615,"date":"2023-11-02T11:47:22","date_gmt":"2023-11-02T10:47:22","guid":{"rendered":"https:\/\/nabytoklaguna.sk\/sk\/?post_type=product&#038;p=120615"},"modified":"2026-04-14T16:37:14","modified_gmt":"2026-04-14T14:37:14","slug":"aut-hc-539","status":"publish","type":"product","link":"https:\/\/nabytoklaguna.sk\/sk\/produkt\/aut-hc-539\/","title":{"rendered":"AUT HC-539"},"content":{"rendered":"<p>V\u010faka svojmu dokonal\u00e9mu dizajnu je t\u00e1to\u00a0<strong>stoli\u010dka<\/strong>\u00a0v industri\u00e1lnom \u0161t\u00fdle nezamenite\u013en\u00e1 a z\u00e1rove\u0148\u00a0<strong>ve\u013emi pohodln\u00e1.<\/strong><\/p>\n<p>Ve\u013emi dekorat\u00edvnym prvkom je v\u00fdrazn\u00e9\u00a0<strong>pre\u0161itie vn\u00fatorn\u00fdch pl\u00f4ch<\/strong>\u00a0vo farbe po\u0165ahu.\u00a0<strong>Pohodln\u00e9 sedenie<\/strong>\u00a0zabezpe\u010d\u00ed nielen bohat\u00e9 polstrovanie, ale aj praktick\u00e9 a pohodln\u00e9 opierky na ruky. Vybran\u00e1 l\u00e1tka sa tie\u017e ve\u013emi\u00a0<strong>dobre \u010dist\u00ed<\/strong>.\u00a0<strong>Stabilitu stoli\u010dky<\/strong> zais\u0165uj\u00fa \u0161tyri mas\u00edvne <strong>dreven\u00e9 nohy<\/strong> z dubov\u00e9ho dreva<b>, olejovan\u00e9<\/b>. Ukon\u010den\u00e9 s\u00fa \u010diernymi plastov\u00fdmi klz\u00e1kmi,\u00a0<strong>zabra\u0148uj\u00faci po\u0161kodeniu<\/strong> tvrd\u00fdch povrchov podl\u00e1h. <strong>Sed\u00e1k je oto\u010dn\u00fd P90\u00b0+ L 90\u00b0<\/strong> s vratn\u00fdm mechanizmom &#8211; funkcia reset.<\/p>\n<p>Polstrovanie je z PU peny.<\/p>\n<p>dod\u00e1van\u00e9 v demonte<\/p>\n<table>\n<tbody>\n<tr>\n<td class=\"popis\">\u0160\u00edrka (cm):<\/td>\n<td>59 cm<\/td>\n<\/tr>\n<tr>\n<td class=\"popis\">H\u013abka (cm):<\/td>\n<td>90 cm<\/td>\n<\/tr>\n<tr>\n<td class=\"popis\">V\u00fd\u0161ka (cm):<\/td>\n<td>87 cm<\/td>\n<\/tr>\n<tr>\n<td>v\u00fd\u0161ka sedu:<\/td>\n<td>51 cm<\/td>\n<\/tr>\n<tr>\n<td>Materi\u00e1l v\u00fdplne:<\/td>\n<td>PU pena<\/td>\n<\/tr>\n<tr>\n<td>nohy:<\/td>\n<td>kov<\/td>\n<\/tr>\n<tr>\n<td>nosnos\u0165:<\/td>\n<td>120 kg<\/td>\n<\/tr>\n<tr>\n<td>hmotnos\u0165:<\/td>\n<td>8 kg<\/td>\n<\/tr>\n<\/tbody>\n<\/table>\n<p>&nbsp;<\/p>\n","protected":false},"excerpt":{"rendered":"<p>V\u010faka svojmu dokonal\u00e9mu dizajnu je t\u00e1to\u00a0stoli\u010dka\u00a0v industri\u00e1lnom \u0161t\u00fdle nezamenite\u013en\u00e1 a z\u00e1rove\u0148\u00a0ve\u013emi pohodln\u00e1. Ve\u013emi dekorat\u00edvnym prvkom je v\u00fdrazn\u00e9\u00a0pre\u0161itie vn\u00fatorn\u00fdch pl\u00f4ch\u00a0vo farbe po\u0165ahu.\u00a0Pohodln\u00e9 sedenie\u00a0zabezpe\u010d\u00ed nielen bohat\u00e9 polstrovanie, ale aj praktick\u00e9 a pohodln\u00e9 opierky na ruky. Vybran\u00e1 l\u00e1tka sa tie\u017e ve\u013emi\u00a0dobre \u010dist\u00ed.\u00a0Stabilitu stoli\u010dky zais\u0165uj\u00fa \u0161tyri mas\u00edvne dreven\u00e9 nohy z dubov\u00e9ho dreva, olejovan\u00e9. Ukon\u010den\u00e9 s\u00fa \u010diernymi plastov\u00fdmi klz\u00e1kmi,\u00a0zabra\u0148uj\u00faci po\u0161kodeniu&#8230;<\/p>\n","protected":false},"featured_media":120623,"comment_status":"closed","ping_status":"closed","template":"","meta":{"_seopress_robots_primary_cat":"none","_seopress_titles_title":"","_seopress_titles_desc":"","_seopress_robots_index":""},"product_brand":[],"product_cat":[4721,238,237],"product_tag":[],"class_list":{"0":"post-120615","1":"product","2":"type-product","3":"status-publish","4":"has-post-thumbnail","6":"product_cat-jedalenske-stolicky","7":"product_cat-drevene-stolicky","8":"product_cat-stolicky","9":"pa_farba-bk3","10":"pa_farba-br3","12":"first","13":"instock","14":"sale","15":"shipping-taxable","16":"purchasable","17":"product-type-variable"},"_links":{"self":[{"href":"https:\/\/nabytoklaguna.sk\/sk\/wp-json\/wp\/v2\/product\/120615","targetHints":{"allow":["GET"]}}],"collection":[{"href":"https:\/\/nabytoklaguna.sk\/sk\/wp-json\/wp\/v2\/product"}],"about":[{"href":"https:\/\/nabytoklaguna.sk\/sk\/wp-json\/wp\/v2\/types\/product"}],"replies":[{"embeddable":true,"href":"https:\/\/nabytoklaguna.sk\/sk\/wp-json\/wp\/v2\/comments?post=120615"}],"wp:featuredmedia":[{"embeddable":true,"href":"https:\/\/nabytoklaguna.sk\/sk\/wp-json\/wp\/v2\/media\/120623"}],"wp:attachment":[{"href":"https:\/\/nabytoklaguna.sk\/sk\/wp-json\/wp\/v2\/media?parent=120615"}],"wp:term":[{"taxonomy":"product_brand","embeddable":true,"href":"https:\/\/nabytoklaguna.sk\/sk\/wp-json\/wp\/v2\/product_brand?post=120615"},{"taxonomy":"product_cat","embeddable":true,"href":"https:\/\/nabytoklaguna.sk\/sk\/wp-json\/wp\/v2\/product_cat?post=120615"},{"taxonomy":"product_tag","embeddable":true,"href":"https:\/\/nabytoklaguna.sk\/sk\/wp-json\/wp\/v2\/product_tag?post=120615"}],"curies":[{"name":"wp","href":"https:\/\/api.w.org\/{rel}","templated":true}]}}