{"id":120647,"date":"2023-11-02T12:32:58","date_gmt":"2023-11-02T11:32:58","guid":{"rendered":"https:\/\/nabytoklaguna.sk\/sk\/?post_type=product&#038;p=120647"},"modified":"2026-01-15T00:56:34","modified_gmt":"2026-01-14T23:56:34","slug":"hc-535","status":"publish","type":"product","link":"https:\/\/nabytoklaguna.sk\/sk\/produkt\/hc-535\/","title":{"rendered":"HC-535"},"content":{"rendered":"<p>V\u010faka svojmu dokonal\u00e9mu dizajnu je t\u00e1to\u00a0<strong>stoli\u010dka<\/strong> v <strong>tmavo \u0161edej l\u00e1tke\u00a0 <\/strong>v industri\u00e1lnom \u0161t\u00fdle nezamenite\u013en\u00e1 a z\u00e1rove\u0148\u00a0<strong>ve\u013emi pohodln\u00e1.<\/strong><\/p>\n<p>Ve\u013emi dekorat\u00edvnym prvkom je ozdobne pre\u0161it\u00e1 predn\u00e1 a zadn\u00e1 opierka v modernej l\u00e1tke.\u00a0 Pohodln\u00e9 sedenie\u00a0zabezpe\u010d\u00ed nielen bohat\u00e9 polstrovanie, ale aj praktick\u00e9 a pohodln\u00e9 opierky na ruky. Vybran\u00e1 l\u00e1tka sa tie\u017e ve\u013emi\u00a0<strong>dobre \u010dist\u00ed<\/strong>.\u00a0<strong>Stabilitu stoli\u010dky<\/strong>\u00a0zais\u0165uj\u00fa \u0161tyri k\u00f3nick\u00e9\u00a0<strong>kovov\u00e9 nohy<\/strong>\u00a0s kvalitn\u00fdm pr\u00e1\u0161kov\u00fdm n\u00e1strekom v\u00a0<strong>\u010diernej matnej farbe<\/strong>. Ukon\u010den\u00e9 s\u00fa \u010diernymi plastov\u00fdmi klz\u00e1kmi,\u00a0zabra\u0148uj\u00faci po\u0161kodeniu tvrd\u00fdch povrchov podl\u00e1h.\u00a0 Sed\u00e1k je oto\u010dn\u00fd<strong>\u00a0P90\u00b0+ L 90\u00b0<\/strong>\u00a0s vratn\u00fdm mechanizmom \u2013<strong>\u00a0funkcia reset.<\/strong><\/p>\n<p>Rozmery : 53 x 65 x 85 x 50 cm<\/p>\n<p>Polstrovanie je z PU peny.<\/p>\n<p>Dod\u00e1van\u00e9 v demonte<\/p>\n<table>\n<tbody>\n<tr>\n<td class=\"popis\">\u0160\u00edrka (cm):<\/td>\n<td>53 cm<\/td>\n<\/tr>\n<tr>\n<td class=\"popis\">H\u013abka (cm):<\/td>\n<td>65 cm<\/td>\n<\/tr>\n<tr>\n<td class=\"popis\">V\u00fd\u0161ka (cm):<\/td>\n<td>85 cm<\/td>\n<\/tr>\n<tr>\n<td>v\u00fd\u0161ka sedu:<\/td>\n<td>50 cm<\/td>\n<\/tr>\n<tr>\n<td>Materi\u00e1l v\u00fdplne:<\/td>\n<td>PU pena<\/td>\n<\/tr>\n<tr>\n<td>nohy:<\/td>\n<td>kov<\/td>\n<\/tr>\n<tr>\n<td>nosnos\u0165:<\/td>\n<td>120 kg<\/td>\n<\/tr>\n<tr>\n<td>hmotnos\u0165:<\/td>\n<td>8 kg<\/td>\n<\/tr>\n<\/tbody>\n<\/table>\n","protected":false},"excerpt":{"rendered":"<p>V\u010faka svojmu dokonal\u00e9mu dizajnu je t\u00e1to\u00a0stoli\u010dka v tmavo \u0161edej l\u00e1tke\u00a0 v industri\u00e1lnom \u0161t\u00fdle nezamenite\u013en\u00e1 a z\u00e1rove\u0148\u00a0ve\u013emi pohodln\u00e1. Ve\u013emi dekorat\u00edvnym prvkom je ozdobne pre\u0161it\u00e1 predn\u00e1 a zadn\u00e1 opierka v modernej l\u00e1tke.\u00a0 Pohodln\u00e9 sedenie\u00a0zabezpe\u010d\u00ed nielen bohat\u00e9 polstrovanie, ale aj praktick\u00e9 a pohodln\u00e9 opierky na ruky. Vybran\u00e1 l\u00e1tka sa tie\u017e ve\u013emi\u00a0dobre \u010dist\u00ed.\u00a0Stabilitu stoli\u010dky\u00a0zais\u0165uj\u00fa \u0161tyri k\u00f3nick\u00e9\u00a0kovov\u00e9 nohy\u00a0s kvalitn\u00fdm pr\u00e1\u0161kov\u00fdm&#8230;<\/p>\n","protected":false},"featured_media":120652,"comment_status":"closed","ping_status":"closed","template":"","meta":{"_seopress_robots_primary_cat":"none","_seopress_titles_title":"","_seopress_titles_desc":"","_seopress_robots_index":""},"product_brand":[],"product_cat":[4721,239,237],"product_tag":[],"class_list":{"0":"post-120647","1":"product","2":"type-product","3":"status-publish","4":"has-post-thumbnail","6":"product_cat-jedalenske-stolicky","7":"product_cat-kovove-stolicky","8":"product_cat-stolicky","10":"first","11":"onbackorder","12":"shipping-taxable","13":"purchasable","14":"product-type-simple"},"_links":{"self":[{"href":"https:\/\/nabytoklaguna.sk\/sk\/wp-json\/wp\/v2\/product\/120647","targetHints":{"allow":["GET"]}}],"collection":[{"href":"https:\/\/nabytoklaguna.sk\/sk\/wp-json\/wp\/v2\/product"}],"about":[{"href":"https:\/\/nabytoklaguna.sk\/sk\/wp-json\/wp\/v2\/types\/product"}],"replies":[{"embeddable":true,"href":"https:\/\/nabytoklaguna.sk\/sk\/wp-json\/wp\/v2\/comments?post=120647"}],"wp:featuredmedia":[{"embeddable":true,"href":"https:\/\/nabytoklaguna.sk\/sk\/wp-json\/wp\/v2\/media\/120652"}],"wp:attachment":[{"href":"https:\/\/nabytoklaguna.sk\/sk\/wp-json\/wp\/v2\/media?parent=120647"}],"wp:term":[{"taxonomy":"product_brand","embeddable":true,"href":"https:\/\/nabytoklaguna.sk\/sk\/wp-json\/wp\/v2\/product_brand?post=120647"},{"taxonomy":"product_cat","embeddable":true,"href":"https:\/\/nabytoklaguna.sk\/sk\/wp-json\/wp\/v2\/product_cat?post=120647"},{"taxonomy":"product_tag","embeddable":true,"href":"https:\/\/nabytoklaguna.sk\/sk\/wp-json\/wp\/v2\/product_tag?post=120647"}],"curies":[{"name":"wp","href":"https:\/\/api.w.org\/{rel}","templated":true}]}}