{"id":12067,"date":"2021-02-22T16:54:36","date_gmt":"2021-02-22T15:54:36","guid":{"rendered":"http:\/\/nabytoklaguna.sk\/sk\/?post_type=product&#038;p=12067"},"modified":"2025-02-24T12:46:14","modified_gmt":"2025-02-24T11:46:14","slug":"kubos-2","status":"publish","type":"product","link":"https:\/\/nabytoklaguna.sk\/sk\/produkt\/kubos-2\/","title":{"rendered":"K KUBO\u0160"},"content":{"rendered":"<p><strong>Praktick\u00e9 a modern\u00e9<\/strong> rozkladacie kreslo <strong>KUBO\u0160<\/strong>, dod\u00e1van\u00e9 s jedn\u00fdm vank\u00fa\u0161om. Kreslo m\u00e1 aj <strong>\u00falo\u017en\u00fd priestor<\/strong> a poskytuje V\u00e1m aj rozklad pre <strong>pr\u00edle\u017eitostn\u00e9 spanie<\/strong>. Kreslo sa hod\u00ed do ak\u00e9hoko\u013evek interi\u00e9ru. Farebn\u00e9 prevedenie: altara hned\u00e1+b\u00e9\u017eov\u00e1. V\u00fdber prav\u00e9ho\/\u013eav\u00e9ho prevedenia<\/p>\n<p>Rozmer:\/\u0160xVxH\/:104x70x78cm, plocha na spanie:75x185cm, v\u00fd\u0161ka x h\u013abka sedenia:34,5x40cm<\/p>\n","protected":false},"excerpt":{"rendered":"<p>Praktick\u00e9 a modern\u00e9 rozkladacie kreslo KUBO\u0160, dod\u00e1van\u00e9 s jedn\u00fdm vank\u00fa\u0161om. Kreslo m\u00e1 aj \u00falo\u017en\u00fd priestor a poskytuje V\u00e1m aj rozklad pre pr\u00edle\u017eitostn\u00e9 spanie. Kreslo sa hod\u00ed do ak\u00e9hoko\u013evek interi\u00e9ru. Farebn\u00e9 prevedenie: altara hned\u00e1+b\u00e9\u017eov\u00e1. V\u00fdber prav\u00e9ho\/\u013eav\u00e9ho prevedenia Rozmer:\/\u0160xVxH\/:104x70x78cm, plocha na spanie:75x185cm, v\u00fd\u0161ka x h\u013abka sedenia:34,5x40cm<\/p>\n","protected":false},"featured_media":12069,"comment_status":"closed","ping_status":"closed","template":"","meta":{"_seopress_robots_primary_cat":"231","_seopress_titles_title":"","_seopress_titles_desc":"","_seopress_robots_index":""},"product_brand":[],"product_cat":[231],"product_tag":[],"class_list":{"0":"post-12067","1":"product","2":"type-product","3":"status-publish","4":"has-post-thumbnail","6":"product_cat-kresla","8":"first","9":"onbackorder","10":"shipping-taxable","11":"purchasable","12":"product-type-variable"},"_links":{"self":[{"href":"https:\/\/nabytoklaguna.sk\/sk\/wp-json\/wp\/v2\/product\/12067","targetHints":{"allow":["GET"]}}],"collection":[{"href":"https:\/\/nabytoklaguna.sk\/sk\/wp-json\/wp\/v2\/product"}],"about":[{"href":"https:\/\/nabytoklaguna.sk\/sk\/wp-json\/wp\/v2\/types\/product"}],"replies":[{"embeddable":true,"href":"https:\/\/nabytoklaguna.sk\/sk\/wp-json\/wp\/v2\/comments?post=12067"}],"wp:featuredmedia":[{"embeddable":true,"href":"https:\/\/nabytoklaguna.sk\/sk\/wp-json\/wp\/v2\/media\/12069"}],"wp:attachment":[{"href":"https:\/\/nabytoklaguna.sk\/sk\/wp-json\/wp\/v2\/media?parent=12067"}],"wp:term":[{"taxonomy":"product_brand","embeddable":true,"href":"https:\/\/nabytoklaguna.sk\/sk\/wp-json\/wp\/v2\/product_brand?post=12067"},{"taxonomy":"product_cat","embeddable":true,"href":"https:\/\/nabytoklaguna.sk\/sk\/wp-json\/wp\/v2\/product_cat?post=12067"},{"taxonomy":"product_tag","embeddable":true,"href":"https:\/\/nabytoklaguna.sk\/sk\/wp-json\/wp\/v2\/product_tag?post=12067"}],"curies":[{"name":"wp","href":"https:\/\/api.w.org\/{rel}","templated":true}]}}