{"id":120742,"date":"2023-11-22T16:49:15","date_gmt":"2023-11-22T15:49:15","guid":{"rendered":"https:\/\/nabytoklaguna.sk\/sk\/?post_type=product&#038;p=120742"},"modified":"2026-01-15T00:56:35","modified_gmt":"2026-01-14T23:56:35","slug":"dch-215","status":"publish","type":"product","link":"https:\/\/nabytoklaguna.sk\/sk\/produkt\/dch-215\/","title":{"rendered":"DCH-215"},"content":{"rendered":"<p>Modern\u00e1 jed\u00e1lensk\u00e1 stoli\u010dka s elegantn\u00fdmi<strong> \u010diernymi kovov\u00fdmi nohami<\/strong> je ide\u00e1lnou vo\u013ebou pre modern\u00e9 interi\u00e9ry. \u010cal\u00fanenie <strong>zamatovej l\u00e1tky<\/strong>, ktor\u00e1 je pr\u00edjemn\u00e1 na dotyk a \u013eahko sa udr\u017euje zaist\u00ed ka\u017edodenn\u00e9 pohodlie. Opierka je efektne pre\u0161it\u00e1 v ob\u013e\u00fabenom\u00a0 tvare diamantov. Farba pre\u0161itia je identick\u00e1 s farbou po\u0165ahov\u00e9ho materi\u00e1lu. K maxim\u00e1lnemu pohodliu prispieva kvalitn\u00e9 polstrovanie a podr\u00fa\u010dky. V\u010faka noh\u00e1m vyroben\u00fdm z kovu je zaisten\u00e1 zv\u00fd\u0161en\u00e1 stabilita a odolnos\u0165. Matn\u00e1 farba v kombin\u00e1cii s hladkou l\u00e1tkou vytv\u00e1ra vkusn\u00fd a modern\u00fd vzh\u013ead.<\/p>\n<p><strong>Po\u0165ah\u00a0 &#8211; \u010dierna, cappuccino, modr\u00e1, \u017elt\u00e1, zelen\u00e1, siv\u00e1\u00a0<\/strong><\/p>\n<p>Nosnos\u0165 je a\u017e 120 kg.<\/p>\n<p>Dod\u00e1van\u00e9 v demonte.<\/p>\n<p>Rozmery: 55 x 59 x 85 x 49cm<\/p>\n<table>\n<tbody>\n<tr>\n<td class=\"popis\">\u0160\u00edrka (cm):<\/td>\n<td>55 cm<\/td>\n<\/tr>\n<tr>\n<td class=\"popis\">H\u013abka (cm):<\/td>\n<td>59 cm<\/td>\n<\/tr>\n<tr>\n<td class=\"popis\">V\u00fd\u0161ka (cm):<\/td>\n<td>85 cm<\/td>\n<\/tr>\n<tr>\n<td>v\u00fd\u0161ka sedu:<\/td>\n<td>49 cm<\/td>\n<\/tr>\n<tr>\n<td>Materi\u00e1l v\u00fdplne:<\/td>\n<td>PU pena<\/td>\n<\/tr>\n<tr>\n<td>nohy:<\/td>\n<td>kov<\/td>\n<\/tr>\n<tr>\n<td>nosnos\u0165:<\/td>\n<td>120 kg<\/td>\n<\/tr>\n<tr>\n<td>hmotnos\u0165:<\/td>\n<td>7 kg<\/td>\n<\/tr>\n<\/tbody>\n<\/table>\n","protected":false},"excerpt":{"rendered":"<p>Modern\u00e1 jed\u00e1lensk\u00e1 stoli\u010dka s elegantn\u00fdmi \u010diernymi kovov\u00fdmi nohami je ide\u00e1lnou vo\u013ebou pre modern\u00e9 interi\u00e9ry. \u010cal\u00fanenie zamatovej l\u00e1tky, ktor\u00e1 je pr\u00edjemn\u00e1 na dotyk a \u013eahko sa udr\u017euje zaist\u00ed ka\u017edodenn\u00e9 pohodlie. Opierka je efektne pre\u0161it\u00e1 v ob\u013e\u00fabenom\u00a0 tvare diamantov. Farba pre\u0161itia je identick\u00e1 s farbou po\u0165ahov\u00e9ho materi\u00e1lu. K maxim\u00e1lnemu pohodliu prispieva kvalitn\u00e9 polstrovanie a podr\u00fa\u010dky. V\u010faka noh\u00e1m&#8230;<\/p>\n","protected":false},"featured_media":124895,"comment_status":"closed","ping_status":"closed","template":"","meta":{"_seopress_robots_primary_cat":"none","_seopress_titles_title":"","_seopress_titles_desc":"","_seopress_robots_index":""},"product_brand":[],"product_cat":[239,237],"product_tag":[],"class_list":{"0":"post-120742","1":"product","2":"type-product","3":"status-publish","4":"has-post-thumbnail","6":"product_cat-kovove-stolicky","7":"product_cat-stolicky","8":"pa_farba-blue","9":"pa_farba-grey4","10":"pa_farba-grn","11":"pa_farba-bk","12":"pa_farba-cap","13":"pa_farba-yel","15":"first","16":"instock","17":"shipping-taxable","18":"purchasable","19":"product-type-variable"},"_links":{"self":[{"href":"https:\/\/nabytoklaguna.sk\/sk\/wp-json\/wp\/v2\/product\/120742","targetHints":{"allow":["GET"]}}],"collection":[{"href":"https:\/\/nabytoklaguna.sk\/sk\/wp-json\/wp\/v2\/product"}],"about":[{"href":"https:\/\/nabytoklaguna.sk\/sk\/wp-json\/wp\/v2\/types\/product"}],"replies":[{"embeddable":true,"href":"https:\/\/nabytoklaguna.sk\/sk\/wp-json\/wp\/v2\/comments?post=120742"}],"wp:featuredmedia":[{"embeddable":true,"href":"https:\/\/nabytoklaguna.sk\/sk\/wp-json\/wp\/v2\/media\/124895"}],"wp:attachment":[{"href":"https:\/\/nabytoklaguna.sk\/sk\/wp-json\/wp\/v2\/media?parent=120742"}],"wp:term":[{"taxonomy":"product_brand","embeddable":true,"href":"https:\/\/nabytoklaguna.sk\/sk\/wp-json\/wp\/v2\/product_brand?post=120742"},{"taxonomy":"product_cat","embeddable":true,"href":"https:\/\/nabytoklaguna.sk\/sk\/wp-json\/wp\/v2\/product_cat?post=120742"},{"taxonomy":"product_tag","embeddable":true,"href":"https:\/\/nabytoklaguna.sk\/sk\/wp-json\/wp\/v2\/product_tag?post=120742"}],"curies":[{"name":"wp","href":"https:\/\/api.w.org\/{rel}","templated":true}]}}