{"id":120764,"date":"2023-11-29T14:54:32","date_gmt":"2023-11-29T13:54:32","guid":{"rendered":"https:\/\/nabytoklaguna.sk\/sk\/?post_type=product&#038;p=120764"},"modified":"2025-11-10T12:06:34","modified_gmt":"2025-11-10T11:06:34","slug":"dcl-414","status":"publish","type":"product","link":"https:\/\/nabytoklaguna.sk\/sk\/produkt\/dcl-414\/","title":{"rendered":"DCL-414"},"content":{"rendered":"<p>Tato jed\u00e1lensk\u00e1 stoli\u010dka je vytvoren\u00e1 pre t\u00fdch, ktor\u00ed h\u013eadaj\u00fa kombin\u00e1ciu pohodlia a \u0161t\u00fdlov\u00e9ho dizajnu. S pr\u00edjemnou hladkou l\u00e1tkou a vzdu\u0161nou kovovou pohupovacou podno\u017eou bude t\u00e1to stoli\u010dka okam\u017eite p\u00fata\u0165 pozornos\u0165 v\u0161etk\u00fdch \u010dlenov dom\u00e1cnosti. V\u010faka \u010diernym kovov\u00fdm noh\u00e1m\u00a0 je zv\u00fdraznen\u00fd dekorat\u00edvny a \u0161t\u00fdlov\u00fd design. Vzh\u013eadom k pevnej kon\u0161trukcii, odolnej PU pene vo v\u00fdplni a nosnosti a\u017e 120 kg je bezpe\u010dnos\u0165 pre ka\u017edodenn\u00e9 pou\u017eitie zaru\u010den\u00e1.<\/p>\n<p>Nosnos\u0165 je a\u017e 120 kg.<\/p>\n<p>Dod\u00e1van\u00e9 v demonte.<\/p>\n<p>Rozmery: 43 x 58 x 101 x 48 cm<\/p>\n<table>\n<tbody>\n<tr>\n<td class=\"popis\">\u0160\u00edrka (cm):<\/td>\n<td>43 cm<\/td>\n<\/tr>\n<tr>\n<td class=\"popis\">H\u013abka (cm):<\/td>\n<td>58 cm<\/td>\n<\/tr>\n<tr>\n<td class=\"popis\">V\u00fd\u0161ka (cm):<\/td>\n<td>101cm<\/td>\n<\/tr>\n<tr>\n<td>v\u00fd\u0161ka sedu:<\/td>\n<td>48 cm<\/td>\n<\/tr>\n<tr>\n<td>Materi\u00e1l v\u00fdplne:<\/td>\n<td>PU pena<\/td>\n<\/tr>\n<tr>\n<td>nohy:<\/td>\n<td>kov<\/td>\n<\/tr>\n<tr>\n<td>nosnos\u0165:<\/td>\n<td>120 kg<\/td>\n<\/tr>\n<tr>\n<td>hmotnos\u0165:<\/td>\n<td>6 kg<\/td>\n<\/tr>\n<\/tbody>\n<\/table>\n","protected":false},"excerpt":{"rendered":"<p>Tato jed\u00e1lensk\u00e1 stoli\u010dka je vytvoren\u00e1 pre t\u00fdch, ktor\u00ed h\u013eadaj\u00fa kombin\u00e1ciu pohodlia a \u0161t\u00fdlov\u00e9ho dizajnu. S pr\u00edjemnou hladkou l\u00e1tkou a vzdu\u0161nou kovovou pohupovacou podno\u017eou bude t\u00e1to stoli\u010dka okam\u017eite p\u00fata\u0165 pozornos\u0165 v\u0161etk\u00fdch \u010dlenov dom\u00e1cnosti. V\u010faka \u010diernym kovov\u00fdm noh\u00e1m\u00a0 je zv\u00fdraznen\u00fd dekorat\u00edvny a \u0161t\u00fdlov\u00fd design. Vzh\u013eadom k pevnej kon\u0161trukcii, odolnej PU pene vo v\u00fdplni a nosnosti a\u017e 120&#8230;<\/p>\n","protected":false},"featured_media":120769,"comment_status":"closed","ping_status":"closed","template":"","meta":{"_seopress_robots_primary_cat":"none","_seopress_titles_title":"","_seopress_titles_desc":"","_seopress_robots_index":""},"product_brand":[],"product_cat":[4721,239,237],"product_tag":[],"class_list":{"0":"post-120764","1":"product","2":"type-product","3":"status-publish","4":"has-post-thumbnail","6":"product_cat-jedalenske-stolicky","7":"product_cat-kovove-stolicky","8":"product_cat-stolicky","9":"pa_farba-hneda","10":"pa_farba-lanyzova","11":"pa_farba-siva","12":"pa_farba-zelena","14":"first","15":"instock","16":"shipping-taxable","17":"purchasable","18":"product-type-variable"},"_links":{"self":[{"href":"https:\/\/nabytoklaguna.sk\/sk\/wp-json\/wp\/v2\/product\/120764","targetHints":{"allow":["GET"]}}],"collection":[{"href":"https:\/\/nabytoklaguna.sk\/sk\/wp-json\/wp\/v2\/product"}],"about":[{"href":"https:\/\/nabytoklaguna.sk\/sk\/wp-json\/wp\/v2\/types\/product"}],"replies":[{"embeddable":true,"href":"https:\/\/nabytoklaguna.sk\/sk\/wp-json\/wp\/v2\/comments?post=120764"}],"wp:featuredmedia":[{"embeddable":true,"href":"https:\/\/nabytoklaguna.sk\/sk\/wp-json\/wp\/v2\/media\/120769"}],"wp:attachment":[{"href":"https:\/\/nabytoklaguna.sk\/sk\/wp-json\/wp\/v2\/media?parent=120764"}],"wp:term":[{"taxonomy":"product_brand","embeddable":true,"href":"https:\/\/nabytoklaguna.sk\/sk\/wp-json\/wp\/v2\/product_brand?post=120764"},{"taxonomy":"product_cat","embeddable":true,"href":"https:\/\/nabytoklaguna.sk\/sk\/wp-json\/wp\/v2\/product_cat?post=120764"},{"taxonomy":"product_tag","embeddable":true,"href":"https:\/\/nabytoklaguna.sk\/sk\/wp-json\/wp\/v2\/product_tag?post=120764"}],"curies":[{"name":"wp","href":"https:\/\/api.w.org\/{rel}","templated":true}]}}