{"id":120777,"date":"2023-11-30T16:46:55","date_gmt":"2023-11-30T15:46:55","guid":{"rendered":"https:\/\/nabytoklaguna.sk\/sk\/?post_type=product&#038;p=120777"},"modified":"2026-04-13T16:53:02","modified_gmt":"2026-04-13T14:53:02","slug":"ct-382","status":"publish","type":"product","link":"https:\/\/nabytoklaguna.sk\/sk\/produkt\/ct-382\/","title":{"rendered":"CT-382"},"content":{"rendered":"<p>T\u00e1to jed\u00e1lensk\u00e1 stoli\u010dka je nielen pohodln\u00e1 a \u0161t\u00fdlov\u00e1, ale dok\u00e1\u017ee tie\u017e doda\u0165 va\u0161ej jed\u00e1lni celkom nov\u00fd rozmer elegancie a vkusu. Jej telo je vyroben\u00e9 z hladkej hnedej l\u00e1tky, ktor\u00e1 sa \u013eahko \u010dist\u00ed a naviac zaru\u010duje pr\u00edjemn\u00e9 sedenie. Nohy stoli\u010dky s\u00fa vyroben\u00e9 z pevn\u00e9ho \u010dierneho kovu, ktor\u00fd zais\u0165uje dokonal\u00fa stabilitu.<\/p>\n<p>Nosnos\u0165 je a\u017e 120 kg.<\/p>\n<p>Dod\u00e1van\u00e9 v demonte.<\/p>\n<p>Rozmery: 52 x 61 x 88 x 50 cm<\/p>\n<table>\n<tbody>\n<tr>\n<td class=\"popis\">\u0160\u00edrka (cm):<\/td>\n<td>51 cm<\/td>\n<\/tr>\n<tr>\n<td class=\"popis\">H\u013abka (cm):<\/td>\n<td>61 cm<\/td>\n<\/tr>\n<tr>\n<td class=\"popis\">V\u00fd\u0161ka (cm):<\/td>\n<td>88 cm<\/td>\n<\/tr>\n<tr>\n<td>v\u00fd\u0161ka sedu:<\/td>\n<td>50 cm<\/td>\n<\/tr>\n<tr>\n<td>Materi\u00e1l v\u00fdplne:<\/td>\n<td>PU pena<\/td>\n<\/tr>\n<tr>\n<td>nohy:<\/td>\n<td>kov<\/td>\n<\/tr>\n<tr>\n<td>nosnos\u0165:<\/td>\n<td>120 kg<\/td>\n<\/tr>\n<tr>\n<td>hmotnos\u0165:<\/td>\n<td>6 kg<\/td>\n<\/tr>\n<\/tbody>\n<\/table>\n","protected":false},"excerpt":{"rendered":"<p>T\u00e1to jed\u00e1lensk\u00e1 stoli\u010dka je nielen pohodln\u00e1 a \u0161t\u00fdlov\u00e1, ale dok\u00e1\u017ee tie\u017e doda\u0165 va\u0161ej jed\u00e1lni celkom nov\u00fd rozmer elegancie a vkusu. Jej telo je vyroben\u00e9 z hladkej hnedej l\u00e1tky, ktor\u00e1 sa \u013eahko \u010dist\u00ed a naviac zaru\u010duje pr\u00edjemn\u00e9 sedenie. Nohy stoli\u010dky s\u00fa vyroben\u00e9 z pevn\u00e9ho \u010dierneho kovu, ktor\u00fd zais\u0165uje dokonal\u00fa stabilitu. Nosnos\u0165 je a\u017e 120 kg. Dod\u00e1van\u00e9&#8230;<\/p>\n","protected":false},"featured_media":120788,"comment_status":"closed","ping_status":"closed","template":"","meta":{"_seopress_robots_primary_cat":"none","_seopress_titles_title":"","_seopress_titles_desc":"","_seopress_robots_index":""},"product_brand":[],"product_cat":[4721,239,237],"product_tag":[],"class_list":{"0":"post-120777","1":"product","2":"type-product","3":"status-publish","4":"has-post-thumbnail","6":"product_cat-jedalenske-stolicky","7":"product_cat-kovove-stolicky","8":"product_cat-stolicky","9":"pa_farba-hneda","10":"pa_farba-siva","11":"pa_farba-zelena","12":"pa_farba-zlta","14":"first","15":"instock","16":"sale","17":"shipping-taxable","18":"purchasable","19":"product-type-variable"},"_links":{"self":[{"href":"https:\/\/nabytoklaguna.sk\/sk\/wp-json\/wp\/v2\/product\/120777","targetHints":{"allow":["GET"]}}],"collection":[{"href":"https:\/\/nabytoklaguna.sk\/sk\/wp-json\/wp\/v2\/product"}],"about":[{"href":"https:\/\/nabytoklaguna.sk\/sk\/wp-json\/wp\/v2\/types\/product"}],"replies":[{"embeddable":true,"href":"https:\/\/nabytoklaguna.sk\/sk\/wp-json\/wp\/v2\/comments?post=120777"}],"wp:featuredmedia":[{"embeddable":true,"href":"https:\/\/nabytoklaguna.sk\/sk\/wp-json\/wp\/v2\/media\/120788"}],"wp:attachment":[{"href":"https:\/\/nabytoklaguna.sk\/sk\/wp-json\/wp\/v2\/media?parent=120777"}],"wp:term":[{"taxonomy":"product_brand","embeddable":true,"href":"https:\/\/nabytoklaguna.sk\/sk\/wp-json\/wp\/v2\/product_brand?post=120777"},{"taxonomy":"product_cat","embeddable":true,"href":"https:\/\/nabytoklaguna.sk\/sk\/wp-json\/wp\/v2\/product_cat?post=120777"},{"taxonomy":"product_tag","embeddable":true,"href":"https:\/\/nabytoklaguna.sk\/sk\/wp-json\/wp\/v2\/product_tag?post=120777"}],"curies":[{"name":"wp","href":"https:\/\/api.w.org\/{rel}","templated":true}]}}