{"id":120925,"date":"2024-02-01T12:37:53","date_gmt":"2024-02-01T11:37:53","guid":{"rendered":"https:\/\/nabytoklaguna.sk\/sk\/?post_type=product&#038;p=120925"},"modified":"2026-04-01T03:59:02","modified_gmt":"2026-04-01T01:59:02","slug":"dcl-218","status":"publish","type":"product","link":"https:\/\/nabytoklaguna.sk\/sk\/produkt\/dcl-218\/","title":{"rendered":"DCL-218"},"content":{"rendered":"<p>Doprajte si kr\u00e1su a pohodlie na\u0161ich jed\u00e1lensk\u00fdch stoli\u010diek v industri\u00e1lnom \u0161t\u00fdle. Stoli\u010dka\u00a0<strong> DCL-218<\/strong> sa p\u00fd\u0161i \u010diernym odtie\u0148om, ktor\u00fd bez probl\u00e9mov dopln\u00ed ak\u00fdko\u013evek interi\u00e9r.\u00a0 Elegantn\u00e1 rovnov\u00e1ha medzi industri\u00e1lnou h\u00fa\u017eevnatos\u0165ou a vycibrenou estetikou je dosiahnut\u00e1 kombin\u00e1ciou hladk\u00e9ho l\u00e1tkov\u00e9ho materi\u00e1lu s robustnou kovovou \u0161tvornohou z\u00e1klad\u0148ou, ktor\u00e1 je ide\u00e1lna pre va\u0161u jed\u00e1le\u0148. Dokonal\u00e1 t\u00fa\u017eba po spojen\u00ed trvanlivosti a sofistikovanosti, <strong>elegantn\u00e9 pre\u0161\u00edvanie<\/strong> skr\u00e1\u0161\u013euje elegantn\u00fd dizajn, v\u010faka \u010domu sa stane ozdobou kdeko\u013evek, kam ju umiestnite.\u00a0 Okrem p\u00f4sobivej estetiky poskytuj\u00fa tieto jed\u00e1lensk\u00e9 stoli\u010dky prvotriedne pohodlie. V\u010faka kvalitnej \u010dal\u00fanenej pur pene, ktor\u00e1 s\u013eubuje pohodlie pri dlhom seden\u00ed, t\u00e1to stoli\u010dka hladko sp\u00e1ja funk\u010dnos\u0165 s luxusom.\u00a0 Tieto jed\u00e1lensk\u00e9 stoli\u010dky v\u00e1s ohromia, \u010di u\u017e ich budete pou\u017e\u00edva\u0165 na pracovn\u00e9 \u00fa\u010dely, alebo ich umiestnite do s\u00fakromn\u00e9ho dom\u00e1ceho priestoru.<\/p>\n<p><strong>Rozmery:\u00a0 <\/strong>54 x 65 x 83 cm<\/p>\n<p><strong>Nosnos\u0165:<\/strong> 120 kg.\u00a0 \u00a0Dod\u00e1van\u00e9 v demonte.<\/p>\n<table style=\"width: 100%;\">\n<tbody>\n<tr>\n<td class=\"popis\" style=\"width: 50.7321%;\">\u0160\u00edrka (cm):<\/td>\n<td style=\"width: 49.0956%;\">54 cm<\/td>\n<\/tr>\n<tr>\n<td class=\"popis\" style=\"width: 50.7321%;\">H\u013abka (cm):<\/td>\n<td style=\"width: 49.0956%;\">65 cm<\/td>\n<\/tr>\n<tr>\n<td class=\"popis\" style=\"width: 50.7321%;\">V\u00fd\u0161ka (cm):<\/td>\n<td style=\"width: 49.0956%;\">83 cm<\/td>\n<\/tr>\n<tr>\n<td style=\"width: 50.7321%;\">v\u00fd\u0161ka sedu:<\/td>\n<td style=\"width: 49.0956%;\">48 cm<\/td>\n<\/tr>\n<tr>\n<td style=\"width: 50.7321%;\">Materi\u00e1l v\u00fdplne:<\/td>\n<td style=\"width: 49.0956%;\">PU pena<\/td>\n<\/tr>\n<tr>\n<td style=\"width: 50.7321%;\">nohy:<\/td>\n<td style=\"width: 49.0956%;\">kov<\/td>\n<\/tr>\n<tr>\n<td style=\"width: 50.7321%;\">nosnos\u0165:<\/td>\n<td style=\"width: 49.0956%;\">120 kg<\/td>\n<\/tr>\n<tr>\n<td style=\"width: 50.7321%;\">hmotnos\u0165:<\/td>\n<td style=\"width: 49.0956%;\">6 kg<\/td>\n<\/tr>\n<\/tbody>\n<\/table>\n<p>&nbsp;<\/p>\n","protected":false},"excerpt":{"rendered":"<p>Doprajte si kr\u00e1su a pohodlie na\u0161ich jed\u00e1lensk\u00fdch stoli\u010diek v industri\u00e1lnom \u0161t\u00fdle. Stoli\u010dka\u00a0 DCL-218 sa p\u00fd\u0161i \u010diernym odtie\u0148om, ktor\u00fd bez probl\u00e9mov dopln\u00ed ak\u00fdko\u013evek interi\u00e9r.\u00a0 Elegantn\u00e1 rovnov\u00e1ha medzi industri\u00e1lnou h\u00fa\u017eevnatos\u0165ou a vycibrenou estetikou je dosiahnut\u00e1 kombin\u00e1ciou hladk\u00e9ho l\u00e1tkov\u00e9ho materi\u00e1lu s robustnou kovovou \u0161tvornohou z\u00e1klad\u0148ou, ktor\u00e1 je ide\u00e1lna pre va\u0161u jed\u00e1le\u0148. Dokonal\u00e1 t\u00fa\u017eba po spojen\u00ed trvanlivosti a sofistikovanosti,&#8230;<\/p>\n","protected":false},"featured_media":124907,"comment_status":"closed","ping_status":"closed","template":"","meta":{"_seopress_robots_primary_cat":"none","_seopress_titles_title":"","_seopress_titles_desc":"","_seopress_robots_index":""},"product_brand":[],"product_cat":[4721,239,237],"product_tag":[],"class_list":{"0":"post-120925","1":"product","2":"type-product","3":"status-publish","4":"has-post-thumbnail","6":"product_cat-jedalenske-stolicky","7":"product_cat-kovove-stolicky","8":"product_cat-stolicky","9":"pa_farba-grey2","10":"pa_farba-red4","11":"pa_farba-yellow","13":"first","14":"instock","15":"shipping-taxable","16":"purchasable","17":"product-type-variable"},"_links":{"self":[{"href":"https:\/\/nabytoklaguna.sk\/sk\/wp-json\/wp\/v2\/product\/120925","targetHints":{"allow":["GET"]}}],"collection":[{"href":"https:\/\/nabytoklaguna.sk\/sk\/wp-json\/wp\/v2\/product"}],"about":[{"href":"https:\/\/nabytoklaguna.sk\/sk\/wp-json\/wp\/v2\/types\/product"}],"replies":[{"embeddable":true,"href":"https:\/\/nabytoklaguna.sk\/sk\/wp-json\/wp\/v2\/comments?post=120925"}],"wp:featuredmedia":[{"embeddable":true,"href":"https:\/\/nabytoklaguna.sk\/sk\/wp-json\/wp\/v2\/media\/124907"}],"wp:attachment":[{"href":"https:\/\/nabytoklaguna.sk\/sk\/wp-json\/wp\/v2\/media?parent=120925"}],"wp:term":[{"taxonomy":"product_brand","embeddable":true,"href":"https:\/\/nabytoklaguna.sk\/sk\/wp-json\/wp\/v2\/product_brand?post=120925"},{"taxonomy":"product_cat","embeddable":true,"href":"https:\/\/nabytoklaguna.sk\/sk\/wp-json\/wp\/v2\/product_cat?post=120925"},{"taxonomy":"product_tag","embeddable":true,"href":"https:\/\/nabytoklaguna.sk\/sk\/wp-json\/wp\/v2\/product_tag?post=120925"}],"curies":[{"name":"wp","href":"https:\/\/api.w.org\/{rel}","templated":true}]}}