{"id":120936,"date":"2024-02-01T16:18:43","date_gmt":"2024-02-01T15:18:43","guid":{"rendered":"https:\/\/nabytoklaguna.sk\/sk\/?post_type=product&#038;p=120936"},"modified":"2026-04-14T16:42:53","modified_gmt":"2026-04-14T14:42:53","slug":"ht-406-grey","status":"publish","type":"product","link":"https:\/\/nabytoklaguna.sk\/sk\/produkt\/ht-406-grey\/","title":{"rendered":"HT-406"},"content":{"rendered":"<p>Modern\u00fd st\u00f4l 160x90x76 cm s doskou zo spekan\u00e9ho kame\u0148a, imituj\u00faci\u00a0 <strong>\u0161ed\u00fd matn\u00fd mramor.<\/strong><\/p>\n<p>Podno\u017eie je kovov\u00e9 v pr\u00e1\u0161kovej \u010diernej farbe.<\/p>\n<p>Stolov\u00e1 doska je s nohami vo\u013ene spojen\u00e1, pomocou plastov\u00fdch pr\u00edsavn\u00fdch bodov<\/p>\n<p><strong>Rozmery:<\/strong><\/p>\n<p>\u0161\u00edrka: 160 cm<\/p>\n<p>h\u013abka: 90 cm<\/p>\n<p>v\u00fd\u0161ka: 76 cm<\/p>\n<p><strong>Hmotnos\u0165:<\/strong> 46 kg.\u00a0 \u00a0 \u00a0Dod\u00e1van\u00e9 v demonte<\/p>\n","protected":false},"excerpt":{"rendered":"<p>Modern\u00fd st\u00f4l 160x90x76 cm s doskou zo spekan\u00e9ho kame\u0148a, imituj\u00faci\u00a0 \u0161ed\u00fd matn\u00fd mramor. Podno\u017eie je kovov\u00e9 v pr\u00e1\u0161kovej \u010diernej farbe. Stolov\u00e1 doska je s nohami vo\u013ene spojen\u00e1, pomocou plastov\u00fdch pr\u00edsavn\u00fdch bodov Rozmery: \u0161\u00edrka: 160 cm h\u013abka: 90 cm v\u00fd\u0161ka: 76 cm Hmotnos\u0165: 46 kg.\u00a0 \u00a0 \u00a0Dod\u00e1van\u00e9 v demonte<\/p>\n","protected":false},"featured_media":120945,"comment_status":"closed","ping_status":"closed","template":"","meta":{"_seopress_robots_primary_cat":"none","_seopress_titles_title":"","_seopress_titles_desc":"","_seopress_robots_index":""},"product_brand":[],"product_cat":[4719],"product_tag":[],"class_list":{"0":"post-120936","1":"product","2":"type-product","3":"status-publish","4":"has-post-thumbnail","6":"product_cat-jedalenske-stoly","7":"pa_farba-grey","8":"pa_farba-wt","10":"first","11":"onbackorder","12":"sale","13":"shipping-taxable","14":"purchasable","15":"product-type-variable"},"_links":{"self":[{"href":"https:\/\/nabytoklaguna.sk\/sk\/wp-json\/wp\/v2\/product\/120936","targetHints":{"allow":["GET"]}}],"collection":[{"href":"https:\/\/nabytoklaguna.sk\/sk\/wp-json\/wp\/v2\/product"}],"about":[{"href":"https:\/\/nabytoklaguna.sk\/sk\/wp-json\/wp\/v2\/types\/product"}],"replies":[{"embeddable":true,"href":"https:\/\/nabytoklaguna.sk\/sk\/wp-json\/wp\/v2\/comments?post=120936"}],"wp:featuredmedia":[{"embeddable":true,"href":"https:\/\/nabytoklaguna.sk\/sk\/wp-json\/wp\/v2\/media\/120945"}],"wp:attachment":[{"href":"https:\/\/nabytoklaguna.sk\/sk\/wp-json\/wp\/v2\/media?parent=120936"}],"wp:term":[{"taxonomy":"product_brand","embeddable":true,"href":"https:\/\/nabytoklaguna.sk\/sk\/wp-json\/wp\/v2\/product_brand?post=120936"},{"taxonomy":"product_cat","embeddable":true,"href":"https:\/\/nabytoklaguna.sk\/sk\/wp-json\/wp\/v2\/product_cat?post=120936"},{"taxonomy":"product_tag","embeddable":true,"href":"https:\/\/nabytoklaguna.sk\/sk\/wp-json\/wp\/v2\/product_tag?post=120936"}],"curies":[{"name":"wp","href":"https:\/\/api.w.org\/{rel}","templated":true}]}}