{"id":121020,"date":"2024-02-23T14:36:31","date_gmt":"2024-02-23T13:36:31","guid":{"rendered":"https:\/\/nabytoklaguna.sk\/sk\/?post_type=product&#038;p=121020"},"modified":"2025-11-18T11:30:35","modified_gmt":"2025-11-18T10:30:35","slug":"postel-ela","status":"publish","type":"product","link":"https:\/\/nabytoklaguna.sk\/sk\/produkt\/postel-ela\/","title":{"rendered":"P ELA"},"content":{"rendered":"<p><strong>Luxusn\u00e1 boxspringov\u00e1<\/strong> <b>poste\u013e ELA<\/b>\u00a0sa vyzna\u010duje<b> p\u00f4sobiv\u00fdm vzh\u013eadom a prec\u00edznym spracovan\u00edm<\/b>.<strong>\u00a0Dizajnov\u00e1\u00a0<\/strong>poste\u013e\u00a0<b><strong>ELA<\/strong>\u00a0je vyroben\u00e1 z kvalitn\u00fdch materi\u00e1lov<\/b> a poskytuje maxim\u00e1lny relax a odpo\u010dinok. Elegantn\u00e9<b>\u00a0pre\u0161itie <\/b>\u010dal\u00fanenia \u010dela postele\u00a0 z nej urob\u00ed klenot vo Va\u0161ej sp\u00e1lni. Poste\u013e je dostupn\u00e1<strong>\u00a0v \u0161irokej \u0161k\u00e1le kvalitn\u00fdch vodeodoln\u00fdch a \u013eahko um\u00fdvate\u013en\u00fdch l\u00e1tok,\u00a0<\/strong>po\u0165ahov\u00fa\u00a0l\u00e1tku si m\u00f4\u017eete\u00a0vybra\u0165\u00a0v r\u00f4znych\u00a0farb\u00e1ch\u00a0a\u00a0\u0161t\u00fdloch. Dokonal\u00fd odpo\u010dinok zabezpe\u010duje\u00a0<strong>kvalitn\u00fd matrac z bonelov\u00fdch pru\u017e\u00edn<\/strong><strong>\u00a0<\/strong>s nad\u0161tandardnou v\u00fd\u0161kou a vy\u0161\u0161ou pevnos\u0165ou m\u00e1 tvarov\u00fa st\u00e1los\u0165, je vzdu\u0161n\u00fd, \u010do zabezpe\u010duje spr\u00e1vnu mikrokl\u00edmu a komfort. K maxim\u00e1lnemu pohodliu prispeje\u00a0<strong>TOPPER z HR alebo VISCO peny za pr\u00edplatok<\/strong>. Kon\u0161trukcia postele je drevotrieskov\u00e1, pevn\u00e1 a zaru\u010duje <b>nosnos\u0165 na jedno l\u00f4\u017eko a\u017e 140 kg.<\/b> Ur\u010dite ocen\u00edte aj ve\u013ekorys\u00fd <b>\u00falo\u017en\u00fd priestor <\/b>\u00a0s komfortn\u00fdm pr\u00edstupom zboku, ktor\u00fd je s\u00fa\u010das\u0165ou postele.<\/p>\n<p>Hr\u00fabka toppera je 3,5 \u2013 4 cm<\/p>\n<table class=\"table-data-sheet\">\n<tbody>\n<tr class=\"odd\">\n<td><b>Materi\u00e1l:<\/b><\/td>\n<td>l\u00e1tka\/drevo<\/td>\n<\/tr>\n<tr class=\"even\">\n<td><b>Farba:<\/b><\/td>\n<td>Pod\u013ea vzorkovn\u00edka<\/td>\n<\/tr>\n<tr class=\"even\">\n<td><b>Rozmery (\u0160xHxV): 140<\/b><\/td>\n<td>145 x 208 x 47-104 cm\u00a0 \u00a0\/140\u00d7200 cm\/<\/td>\n<\/tr>\n<tr class=\"even\">\n<td><b>Rozmery (\u0160xHxV): 160<\/b><\/td>\n<td>165 x 208 x 47-104 cm\u00a0 \u00a0\/160\u00d7200 cm\/<\/td>\n<\/tr>\n<tr>\n<td><b>Rozmery (\u0160xHxV): 180<\/b><\/td>\n<td>185 x 208 x 47-104 cm\u00a0 \u00a0 \/180\u00d7200 cm\/<\/td>\n<\/tr>\n<tr class=\"even\">\n<td>Sp\u00f4sob dodania<\/td>\n<td>demont<\/td>\n<\/tr>\n<tr class=\"even\">\n<td>\u00dalo\u017en\u00fd priestor<\/td>\n<td>\u00e1no<\/td>\n<\/tr>\n<\/tbody>\n<\/table>\n<p>Nastavenie displeja m\u00f4\u017ee sp\u00f4sobi\u0165 odch\u00fdlku vo farbe vzoriek po\u0165ahov\u00fdch l\u00e1tok.<\/p>\n<p><b>Do pozn\u00e1mky uve\u010fte vami vybran\u00fa po\u0165ahov\u00fa l\u00e1tku.<\/b><\/p>\n","protected":false},"excerpt":{"rendered":"<p>Luxusn\u00e1 boxspringov\u00e1 poste\u013e ELA\u00a0sa vyzna\u010duje p\u00f4sobiv\u00fdm vzh\u013eadom a prec\u00edznym spracovan\u00edm.\u00a0Dizajnov\u00e1\u00a0poste\u013e\u00a0ELA\u00a0je vyroben\u00e1 z kvalitn\u00fdch materi\u00e1lov a poskytuje maxim\u00e1lny relax a odpo\u010dinok. Elegantn\u00e9\u00a0pre\u0161itie \u010dal\u00fanenia \u010dela postele\u00a0 z nej urob\u00ed klenot vo Va\u0161ej sp\u00e1lni. Poste\u013e je dostupn\u00e1\u00a0v \u0161irokej \u0161k\u00e1le kvalitn\u00fdch vodeodoln\u00fdch a \u013eahko um\u00fdvate\u013en\u00fdch l\u00e1tok,\u00a0po\u0165ahov\u00fa\u00a0l\u00e1tku si m\u00f4\u017eete\u00a0vybra\u0165\u00a0v r\u00f4znych\u00a0farb\u00e1ch\u00a0a\u00a0\u0161t\u00fdloch. Dokonal\u00fd odpo\u010dinok zabezpe\u010duje\u00a0kvalitn\u00fd matrac z bonelov\u00fdch pru\u017e\u00edn\u00a0s nad\u0161tandardnou v\u00fd\u0161kou a&#8230;<\/p>\n","protected":false},"featured_media":124571,"comment_status":"closed","ping_status":"closed","template":"","meta":{"_seopress_robots_primary_cat":"none","_seopress_titles_title":"","_seopress_titles_desc":"","_seopress_robots_index":""},"product_brand":[],"product_cat":[4012,228,617],"product_tag":[],"class_list":{"0":"post-121020","1":"product","2":"type-product","3":"status-publish","4":"has-post-thumbnail","6":"product_cat-postele","7":"product_cat-calunene-postele","8":"product_cat-boxspring-postele","9":"pa_typ-produktu-bez-toppera","10":"pa_typ-produktu-s-topperom","12":"first","13":"instock","14":"shipping-taxable","15":"purchasable","16":"product-type-variable"},"_links":{"self":[{"href":"https:\/\/nabytoklaguna.sk\/sk\/wp-json\/wp\/v2\/product\/121020","targetHints":{"allow":["GET"]}}],"collection":[{"href":"https:\/\/nabytoklaguna.sk\/sk\/wp-json\/wp\/v2\/product"}],"about":[{"href":"https:\/\/nabytoklaguna.sk\/sk\/wp-json\/wp\/v2\/types\/product"}],"replies":[{"embeddable":true,"href":"https:\/\/nabytoklaguna.sk\/sk\/wp-json\/wp\/v2\/comments?post=121020"}],"wp:featuredmedia":[{"embeddable":true,"href":"https:\/\/nabytoklaguna.sk\/sk\/wp-json\/wp\/v2\/media\/124571"}],"wp:attachment":[{"href":"https:\/\/nabytoklaguna.sk\/sk\/wp-json\/wp\/v2\/media?parent=121020"}],"wp:term":[{"taxonomy":"product_brand","embeddable":true,"href":"https:\/\/nabytoklaguna.sk\/sk\/wp-json\/wp\/v2\/product_brand?post=121020"},{"taxonomy":"product_cat","embeddable":true,"href":"https:\/\/nabytoklaguna.sk\/sk\/wp-json\/wp\/v2\/product_cat?post=121020"},{"taxonomy":"product_tag","embeddable":true,"href":"https:\/\/nabytoklaguna.sk\/sk\/wp-json\/wp\/v2\/product_tag?post=121020"}],"curies":[{"name":"wp","href":"https:\/\/api.w.org\/{rel}","templated":true}]}}