{"id":121038,"date":"2024-02-23T16:15:04","date_gmt":"2024-02-23T15:15:04","guid":{"rendered":"https:\/\/nabytoklaguna.sk\/sk\/?post_type=product&#038;p=121038"},"modified":"2025-11-18T11:28:16","modified_gmt":"2025-11-18T10:28:16","slug":"postel-sabina","status":"publish","type":"product","link":"https:\/\/nabytoklaguna.sk\/sk\/produkt\/postel-sabina\/","title":{"rendered":"P SABINA"},"content":{"rendered":"<p>Dizajnov\u00e1 boxpringov\u00e1 <strong>poste\u013e SABINA <\/strong>je vyroben\u00e1 z kvalitn\u00fdch materi\u00e1lov s d\u00f4razom na detail a poskytuje maxim\u00e1lny relax a odpo\u010dinok. Elegantn\u00e9 pre\u0161itie \u010dal\u00fanenia \u010dela postele s gomb\u00edkmi z nej urob\u00ed klenot vo Va\u0161ej sp\u00e1lni. <strong>R\u00e1m postele\u00a0<\/strong>je ve\u013emi pevn\u00fd a pon\u00faka ve\u013ek\u00fd \u00falo\u017en\u00fd priestor pr\u00edstupn\u00fd zboku postele.\u00a0Po\u0165ahov\u00e9 l\u00e1tky s\u00fa dostupn\u00e9 v \u0161irokej \u0161k\u00e1le kvalitn\u00fdch vodeodoln\u00fdch a \u013eahko um\u00fdvate\u013en\u00fdch l\u00e1tok. Dokonal\u00fd odpo\u010dinok zabezpe\u010duje kvalitn\u00fd<strong> matrac z bonelov\u00fdch pru\u017e\u00edn,<\/strong> ktor\u00fd\u00a0je vzdu\u0161n\u00fd, \u010do zabezpe\u010duje spr\u00e1vnu mikrokl\u00edmu a komfort<strong>. <\/strong>Kon\u0161trukcia postele je dreven\u00e1, pevn\u00e1 a zaru\u010duje <strong><b>nosnos\u0165 na jedno l\u00f4\u017eko a\u017e 140 kg. <\/b><\/strong>Spodn\u00e1 kon\u0161trukcia je dreven\u00e1, \u010dal\u00fanen\u00e1 l\u00e1tkou, nahr\u00e1dza klasick\u00fd lamelov\u00fd ro\u0161t. Na nej je matrac, ktor\u00fd obsahuje\u00a0kvalitn\u00e9<strong><b> jadro z bonelov\u00fdch pru\u017e\u00edn<\/b>. Pru\u017einov\u00fd matrac <\/strong>s nad\u0161tandardnou v\u00fd\u0161kou a vy\u0161\u0161ou pevnos\u0165ou m\u00e1 tvarov\u00fa st\u00e1los\u0165. Pre maxim\u00e1lne pohodlie odpor\u00fa\u010dame k\u00fapi\u0165 poste\u013e s topperom.<\/p>\n<p>Hr\u00fabka toppera je 3,5 \u2013 4 cm<\/p>\n<table class=\"table-data-sheet\">\n<tbody>\n<tr class=\"odd\">\n<td><b>Materi\u00e1l:<\/b><\/td>\n<td>l\u00e1tka\/drevo<\/td>\n<\/tr>\n<tr class=\"even\">\n<td><b>Farba:<\/b><\/td>\n<td>Pod\u013ea vzorkovn\u00edka<\/td>\n<\/tr>\n<tr class=\"even\">\n<td><b>Rozmery (\u0160xHxV): 140<\/b><\/td>\n<td>145 x 210 x 47-104 cm\u00a0 \u00a0\/140\u00d7200 cm\/<\/td>\n<\/tr>\n<tr class=\"even\">\n<td><b>Rozmery (\u0160xHxV): 160<\/b><\/td>\n<td>165 x 210 x 47-104 cm\u00a0 \u00a0\/160\u00d7200 cm\/<\/td>\n<\/tr>\n<tr>\n<td><b>Rozmery (\u0160xHxV): 180<\/b><\/td>\n<td>185 x 210 x 47-104 cm\u00a0 \u00a0 \/180\u00d7200 cm\/<\/td>\n<\/tr>\n<tr class=\"even\">\n<td>Sp\u00f4sob dodania<\/td>\n<td>demont<\/td>\n<\/tr>\n<tr class=\"even\">\n<td>\u00dalo\u017en\u00fd priestor<\/td>\n<td>\u00e1no<\/td>\n<\/tr>\n<\/tbody>\n<\/table>\n<p>Nastavenie displeja m\u00f4\u017ee sp\u00f4sobi\u0165 odch\u00fdlku vo farbe vzoriek po\u0165ahov\u00fdch l\u00e1tok.<\/p>\n<p><b>Do pozn\u00e1mky uve\u010fte vami vybran\u00fa po\u0165ahov\u00fa l\u00e1tku.<\/b><\/p>\n","protected":false},"excerpt":{"rendered":"<p>Dizajnov\u00e1 boxpringov\u00e1 poste\u013e SABINA je vyroben\u00e1 z kvalitn\u00fdch materi\u00e1lov s d\u00f4razom na detail a poskytuje maxim\u00e1lny relax a odpo\u010dinok. Elegantn\u00e9 pre\u0161itie \u010dal\u00fanenia \u010dela postele s gomb\u00edkmi z nej urob\u00ed klenot vo Va\u0161ej sp\u00e1lni. R\u00e1m postele\u00a0je ve\u013emi pevn\u00fd a pon\u00faka ve\u013ek\u00fd \u00falo\u017en\u00fd priestor pr\u00edstupn\u00fd zboku postele.\u00a0Po\u0165ahov\u00e9 l\u00e1tky s\u00fa dostupn\u00e9 v \u0161irokej \u0161k\u00e1le kvalitn\u00fdch vodeodoln\u00fdch a \u013eahko&#8230;<\/p>\n","protected":false},"featured_media":121047,"comment_status":"closed","ping_status":"closed","template":"","meta":{"_seopress_robots_primary_cat":"none","_seopress_titles_title":"","_seopress_titles_desc":"","_seopress_robots_index":""},"product_brand":[],"product_cat":[4012,228,617],"product_tag":[],"class_list":{"0":"post-121038","1":"product","2":"type-product","3":"status-publish","4":"has-post-thumbnail","6":"product_cat-postele","7":"product_cat-calunene-postele","8":"product_cat-boxspring-postele","9":"pa_typ-produktu-bez-toppera","10":"pa_typ-produktu-s-topperom","12":"first","13":"instock","14":"shipping-taxable","15":"purchasable","16":"product-type-variable"},"_links":{"self":[{"href":"https:\/\/nabytoklaguna.sk\/sk\/wp-json\/wp\/v2\/product\/121038","targetHints":{"allow":["GET"]}}],"collection":[{"href":"https:\/\/nabytoklaguna.sk\/sk\/wp-json\/wp\/v2\/product"}],"about":[{"href":"https:\/\/nabytoklaguna.sk\/sk\/wp-json\/wp\/v2\/types\/product"}],"replies":[{"embeddable":true,"href":"https:\/\/nabytoklaguna.sk\/sk\/wp-json\/wp\/v2\/comments?post=121038"}],"wp:featuredmedia":[{"embeddable":true,"href":"https:\/\/nabytoklaguna.sk\/sk\/wp-json\/wp\/v2\/media\/121047"}],"wp:attachment":[{"href":"https:\/\/nabytoklaguna.sk\/sk\/wp-json\/wp\/v2\/media?parent=121038"}],"wp:term":[{"taxonomy":"product_brand","embeddable":true,"href":"https:\/\/nabytoklaguna.sk\/sk\/wp-json\/wp\/v2\/product_brand?post=121038"},{"taxonomy":"product_cat","embeddable":true,"href":"https:\/\/nabytoklaguna.sk\/sk\/wp-json\/wp\/v2\/product_cat?post=121038"},{"taxonomy":"product_tag","embeddable":true,"href":"https:\/\/nabytoklaguna.sk\/sk\/wp-json\/wp\/v2\/product_tag?post=121038"}],"curies":[{"name":"wp","href":"https:\/\/api.w.org\/{rel}","templated":true}]}}