{"id":121093,"date":"2024-02-28T14:11:10","date_gmt":"2024-02-28T13:11:10","guid":{"rendered":"https:\/\/nabytoklaguna.sk\/sk\/?post_type=product&#038;p=121093"},"modified":"2025-09-24T14:08:38","modified_gmt":"2025-09-24T12:08:38","slug":"postel-guliette","status":"publish","type":"product","link":"https:\/\/nabytoklaguna.sk\/sk\/produkt\/postel-guliette\/","title":{"rendered":"P Guliette"},"content":{"rendered":"<p><b>Elegantn\u00e1 \u010dal\u00fanen\u00e1 poste\u013e GULIETTE <\/b>V\u00e1s zaujme modern\u00fdm \u010dal\u00fanen\u00fdm \u010delom s efektn\u00fdm pre\u0161\u00edvan\u00edm. Dizajnov\u00e9 prevedenie dod\u00e1 interi\u00e9ru \u0161mrnc a stane sa dominantn\u00fdm prvkom, ktor\u00fd ud\u00e1va \u0161t\u00fdl celej miestnosti. <strong>Kvalitn\u00e9<\/strong><b>\u00a0materi\u00e1ly<\/b>,\u00a0<b>prec\u00edzne prevedenie a \u010dist\u00e9 l\u00ednie. V<\/b> ponuke je poste\u013e <strong>s pevn\u00fdm ro\u0161tom v r\u00e1me a praktick\u00fdm \u00falo\u017en\u00fdm priestorom bez matraca.\u00a0L\u00e1tky s\u00fa dostupn\u00e9 v\u00a0\u0161irokej \u0161k\u00e1le kvalitn\u00fdch vodeodoln\u00fdch a \u013eahko um\u00fdvate\u013en\u00fdch l\u00e1tok. <\/strong>Poste\u013e zdob\u00ed\u00a0<strong>vysok\u00e9 \u010dal\u00fanen\u00e9 \u010delo<\/strong> s dekorat\u00edvnym pre\u0161it\u00edm,\u00a0ktor\u00e9 <strong>umo\u017e\u0148uje pohodln\u00e9 opretie<\/strong> pri \u010d\u00edtan\u00ed knihy alebo pri ra\u0148ajk\u00e1ch v posteli<strong>.<\/strong><\/p>\n<table class=\"table-data-sheet\">\n<tbody>\n<tr class=\"odd\">\n<td><b>Materi\u00e1l:<\/b><\/td>\n<td>l\u00e1tka\/drevo\/kov\/DTD<\/td>\n<\/tr>\n<tr class=\"even\">\n<td><b>Farba:<\/b><\/td>\n<td>Pod\u013ea vzorkovn\u00edka<\/td>\n<\/tr>\n<tr class=\"even\">\n<td><b>Rozmery (\u0160xHxV): 140<\/b><\/td>\n<td>160 x 222 x 46-126 cm\u00a0 \u00a0\/140&#215;200 cm\/<\/td>\n<\/tr>\n<tr class=\"even\">\n<td><b>Rozmery (\u0160xHxV): 160<\/b><\/td>\n<td>180 x 222 x 46-126 cm\u00a0 \u00a0\/160&#215;200 cm\/<\/td>\n<\/tr>\n<tr>\n<td><b>Rozmery (\u0160xHxV): 180<\/b><\/td>\n<td>200 x 222 x 46-126 cm\u00a0 \u00a0\/180&#215;200 cm\/<\/td>\n<\/tr>\n<tr class=\"even\">\n<td>Sp\u00f4sob dodania<\/td>\n<td>demont<\/td>\n<\/tr>\n<tr class=\"even\">\n<td>\u00dalo\u017en\u00fd priestor<\/td>\n<td>pod\u013ea v\u00fdberu<\/td>\n<\/tr>\n<\/tbody>\n<\/table>\n<p>Nastavenie displeja m\u00f4\u017ee sp\u00f4sobi\u0165 odch\u00fdlku vo farbe vzoriek po\u0165ahov\u00fdch l\u00e1tok.<\/p>\n<p><b>Do pozn\u00e1mky n\u00e1m uve\u010fte vami vybran\u00fa po\u0165ahov\u00fa l\u00e1tku.<\/b><\/p>\n","protected":false},"excerpt":{"rendered":"<p>Elegantn\u00e1 \u010dal\u00fanen\u00e1 poste\u013e GULIETTE V\u00e1s zaujme modern\u00fdm \u010dal\u00fanen\u00fdm \u010delom s efektn\u00fdm pre\u0161\u00edvan\u00edm. Dizajnov\u00e9 prevedenie dod\u00e1 interi\u00e9ru \u0161mrnc a stane sa dominantn\u00fdm prvkom, ktor\u00fd ud\u00e1va \u0161t\u00fdl celej miestnosti. Kvalitn\u00e9\u00a0materi\u00e1ly,\u00a0prec\u00edzne prevedenie a \u010dist\u00e9 l\u00ednie. V ponuke je poste\u013e s pevn\u00fdm ro\u0161tom v r\u00e1me a praktick\u00fdm \u00falo\u017en\u00fdm priestorom bez matraca.\u00a0L\u00e1tky s\u00fa dostupn\u00e9 v\u00a0\u0161irokej \u0161k\u00e1le kvalitn\u00fdch vodeodoln\u00fdch a \u013eahko&#8230;<\/p>\n","protected":false},"featured_media":121096,"comment_status":"closed","ping_status":"closed","template":"","meta":{"_seopress_robots_primary_cat":"none","_seopress_titles_title":"","_seopress_titles_desc":"","_seopress_robots_index":""},"product_brand":[],"product_cat":[4012,228],"product_tag":[],"class_list":{"0":"post-121093","1":"product","2":"type-product","3":"status-publish","4":"has-post-thumbnail","6":"product_cat-postele","7":"product_cat-calunene-postele","8":"pa_typ-produktu-bez-rostu-a-ulozneho-priestoru","9":"pa_typ-produktu-s-rostom","10":"pa_typ-produktu-s-rostom-a-uloznym-priestorom","12":"first","13":"instock","14":"shipping-taxable","15":"purchasable","16":"product-type-variable"},"_links":{"self":[{"href":"https:\/\/nabytoklaguna.sk\/sk\/wp-json\/wp\/v2\/product\/121093","targetHints":{"allow":["GET"]}}],"collection":[{"href":"https:\/\/nabytoklaguna.sk\/sk\/wp-json\/wp\/v2\/product"}],"about":[{"href":"https:\/\/nabytoklaguna.sk\/sk\/wp-json\/wp\/v2\/types\/product"}],"replies":[{"embeddable":true,"href":"https:\/\/nabytoklaguna.sk\/sk\/wp-json\/wp\/v2\/comments?post=121093"}],"wp:featuredmedia":[{"embeddable":true,"href":"https:\/\/nabytoklaguna.sk\/sk\/wp-json\/wp\/v2\/media\/121096"}],"wp:attachment":[{"href":"https:\/\/nabytoklaguna.sk\/sk\/wp-json\/wp\/v2\/media?parent=121093"}],"wp:term":[{"taxonomy":"product_brand","embeddable":true,"href":"https:\/\/nabytoklaguna.sk\/sk\/wp-json\/wp\/v2\/product_brand?post=121093"},{"taxonomy":"product_cat","embeddable":true,"href":"https:\/\/nabytoklaguna.sk\/sk\/wp-json\/wp\/v2\/product_cat?post=121093"},{"taxonomy":"product_tag","embeddable":true,"href":"https:\/\/nabytoklaguna.sk\/sk\/wp-json\/wp\/v2\/product_tag?post=121093"}],"curies":[{"name":"wp","href":"https:\/\/api.w.org\/{rel}","templated":true}]}}