{"id":121216,"date":"2024-03-21T16:57:52","date_gmt":"2024-03-21T15:57:52","guid":{"rendered":"https:\/\/nabytoklaguna.sk\/sk\/?post_type=product&#038;p=121216"},"modified":"2026-04-20T13:54:07","modified_gmt":"2026-04-20T11:54:07","slug":"k-vasat","status":"publish","type":"product","link":"https:\/\/nabytoklaguna.sk\/sk\/produkt\/k-vasat\/","title":{"rendered":"K VASAT"},"content":{"rendered":"<p>\u0160t\u00fdlov\u00e1 rohov\u00e1 seda\u010dka<strong> VASAT<\/strong> sa v\u010faka svojmu dizajnu hod\u00ed do v\u00e4\u010d\u0161iny interi\u00e9rov. Miestnos\u0165 obohat\u00ed a stane sa predmetom obdivu nejedn\u00e9ho n\u00e1v\u0161tevn\u00edka. Zaist\u00ed zasl\u00fa\u017een\u00fd odpo\u010dinok po pracovnom dni a poskytne to prav\u00e9 miesto pre dokonal\u00fd relax.\u00a0 Upratovanie s \u0148ou bude hra\u010dka. No\u017ei\u010dky o ve\u013ekosti 9 cm poskytn\u00fa bohat\u00fd priestor pre v\u00e4\u010d\u0161inu robotick\u00fdch vys\u00e1va\u010dov. S\u00fa kovov\u00e9 v preveden\u00ed chr\u00f3m.\u00a0 Disponuje<strong> s \u00falo\u017en\u00fdm priestorom<\/strong>, ktor\u00fd sa nach\u00e1dza v otomanovej \u010dasti sedacej s\u00fapravy. O ne\u010dakan\u00fd noc\u013eah sa postar\u00e1 rozklad s bohat\u00fdm priestorom na spanie o rozmere<strong> 145&#215;220<\/strong> cm.\u00a0 VASAT je celo\u010dal\u00fanen\u00e1 pr\u00edjemnou<strong> l\u00e1tkou Monolith<\/strong> v smaragdovej farbe. Na komfotnom seden\u00ed sa podpisuje v\u00fdpl\u0148 sedacej s\u00fapravy v podobe pru\u017eina falista a pur pena. Dod\u00e1van\u00e1 je s tromi vank\u00fa\u0161mi, ktor\u00e9 sa postaraj\u00fa o opretie unaven\u00e9ho chrbta.<\/p>\n<p>Zobrazen\u00e1 sedacia s\u00faprava je v po\u0165ahovej l\u00e1tke<strong> Monolith 37 smaragdov\u00e1<\/strong>\u00a0 \u00a0za akciov\u00fa cenu.<\/p>\n<p>Pon\u00fakame v\u00e1m mo\u017enos\u0165 objedna\u0165 si seda\u010dku v 7 farebn\u00fdch prevedeniach l\u00e1tky Monolith v cene 889 eur,\u00a0 doba dodania 6-8 t\u00fd\u017ed\u0148ov.<\/p>\n<table class=\"table-data-sheet\">\n<tbody>\n<tr class=\"odd\">\n<td>H\u013abka<\/td>\n<td>192 cm<\/td>\n<\/tr>\n<tr class=\"even\">\n<td>\u0160\u00edrka<\/td>\n<td>275 cm<\/td>\n<\/tr>\n<tr class=\"odd\">\n<td>V\u00fd\u0161ka a h\u013abka sedu<\/td>\n<td>41 \/ 61 cm<\/td>\n<\/tr>\n<tr class=\"even\">\n<td>Vhodn\u00e1 miestnos\u0165<\/td>\n<td>ob\u00fdva\u010dka, spolo\u010densk\u00e1 miestnos\u0165, hotely, kaviarne<\/td>\n<\/tr>\n<tr class=\"odd\">\n<td>Typ n\u00e1bytku<\/td>\n<td>rohov\u00e1 sedacia s\u00faprava<\/td>\n<\/tr>\n<tr class=\"even\">\n<td>\u0160t\u00fdl n\u00e1bytku<\/td>\n<td>modern\u00fd<\/td>\n<\/tr>\n<tr class=\"odd\">\n<td>Z\u00e1ruka<\/td>\n<td>2 roky<\/td>\n<\/tr>\n<tr class=\"even\">\n<td>Sp\u00f4sob dodania<\/td>\n<td>demont v dvoch bal\u00edkoch<\/td>\n<\/tr>\n<tr class=\"odd\">\n<td>Hmotnos\u0165<\/td>\n<td>128 kg<\/td>\n<\/tr>\n<tr class=\"even\">\n<td>\u00dalo\u017en\u00fd priestor<\/td>\n<td>\u00e1no<\/td>\n<\/tr>\n<tr class=\"odd\">\n<td>Rohov\u00e9 prevedenie<\/td>\n<td>\u00e1no<\/td>\n<\/tr>\n<tr class=\"even\">\n<td>V\u00fd\u0161ka sed\u00e1ka<\/td>\n<td>41 cm<\/td>\n<\/tr>\n<tr class=\"odd\">\n<td>V\u00fd\u0161ka zadn\u00e9ho \u010dela<\/td>\n<td>max. 74\/ 81 cm<\/td>\n<\/tr>\n<tr class=\"even\">\n<td>Mo\u017enos\u0165 rozkladania<\/td>\n<td>\u00e1no<\/td>\n<\/tr>\n<tr class=\"odd\">\n<td>Plocha na spanie<\/td>\n<td>145&#215;220 cm<\/td>\n<\/tr>\n<tr class=\"even\">\n<td>Kon\u0161trukcia<\/td>\n<td>DTD<\/td>\n<\/tr>\n<tr class=\"odd\">\n<td>N\u00f4\u017eky<\/td>\n<td>kov<\/td>\n<\/tr>\n<tr class=\"even\">\n<td>Obsahuje vank\u00fa\u0161e<\/td>\n<td>\u00e1no<\/td>\n<\/tr>\n<tr class=\"odd\">\n<td>Nastavenie opierok<\/td>\n<td>nie<\/td>\n<\/tr>\n<tr class=\"even\">\n<td>V\u00fdpl\u0148 seda\u010dky<\/td>\n<td>pena + pru\u017eina falista<\/td>\n<\/tr>\n<\/tbody>\n<\/table>\n","protected":false},"excerpt":{"rendered":"<p>\u0160t\u00fdlov\u00e1 rohov\u00e1 seda\u010dka VASAT sa v\u010faka svojmu dizajnu hod\u00ed do v\u00e4\u010d\u0161iny interi\u00e9rov. Miestnos\u0165 obohat\u00ed a stane sa predmetom obdivu nejedn\u00e9ho n\u00e1v\u0161tevn\u00edka. Zaist\u00ed zasl\u00fa\u017een\u00fd odpo\u010dinok po pracovnom dni a poskytne to prav\u00e9 miesto pre dokonal\u00fd relax.\u00a0 Upratovanie s \u0148ou bude hra\u010dka. No\u017ei\u010dky o ve\u013ekosti 9 cm poskytn\u00fa bohat\u00fd priestor pre v\u00e4\u010d\u0161inu robotick\u00fdch vys\u00e1va\u010dov. S\u00fa kovov\u00e9 v&#8230;<\/p>\n","protected":false},"featured_media":121223,"comment_status":"closed","ping_status":"closed","template":"","meta":{"_seopress_robots_primary_cat":"none","_seopress_titles_title":"","_seopress_titles_desc":"","_seopress_robots_index":""},"product_brand":[],"product_cat":[255,140],"product_tag":[],"class_list":{"0":"post-121216","1":"product","2":"type-product","3":"status-publish","4":"has-post-thumbnail","6":"product_cat-rohove-supravy","7":"product_cat-sedacie-supravy","9":"first","10":"onbackorder","11":"shipping-taxable","12":"purchasable","13":"product-type-variable"},"_links":{"self":[{"href":"https:\/\/nabytoklaguna.sk\/sk\/wp-json\/wp\/v2\/product\/121216","targetHints":{"allow":["GET"]}}],"collection":[{"href":"https:\/\/nabytoklaguna.sk\/sk\/wp-json\/wp\/v2\/product"}],"about":[{"href":"https:\/\/nabytoklaguna.sk\/sk\/wp-json\/wp\/v2\/types\/product"}],"replies":[{"embeddable":true,"href":"https:\/\/nabytoklaguna.sk\/sk\/wp-json\/wp\/v2\/comments?post=121216"}],"wp:featuredmedia":[{"embeddable":true,"href":"https:\/\/nabytoklaguna.sk\/sk\/wp-json\/wp\/v2\/media\/121223"}],"wp:attachment":[{"href":"https:\/\/nabytoklaguna.sk\/sk\/wp-json\/wp\/v2\/media?parent=121216"}],"wp:term":[{"taxonomy":"product_brand","embeddable":true,"href":"https:\/\/nabytoklaguna.sk\/sk\/wp-json\/wp\/v2\/product_brand?post=121216"},{"taxonomy":"product_cat","embeddable":true,"href":"https:\/\/nabytoklaguna.sk\/sk\/wp-json\/wp\/v2\/product_cat?post=121216"},{"taxonomy":"product_tag","embeddable":true,"href":"https:\/\/nabytoklaguna.sk\/sk\/wp-json\/wp\/v2\/product_tag?post=121216"}],"curies":[{"name":"wp","href":"https:\/\/api.w.org\/{rel}","templated":true}]}}