{"id":121273,"date":"2024-03-22T16:49:24","date_gmt":"2024-03-22T15:49:24","guid":{"rendered":"https:\/\/nabytoklaguna.sk\/sk\/?post_type=product&#038;p=121273"},"modified":"2026-04-20T13:44:02","modified_gmt":"2026-04-20T11:44:02","slug":"k-oreo","status":"publish","type":"product","link":"https:\/\/nabytoklaguna.sk\/sk\/produkt\/k-oreo\/","title":{"rendered":"K OREO"},"content":{"rendered":"<p>Predstavujeme v\u00e1m ultramodern\u00fa\u00a0<b>rohov\u00fa sedaciu s\u00fapravu OREO ROH<\/b>,\u00a0 ktor\u00e1 je ur\u010dite tou spr\u00e1vnou vo\u013ebou. Pr\u00ed\u0165a\u017elivou ju rob\u00ed celo\u010dal\u00fanen\u00e9\u00a0prevedenie kvalitnou l\u00e1tkou Soro\u00a0<b>v hnedosivej farbe<\/b>, tak\u017ee ju pokojne m\u00f4\u017eete umiestni\u0165 do priestoru a necha\u0165 ju vynikn\u00fa\u0165. Je\u00a0<b>rozkladacia<\/b>\u00a0a dok\u00e1\u017ee poskytn\u00fa\u0165 plnohodnotn\u00fa plochu na spanie s rozmerom\u00a0<b>120&#215;190 cm.<\/b>\u00a0Ur\u010dite ocen\u00edte aj\u00a0<b>\u00falo\u017en\u00fd priestor<\/b>, ktor\u00fd rozhodne neostane nevyu\u017eit\u00fd. Sedacia s\u00faprava\u00a0OREO ROH\u00a0disponuje aj\u00a0<b>piatimi polohovac\u00edmi opierkami<\/b>\u00a0hlavy, ktor\u00e9 zabezpe\u010duj\u00fa komfortn\u00e9 opretie chrbta a hlavy. Postaven\u00e1 je na plastov\u00fdch\u00a0<b>no\u017ei\u010dk\u00e1ch<\/b> v striebornej farbe. Skr\u00e1\u0161lite svoju ob\u00fdvaciu izbu touto kr\u00e1skou.<\/p>\n<p>L\u00e1tku\u00a0<b>Soro<\/b>\u00a0rad\u00edme medzi vel\u00farovou tkaninu. Jedn\u00e1 sa o tkaninu podobn\u00fa ply\u0161u s kr\u00e1tkym vlasom, ktor\u00e1 sa vyzna\u010duje zamatovo jemn\u00fdm povrchom.\u00a0<b>L\u00e1tka Soro<\/b>\u00a0vyroben\u00e1 zo 100% polyesteru s vidite\u013en\u00fdm pleten\u00fdm vzorom je<strong> m\u00e4kk\u00e1, priedu\u0161n\u00fd, \u013eahko absorbuje vlhkos\u0165<\/strong> a r\u00fdchlo schne. Odol\u00e1va tie\u017e denn\u00e9mu svetlu a netvor\u00ed \u017emolky.<\/p>\n<p>Mo\u017enos\u0165 objednania v 7 farebn\u00fdch odtie\u0148och l\u00e1tky Soro v cene 1.315,- eur s dodacou lehotou 6-8 t\u00fd\u017ed\u0148ov.<\/p>\n<table class=\"table-data-sheet\">\n<tbody>\n<tr class=\"odd\">\n<td>H\u013abka<\/td>\n<td>202 cm<\/td>\n<\/tr>\n<tr class=\"even\">\n<td>\u0160\u00edrka<\/td>\n<td>260 cm<\/td>\n<\/tr>\n<tr class=\"odd\">\n<td>V\u00fd\u0161ka a h\u013abka sedu<\/td>\n<td>41 \/ 54 cm<\/td>\n<\/tr>\n<tr class=\"even\">\n<td>Vhodn\u00e1 miestnos\u0165<\/td>\n<td>ob\u00fdva\u010dka, spolo\u010densk\u00e1 miestnos\u0165, hotely, kaviarne<\/td>\n<\/tr>\n<tr class=\"odd\">\n<td>Typ n\u00e1bytku<\/td>\n<td>rohov\u00e1 sedacia s\u00faprava<\/td>\n<\/tr>\n<tr class=\"even\">\n<td>\u0160t\u00fdl n\u00e1bytku<\/td>\n<td>modern\u00fd<\/td>\n<\/tr>\n<tr class=\"odd\">\n<td>Z\u00e1ruka<\/td>\n<td>2 roky<\/td>\n<\/tr>\n<tr class=\"even\">\n<td>Sp\u00f4sob dodania<\/td>\n<td>demont v dvoch bal\u00edkoch<\/td>\n<\/tr>\n<tr class=\"odd\">\n<td>Hmotnos\u0165<\/td>\n<td>145 kg<\/td>\n<\/tr>\n<tr class=\"even\">\n<td>\u00dalo\u017en\u00fd priestor<\/td>\n<td>\u00e1no<\/td>\n<\/tr>\n<tr class=\"odd\">\n<td>Rohov\u00e9 prevedenie<\/td>\n<td>\u00e1no<\/td>\n<\/tr>\n<tr class=\"even\">\n<td>V\u00fd\u0161ka<\/td>\n<td>88 cm<\/td>\n<\/tr>\n<tr class=\"odd\">\n<td>V\u00fd\u0161ka zadn\u00e9ho \u010dela<\/td>\n<td>max. 103cm<\/td>\n<\/tr>\n<tr class=\"even\">\n<td>Mo\u017enos\u0165 rozkladania<\/td>\n<td>\u00e1no<\/td>\n<\/tr>\n<tr class=\"odd\">\n<td>Plocha na spanie<\/td>\n<td>120&#215;190 cm<\/td>\n<\/tr>\n<tr class=\"even\">\n<td>Kon\u0161trukcia<\/td>\n<td>DTD<\/td>\n<\/tr>\n<tr class=\"odd\">\n<td>N\u00f4\u017eky<\/td>\n<td>plast<\/td>\n<\/tr>\n<tr class=\"even\">\n<td>Obsahuje vank\u00fa\u0161e<\/td>\n<td>nie<\/td>\n<\/tr>\n<tr class=\"odd\">\n<td>Nastavenie opierok<\/td>\n<td>\u00e1no<\/td>\n<\/tr>\n<tr class=\"even\">\n<td>V\u00fdpl\u0148 seda\u010dky<\/td>\n<td>pena + pru\u017eina falista<\/td>\n<\/tr>\n<\/tbody>\n<\/table>\n","protected":false},"excerpt":{"rendered":"<p>Predstavujeme v\u00e1m ultramodern\u00fa\u00a0rohov\u00fa sedaciu s\u00fapravu OREO ROH,\u00a0 ktor\u00e1 je ur\u010dite tou spr\u00e1vnou vo\u013ebou. Pr\u00ed\u0165a\u017elivou ju rob\u00ed celo\u010dal\u00fanen\u00e9\u00a0prevedenie kvalitnou l\u00e1tkou Soro\u00a0v hnedosivej farbe, tak\u017ee ju pokojne m\u00f4\u017eete umiestni\u0165 do priestoru a necha\u0165 ju vynikn\u00fa\u0165. Je\u00a0rozkladacia\u00a0a dok\u00e1\u017ee poskytn\u00fa\u0165 plnohodnotn\u00fa plochu na spanie s rozmerom\u00a0120&#215;190 cm.\u00a0Ur\u010dite ocen\u00edte aj\u00a0\u00falo\u017en\u00fd priestor, ktor\u00fd rozhodne neostane nevyu\u017eit\u00fd. Sedacia s\u00faprava\u00a0OREO ROH\u00a0disponuje aj\u00a0piatimi polohovac\u00edmi&#8230;<\/p>\n","protected":false},"featured_media":121280,"comment_status":"closed","ping_status":"closed","template":"","meta":{"_seopress_robots_primary_cat":"none","_seopress_titles_title":"","_seopress_titles_desc":"","_seopress_robots_index":""},"product_brand":[],"product_cat":[255,140],"product_tag":[],"class_list":{"0":"post-121273","1":"product","2":"type-product","3":"status-publish","4":"has-post-thumbnail","6":"product_cat-rohove-supravy","7":"product_cat-sedacie-supravy","9":"first","10":"onbackorder","11":"shipping-taxable","12":"purchasable","13":"product-type-variable"},"_links":{"self":[{"href":"https:\/\/nabytoklaguna.sk\/sk\/wp-json\/wp\/v2\/product\/121273","targetHints":{"allow":["GET"]}}],"collection":[{"href":"https:\/\/nabytoklaguna.sk\/sk\/wp-json\/wp\/v2\/product"}],"about":[{"href":"https:\/\/nabytoklaguna.sk\/sk\/wp-json\/wp\/v2\/types\/product"}],"replies":[{"embeddable":true,"href":"https:\/\/nabytoklaguna.sk\/sk\/wp-json\/wp\/v2\/comments?post=121273"}],"wp:featuredmedia":[{"embeddable":true,"href":"https:\/\/nabytoklaguna.sk\/sk\/wp-json\/wp\/v2\/media\/121280"}],"wp:attachment":[{"href":"https:\/\/nabytoklaguna.sk\/sk\/wp-json\/wp\/v2\/media?parent=121273"}],"wp:term":[{"taxonomy":"product_brand","embeddable":true,"href":"https:\/\/nabytoklaguna.sk\/sk\/wp-json\/wp\/v2\/product_brand?post=121273"},{"taxonomy":"product_cat","embeddable":true,"href":"https:\/\/nabytoklaguna.sk\/sk\/wp-json\/wp\/v2\/product_cat?post=121273"},{"taxonomy":"product_tag","embeddable":true,"href":"https:\/\/nabytoklaguna.sk\/sk\/wp-json\/wp\/v2\/product_tag?post=121273"}],"curies":[{"name":"wp","href":"https:\/\/api.w.org\/{rel}","templated":true}]}}