{"id":121289,"date":"2024-03-25T13:35:28","date_gmt":"2024-03-25T12:35:28","guid":{"rendered":"https:\/\/nabytoklaguna.sk\/sk\/?post_type=product&#038;p=121289"},"modified":"2025-02-24T09:53:47","modified_gmt":"2025-02-24T08:53:47","slug":"tk-guru","status":"publish","type":"product","link":"https:\/\/nabytoklaguna.sk\/sk\/produkt\/tk-guru\/","title":{"rendered":"TK GURU"},"content":{"rendered":"<p>Klasick\u00fd \u0161t\u00fdl je st\u00e1le in. Ak patr\u00edte k jeho milovn\u00edkom,\u00a0<b>pohovka GURU<\/b>\u00a0je jednozna\u010dne pre v\u00e1s. Ide\u00e1lna do ak\u00e9hoko\u013evek interi\u00e9ru.\u00a0GURU\u00a0je \u010dal\u00fanen\u00e1\u00a0<b>l\u00e1tkou Soro<\/b>\u00a0v kombin\u00e1ci\u00ed\u00a0<b>sivohnedej Taupe s hnedou farbou\u00a0 <\/b>alebo\u00a0 <b>svetlosivej s tmavosivou farbou.<\/b>\u00a0 P\u00fd\u0161i sa mo\u017enos\u0165ou <b>rozkladu,<\/b>\u00a0ktor\u00fd m\u00f4\u017eete vyu\u017e\u00edva\u0165 nielen na ob\u010dasn\u00e9 spanie, ale aj na ka\u017edodenn\u00e9 spanie. Plocha na spanie predstavuje rozmer\u00a0<b>122&#215;200 cm.<\/b>\u00a0O rozklad sa posklad\u00e1\u00a0<b>funkcia klik klak,<\/b>\u00a0ktor\u00e1 umo\u017en\u00ed nastavi\u0165 operadlo pohovky do zvislej a vodorovnej polohy. O va\u0161u bielize\u0148 sa s rados\u0165ou postar\u00e1 priestrann\u00fd\u00a0<b>\u00falo\u017en\u00fd priestor.<\/b>\u00a0Komfort sedenia a spania zabezpe\u010duje\u00a0<b>bonelov\u00e1 pru\u017eina s pur penou.<\/b>\u00a0GURU\u00a0je postaven\u00e1 na\u00a0<b>plastov\u00fdch no\u017ei\u010dk\u00e1ch<\/b>. S\u00fa\u010das\u0165ou pohovky s\u00fa\u00a0<b>dva dekorat\u00edvne vank\u00fa\u0161iky.\u00a0 \u00a0K pohovke je mo\u017en\u00e9 objedna\u0165 kresl\u00e1.\u00a0 Kon\u0161trukcia<\/b> kresla je vyroben\u00e1 z<b> dreva <\/b>vo farebnom preveden\u00ed buk alebo orech.\u00a0 Vysok\u00e1 opierka chrbta, elegantne zaoblen\u00e9 podr\u00fa\u010dky pon\u00fakaj\u00fa prvotriedny z\u00e1\u017eitok zo sedenia.<\/p>\n<p>Mo\u017enos\u0165 objednania v 7 farebn\u00fdch prevedeniach l\u00e1tky Soro s\u00a0mo\u017enos\u0165ou v\u00fdberu dreva vo farbe<strong> orech <\/strong>alebo <strong>buk<\/strong>\u00a0 v cene:<strong>\u00a0 pohovka<\/strong> &#8211; 425 Eu<strong>r, kreslo<\/strong> &#8211; 215 Eur.<\/p>\n<ul>\n<li><b>Materi\u00e1l:\u00a0<\/b>l\u00e1tka hned\u00e1\u00a0 Soro 90\/97, drevo buk,\u00a0 \u00a0l\u00e1tka siv\u00e1 Soro 23\/28\/ drevo orech<\/li>\n<li><b>Farba:\u00a0<\/b>svetlosiv\u00e1\/tmavosiv\u00e1\u00a0 alebo\u00a0 sivohned\u00e1\/hned\u00e1<\/li>\n<li><b>Rozmery pohovky (\u0160xHxV): <\/b>200x95x100 cm<\/li>\n<li><b>V\u00fd\u0161ka sedu:\u00a0<\/b>45 cm<\/li>\n<li><b>H\u013abka sedu:\u00a0<\/b>57 cm<\/li>\n<li><b>Plocha na spanie (\u0160xD):\u00a0<\/b>122&#215;200 cm<\/li>\n<li><b>V\u00fdpl\u0148:\u00a0<\/b>bonelov\u00e1 pru\u017eina \/ pur pena<\/li>\n<li>Rozkladacia<\/li>\n<li>S \u00falo\u017en\u00fdm priestorom<\/li>\n<li>Plastov\u00e9 no\u017ei\u010dky<\/li>\n<li>Dod\u00e1van\u00e9 v demonte<\/li>\n<\/ul>\n<ul>\n<li><b>Rozmery kresla (\u0160xHxV): <\/b>65x75x100 cm<\/li>\n<li><b>V\u00fd\u0161ka sedu:\u00a0<\/b>41 cm<\/li>\n<li><b>H\u013abka sedu:\u00a0<\/b>42 cm<\/li>\n<li>Dreven\u00e1 kon\u0161trukcia<\/li>\n<li><b>Farba kon\u0161trukcie:\u00a0<\/b>buk, orech<\/li>\n<li><b>V\u00fdpl\u0148:\u00a0<\/b>molitan<\/li>\n<li><b>Nosnos\u0165 na osobu:\u00a0<\/b>90 kg<\/li>\n<li>Dod\u00e1van\u00fd v demonte<\/li>\n<\/ul>\n","protected":false},"excerpt":{"rendered":"<p>Klasick\u00fd \u0161t\u00fdl je st\u00e1le in. Ak patr\u00edte k jeho milovn\u00edkom,\u00a0pohovka GURU\u00a0je jednozna\u010dne pre v\u00e1s. Ide\u00e1lna do ak\u00e9hoko\u013evek interi\u00e9ru.\u00a0GURU\u00a0je \u010dal\u00fanen\u00e1\u00a0l\u00e1tkou Soro\u00a0v kombin\u00e1ci\u00ed\u00a0sivohnedej Taupe s hnedou farbou\u00a0 alebo\u00a0 svetlosivej s tmavosivou farbou.\u00a0 P\u00fd\u0161i sa mo\u017enos\u0165ou rozkladu,\u00a0ktor\u00fd m\u00f4\u017eete vyu\u017e\u00edva\u0165 nielen na ob\u010dasn\u00e9 spanie, ale aj na ka\u017edodenn\u00e9 spanie. Plocha na spanie predstavuje rozmer\u00a0122&#215;200 cm.\u00a0O rozklad sa posklad\u00e1\u00a0funkcia klik&#8230;<\/p>\n","protected":false},"featured_media":121303,"comment_status":"closed","ping_status":"closed","template":"","meta":{"_seopress_robots_primary_cat":"none","_seopress_titles_title":"","_seopress_titles_desc":"","_seopress_robots_index":""},"product_brand":[],"product_cat":[256,140],"product_tag":[],"class_list":{"0":"post-121289","1":"product","2":"type-product","3":"status-publish","4":"has-post-thumbnail","6":"product_cat-supravy-311","7":"product_cat-sedacie-supravy","8":"pa_farba-siva-3","9":"pa_farba-hneda","10":"pa_typ-produktu-kreslo","11":"pa_typ-produktu-pohovka","13":"first","14":"onbackorder","15":"shipping-taxable","16":"purchasable","17":"product-type-variable"},"_links":{"self":[{"href":"https:\/\/nabytoklaguna.sk\/sk\/wp-json\/wp\/v2\/product\/121289","targetHints":{"allow":["GET"]}}],"collection":[{"href":"https:\/\/nabytoklaguna.sk\/sk\/wp-json\/wp\/v2\/product"}],"about":[{"href":"https:\/\/nabytoklaguna.sk\/sk\/wp-json\/wp\/v2\/types\/product"}],"replies":[{"embeddable":true,"href":"https:\/\/nabytoklaguna.sk\/sk\/wp-json\/wp\/v2\/comments?post=121289"}],"wp:featuredmedia":[{"embeddable":true,"href":"https:\/\/nabytoklaguna.sk\/sk\/wp-json\/wp\/v2\/media\/121303"}],"wp:attachment":[{"href":"https:\/\/nabytoklaguna.sk\/sk\/wp-json\/wp\/v2\/media?parent=121289"}],"wp:term":[{"taxonomy":"product_brand","embeddable":true,"href":"https:\/\/nabytoklaguna.sk\/sk\/wp-json\/wp\/v2\/product_brand?post=121289"},{"taxonomy":"product_cat","embeddable":true,"href":"https:\/\/nabytoklaguna.sk\/sk\/wp-json\/wp\/v2\/product_cat?post=121289"},{"taxonomy":"product_tag","embeddable":true,"href":"https:\/\/nabytoklaguna.sk\/sk\/wp-json\/wp\/v2\/product_tag?post=121289"}],"curies":[{"name":"wp","href":"https:\/\/api.w.org\/{rel}","templated":true}]}}