{"id":121310,"date":"2024-03-26T12:08:31","date_gmt":"2024-03-26T11:08:31","guid":{"rendered":"https:\/\/nabytoklaguna.sk\/sk\/?post_type=product&#038;p=121310"},"modified":"2026-04-20T13:39:50","modified_gmt":"2026-04-20T11:39:50","slug":"k-amelia-roh","status":"publish","type":"product","link":"https:\/\/nabytoklaguna.sk\/sk\/produkt\/k-amelia-roh\/","title":{"rendered":"K AMELIA roh"},"content":{"rendered":"<p><b>Pohodlie v ob\u00fdva\u010dke<\/b>\u00a0je ve\u013emi d\u00f4le\u017eit\u00e9, preto\u017ee je miestnos\u0165ou, kde oddychujeme a tr\u00e1vime \u010das s rodinou a zn\u00e1mymi. Preto si vyberte tak\u00fa seda\u010dku, ktor\u00e1 v\u00e1m poskytne\u00a0<b>ka\u017edodenn\u00fd komfort<\/b>. Takou je na\u0161a rohov\u00e1\u00a0<b>rozkladacia seda\u010dka AMELIA<\/b>. Amelia je\u00a0<b>celo\u010dal\u00fanen\u00e1 seda\u010dka potiahnut\u00e1 kvalitnou vodoodolnou l\u00e1tkou<\/b>\u00a0Monolith, v \u017eiarivej smaragdovej farbe. S\u00fa\u010das\u0165ou je\u00a0<b>objemn\u00fd \u00falo\u017en\u00fd priestor<\/b>, ktor\u00fd skryje v\u0161etko, \u010do potrebujete odlo\u017ei\u0165. Sedacia s\u00faprava pon\u00faka mo\u017enos\u0165 rozkladu, pri\u010dom po rozlo\u017een\u00ed vznikne\u00a0<b>bohat\u00e1 plocha na spanie<\/b> v rozmere 120&#215;200 cm. Seda\u010dka pon\u00faka pr\u00edjemn\u00e9 sedenie v\u010faka jadru z PUR peny a pru\u017einy Falista.<\/p>\n<ul>\n<li><b>Materi\u00e1l:\u00a0<\/b>l\u00e1tka<b> Monolith smaragdov\u00e1,\u00a0 \u00a0<\/b>\u0161enil\u00a0<b>Hugo v\u00a0hnedej farbe<\/b><\/li>\n<li><b>Rozmery (\u0160xHxV):<\/b>\u00a0270x220x93 cm<\/li>\n<li>Rozkladacia<\/li>\n<li><b>Plocha na spanie (\u0160xD):<\/b>120&#215;200 cm<\/li>\n<li><b>V\u00fd\u0161ka sedu:<\/b>\u00a045 cm<\/li>\n<li><b>H\u013abka sedu:<\/b>\u00a053 cm<\/li>\n<li><b>V\u00fd\u0161ka chrbtovej opierky:<\/b>\u00a054 cm<\/li>\n<li><b>V\u00fd\u0161ka lak\u0165ovej opierky:<\/b>\u00a062 cm<\/li>\n<li>V\u00fdpl\u0148: jadro z PUR peny a pru\u017einy Falista<\/li>\n<li>S \u00falo\u017en\u00fdm priestorom<\/li>\n<li>Dod\u00e1van\u00e1 v demonte<\/li>\n<\/ul>\n","protected":false},"excerpt":{"rendered":"<p>Pohodlie v ob\u00fdva\u010dke\u00a0je ve\u013emi d\u00f4le\u017eit\u00e9, preto\u017ee je miestnos\u0165ou, kde oddychujeme a tr\u00e1vime \u010das s rodinou a zn\u00e1mymi. Preto si vyberte tak\u00fa seda\u010dku, ktor\u00e1 v\u00e1m poskytne\u00a0ka\u017edodenn\u00fd komfort. Takou je na\u0161a rohov\u00e1\u00a0rozkladacia seda\u010dka AMELIA. Amelia je\u00a0celo\u010dal\u00fanen\u00e1 seda\u010dka potiahnut\u00e1 kvalitnou vodoodolnou l\u00e1tkou\u00a0Monolith, v \u017eiarivej smaragdovej farbe. S\u00fa\u010das\u0165ou je\u00a0objemn\u00fd \u00falo\u017en\u00fd priestor, ktor\u00fd skryje v\u0161etko, \u010do potrebujete odlo\u017ei\u0165. Sedacia s\u00faprava&#8230;<\/p>\n","protected":false},"featured_media":121321,"comment_status":"closed","ping_status":"closed","template":"","meta":{"_seopress_robots_primary_cat":"none","_seopress_titles_title":"","_seopress_titles_desc":"","_seopress_robots_index":""},"product_brand":[],"product_cat":[255,140],"product_tag":[],"class_list":{"0":"post-121310","1":"product","2":"type-product","3":"status-publish","4":"has-post-thumbnail","6":"product_cat-rohove-supravy","7":"product_cat-sedacie-supravy","8":"pa_farba-hneda","9":"pa_farba-smaragdova","11":"first","12":"onbackorder","13":"shipping-taxable","14":"purchasable","15":"product-type-variable"},"_links":{"self":[{"href":"https:\/\/nabytoklaguna.sk\/sk\/wp-json\/wp\/v2\/product\/121310","targetHints":{"allow":["GET"]}}],"collection":[{"href":"https:\/\/nabytoklaguna.sk\/sk\/wp-json\/wp\/v2\/product"}],"about":[{"href":"https:\/\/nabytoklaguna.sk\/sk\/wp-json\/wp\/v2\/types\/product"}],"replies":[{"embeddable":true,"href":"https:\/\/nabytoklaguna.sk\/sk\/wp-json\/wp\/v2\/comments?post=121310"}],"wp:featuredmedia":[{"embeddable":true,"href":"https:\/\/nabytoklaguna.sk\/sk\/wp-json\/wp\/v2\/media\/121321"}],"wp:attachment":[{"href":"https:\/\/nabytoklaguna.sk\/sk\/wp-json\/wp\/v2\/media?parent=121310"}],"wp:term":[{"taxonomy":"product_brand","embeddable":true,"href":"https:\/\/nabytoklaguna.sk\/sk\/wp-json\/wp\/v2\/product_brand?post=121310"},{"taxonomy":"product_cat","embeddable":true,"href":"https:\/\/nabytoklaguna.sk\/sk\/wp-json\/wp\/v2\/product_cat?post=121310"},{"taxonomy":"product_tag","embeddable":true,"href":"https:\/\/nabytoklaguna.sk\/sk\/wp-json\/wp\/v2\/product_tag?post=121310"}],"curies":[{"name":"wp","href":"https:\/\/api.w.org\/{rel}","templated":true}]}}