{"id":121386,"date":"2024-04-15T12:44:18","date_gmt":"2024-04-15T10:44:18","guid":{"rendered":"https:\/\/nabytoklaguna.sk\/sk\/?post_type=product&#038;p=121386"},"modified":"2025-09-02T12:22:00","modified_gmt":"2025-09-02T10:22:00","slug":"ner-milo-predsien","status":"publish","type":"product","link":"https:\/\/nabytoklaguna.sk\/sk\/produkt\/ner-milo-predsien\/","title":{"rendered":"N MILO predsie\u0148"},"content":{"rendered":"<p><span class=\"Y2IQFc\" lang=\"sk\"><strong>Predsie\u0148 MILO so zrkadlom<\/strong> je neskuto\u010dne funk\u010dn\u00e1, m\u00e1 <strong>botn\u00edk na top\u00e1nky, police<\/strong>, do ktor\u00fdch schov\u00e1te \u0161ikovn\u00e9 veci ako \u010diapky alebo rukavice. Bundy \u010di kab\u00e1ty m\u00f4\u017eete zavesi\u0165 na <strong>ve\u0161iakov\u00fa ty\u010d<\/strong>. Nech\u00fdba v nej <strong>zrkadlo<\/strong>, v ktorom sa budeme m\u00f4c\u0165 vidie\u0165 pred odchodom z domu. Predsie\u0148 MILO m\u00e1 <strong>modern\u00fd vzh\u013ead<\/strong>\u00a0 v s\u00falade s m\u00f3dnymi trendmi tejto sez\u00f3ny. Za zrkadlov\u00fdmi dvierkami s\u00fa police, do ktor\u00fdch mo\u017eno schova\u0165 aj top\u00e1nky pre cel\u00fa rodinu. <strong>Predsie\u0148 MILO<\/strong> je dostupn\u00e1 v dvoch farebn\u00fdch prevedeniach: cel\u00e1 vo farbe <strong>dub<\/strong> <strong>Artisan<\/strong> alebo \u010diernej v kombin\u00e1cii s pr\u00edrodnou <strong>dub<\/strong> <strong>Artisan<\/strong>. Pon\u00fakame V\u00e1m novinku odtie\u0148 <strong>Ka\u0161m\u00edr<\/strong> v ktorom si m\u00f4\u017eete predsie\u0148 MILO zak\u00fapi\u0165. Predsie\u0148 je univerz\u00e1lna, ozdobn\u00e9 li\u0161ty m\u00f4\u017eu by\u0165 vpravo aj v\u013eavo. Ve\u0161iak a r\u00fa\u010dky s\u00fa ve\u013emi pevn\u00e9 a <strong>vyroben\u00e9 z kovu.<\/strong>\u00a0<\/span><\/p>\n<h3 class=\"page-product-heading\">VLASTNOSTI<\/h3>\n<table class=\"table-data-sheet\">\n<tbody>\n<tr class=\"odd\">\n<td>H\u013abka<\/td>\n<td>33 cm<\/td>\n<\/tr>\n<tr class=\"even\">\n<td>\u0160\u00edrka<\/td>\n<td>100 cm<\/td>\n<\/tr>\n<tr class=\"odd\">\n<td>V\u00fd\u0161ka<\/td>\n<td>190 cm<\/td>\n<\/tr>\n<tr class=\"even\">\n<td>Vhodn\u00e1 miestnos\u0165<\/td>\n<td>predsie\u0148<\/td>\n<\/tr>\n<tr class=\"odd\">\n<td>Typ n\u00e1bytku<\/td>\n<td>predsie\u0148<\/td>\n<\/tr>\n<tr class=\"even\">\n<td>\u00dachytky<\/td>\n<td>kovov\u00e9<\/td>\n<\/tr>\n<tr class=\"odd\">\n<td>\u0160t\u00fdl n\u00e1bytku<\/td>\n<td>modern\u00fd<\/td>\n<\/tr>\n<tr class=\"even\">\n<td>Z\u00e1ruka<\/td>\n<td>2 roky<\/td>\n<\/tr>\n<tr class=\"odd\">\n<td>Sp\u00f4sob dodania<\/td>\n<td>demont<\/td>\n<\/tr>\n<\/tbody>\n<\/table>\n","protected":false},"excerpt":{"rendered":"<p>Predsie\u0148 MILO so zrkadlom je neskuto\u010dne funk\u010dn\u00e1, m\u00e1 botn\u00edk na top\u00e1nky, police, do ktor\u00fdch schov\u00e1te \u0161ikovn\u00e9 veci ako \u010diapky alebo rukavice. Bundy \u010di kab\u00e1ty m\u00f4\u017eete zavesi\u0165 na ve\u0161iakov\u00fa ty\u010d. Nech\u00fdba v nej zrkadlo, v ktorom sa budeme m\u00f4c\u0165 vidie\u0165 pred odchodom z domu. Predsie\u0148 MILO m\u00e1 modern\u00fd vzh\u013ead\u00a0 v s\u00falade s m\u00f3dnymi trendmi tejto sez\u00f3ny&#8230;.<\/p>\n","protected":false},"featured_media":121394,"comment_status":"closed","ping_status":"closed","template":"","meta":{"_seopress_robots_primary_cat":"none","_seopress_titles_title":"","_seopress_titles_desc":"","_seopress_robots_index":""},"product_brand":[],"product_cat":[2139,6943,257],"product_tag":[],"class_list":{"0":"post-121386","1":"product","2":"type-product","3":"status-publish","4":"has-post-thumbnail","6":"product_cat-predsiene-predsiene","7":"product_cat-predsiene-zostavy","8":"product_cat-predsiene","10":"first","11":"instock","12":"shipping-taxable","13":"purchasable","14":"product-type-variable"},"_links":{"self":[{"href":"https:\/\/nabytoklaguna.sk\/sk\/wp-json\/wp\/v2\/product\/121386","targetHints":{"allow":["GET"]}}],"collection":[{"href":"https:\/\/nabytoklaguna.sk\/sk\/wp-json\/wp\/v2\/product"}],"about":[{"href":"https:\/\/nabytoklaguna.sk\/sk\/wp-json\/wp\/v2\/types\/product"}],"replies":[{"embeddable":true,"href":"https:\/\/nabytoklaguna.sk\/sk\/wp-json\/wp\/v2\/comments?post=121386"}],"wp:featuredmedia":[{"embeddable":true,"href":"https:\/\/nabytoklaguna.sk\/sk\/wp-json\/wp\/v2\/media\/121394"}],"wp:attachment":[{"href":"https:\/\/nabytoklaguna.sk\/sk\/wp-json\/wp\/v2\/media?parent=121386"}],"wp:term":[{"taxonomy":"product_brand","embeddable":true,"href":"https:\/\/nabytoklaguna.sk\/sk\/wp-json\/wp\/v2\/product_brand?post=121386"},{"taxonomy":"product_cat","embeddable":true,"href":"https:\/\/nabytoklaguna.sk\/sk\/wp-json\/wp\/v2\/product_cat?post=121386"},{"taxonomy":"product_tag","embeddable":true,"href":"https:\/\/nabytoklaguna.sk\/sk\/wp-json\/wp\/v2\/product_tag?post=121386"}],"curies":[{"name":"wp","href":"https:\/\/api.w.org\/{rel}","templated":true}]}}