{"id":121451,"date":"2024-05-20T15:26:39","date_gmt":"2024-05-20T13:26:39","guid":{"rendered":"https:\/\/nabytoklaguna.sk\/sk\/?post_type=product&#038;p=121451"},"modified":"2024-12-18T14:19:17","modified_gmt":"2024-12-18T13:19:17","slug":"rtv-stolik-noemi-adrk","status":"publish","type":"product","link":"https:\/\/nabytoklaguna.sk\/sk\/produkt\/rtv-stolik-noemi-adrk\/","title":{"rendered":"RTV Stol\u00edk NOEMI"},"content":{"rendered":"<p>Modern\u00e1 telev\u00edzna skrinka Noemi zaujme svojim elegantn\u00fdm a nad\u010dasov\u00fdm dizajnom. Origin\u00e1lne zvisl\u00e9 ryhovanie predn\u00fdch pl\u00f4ch pod\u010diarkuje jej jedine\u010dnos\u0165. Povrchov\u00e1 \u00faprava fr\u00e9zovanej laminovanej MDF dosky je z\u00e1rukou kvality a odolnosti. RTV stol\u00edk Noemi poskytuje dostatok \u00falo\u017en\u00e9ho priestoru. Bez\u00fachytkov\u00e1 verzia s Tip on z\u00e1vesmi dvierok p\u00f4sob\u00ed moderne a minimalistick\u00fd vzh\u013ead pod\u010diarkuj\u00fa aj \u010dierne kovov\u00e9 no\u017ei\u010dky s v\u00fd\u0161kou 13 cm.<\/p>\n<p>Rozmery \u0161 x v x h: 200 x 53 x 41 cm<\/p>\n<p>Dod\u00e1van\u00e9 v demonte.<\/p>\n","protected":false},"excerpt":{"rendered":"<p>Modern\u00e1 telev\u00edzna skrinka Noemi zaujme svojim elegantn\u00fdm a nad\u010dasov\u00fdm dizajnom. Origin\u00e1lne zvisl\u00e9 ryhovanie predn\u00fdch pl\u00f4ch pod\u010diarkuje jej jedine\u010dnos\u0165. Povrchov\u00e1 \u00faprava fr\u00e9zovanej laminovanej MDF dosky je z\u00e1rukou kvality a odolnosti. RTV stol\u00edk Noemi poskytuje dostatok \u00falo\u017en\u00e9ho priestoru. Bez\u00fachytkov\u00e1 verzia s Tip on z\u00e1vesmi dvierok p\u00f4sob\u00ed moderne a minimalistick\u00fd vzh\u013ead pod\u010diarkuj\u00fa aj \u010dierne kovov\u00e9 no\u017ei\u010dky s v\u00fd\u0161kou&#8230;<\/p>\n","protected":false},"featured_media":121461,"comment_status":"closed","ping_status":"closed","template":"","meta":{"_seopress_robots_primary_cat":"none","_seopress_titles_title":"","_seopress_titles_desc":"","_seopress_robots_index":""},"product_brand":[],"product_cat":[824],"product_tag":[],"class_list":{"0":"post-121451","1":"product","2":"type-product","3":"status-publish","4":"has-post-thumbnail","6":"product_cat-rtv-stoliky","8":"first","9":"instock","10":"shipping-taxable","11":"purchasable","12":"product-type-variable"},"_links":{"self":[{"href":"https:\/\/nabytoklaguna.sk\/sk\/wp-json\/wp\/v2\/product\/121451","targetHints":{"allow":["GET"]}}],"collection":[{"href":"https:\/\/nabytoklaguna.sk\/sk\/wp-json\/wp\/v2\/product"}],"about":[{"href":"https:\/\/nabytoklaguna.sk\/sk\/wp-json\/wp\/v2\/types\/product"}],"replies":[{"embeddable":true,"href":"https:\/\/nabytoklaguna.sk\/sk\/wp-json\/wp\/v2\/comments?post=121451"}],"wp:featuredmedia":[{"embeddable":true,"href":"https:\/\/nabytoklaguna.sk\/sk\/wp-json\/wp\/v2\/media\/121461"}],"wp:attachment":[{"href":"https:\/\/nabytoklaguna.sk\/sk\/wp-json\/wp\/v2\/media?parent=121451"}],"wp:term":[{"taxonomy":"product_brand","embeddable":true,"href":"https:\/\/nabytoklaguna.sk\/sk\/wp-json\/wp\/v2\/product_brand?post=121451"},{"taxonomy":"product_cat","embeddable":true,"href":"https:\/\/nabytoklaguna.sk\/sk\/wp-json\/wp\/v2\/product_cat?post=121451"},{"taxonomy":"product_tag","embeddable":true,"href":"https:\/\/nabytoklaguna.sk\/sk\/wp-json\/wp\/v2\/product_tag?post=121451"}],"curies":[{"name":"wp","href":"https:\/\/api.w.org\/{rel}","templated":true}]}}