{"id":121549,"date":"2024-05-31T13:57:01","date_gmt":"2024-05-31T11:57:01","guid":{"rendered":"https:\/\/nabytoklaguna.sk\/sk\/?post_type=product&#038;p=121549"},"modified":"2024-11-20T14:46:11","modified_gmt":"2024-11-20T13:46:11","slug":"delia-100-skrina-adrk","status":"publish","type":"product","link":"https:\/\/nabytoklaguna.sk\/sk\/produkt\/delia-100-skrina-adrk\/","title":{"rendered":"Delia 100 skri\u0148a"},"content":{"rendered":"<p>Zauj\u00edmavo rie\u0161en\u00e1 skri\u0148a <strong>Delia <\/strong>je t\u00fdm spr\u00e1vnym rie\u0161en\u00edm, ak h\u013ead\u00e1te kvalitu a modern\u00fa eleganciu. Dvere skrine Delia s\u00fa vyroben\u00e9 z\u00a0 kvalitnej DTD laminovanej dosky s dizajnov\u00fdm zvisl\u00fdm pruhovan\u00edm, ktor\u00e9 rob\u00ed n\u00e1bytok jedine\u010dn\u00fdm. Bonusom je <strong>zrkadlo<\/strong> umiestnen\u00e9 na cel\u00fdch jedn\u00fdch dvierkach skrine. Premyslen\u00e9 usporiadanie vn\u00fatorn\u00e9ho priestoru sa postar\u00e1 o udr\u017eanie poriadku vo va\u0161ich veciach. Na \u013eavej strane sa nach\u00e1dza <strong>ve\u0161iakov\u00e1 ty\u010d<\/strong> na zavesenie oble\u010denia a jedna polica, prav\u00e1 \u010das\u0165 skrine je vybaven\u00e1 <strong>\u0161tyrmi policami<\/strong>. Svojou kvalitou, dizajnom a praktick\u00fdm usporiadan\u00edm vn\u00fatorn\u00e9ho priestoru bude t\u00e1to skri\u0148a dokonal\u00fdm doplnkom V\u00e1\u0161ho interi\u00e9ru.<\/p>\n<div><strong>Materi\u00e1l:\u00a0<\/strong>korpus DTDL 16mm<\/div>\n<div><strong>Rozmer<\/strong>\u00a0<strong>(\u0160xVxH):<\/strong> 100 x 205 x 60 cm<\/div>\n<div><\/div>\n<div>Dod\u00e1van\u00e9 v demonte<\/div>\n","protected":false},"excerpt":{"rendered":"<p>Zauj\u00edmavo rie\u0161en\u00e1 skri\u0148a Delia je t\u00fdm spr\u00e1vnym rie\u0161en\u00edm, ak h\u013ead\u00e1te kvalitu a modern\u00fa eleganciu. Dvere skrine Delia s\u00fa vyroben\u00e9 z\u00a0 kvalitnej DTD laminovanej dosky s dizajnov\u00fdm zvisl\u00fdm pruhovan\u00edm, ktor\u00e9 rob\u00ed n\u00e1bytok jedine\u010dn\u00fdm. Bonusom je zrkadlo umiestnen\u00e9 na cel\u00fdch jedn\u00fdch dvierkach skrine. Premyslen\u00e9 usporiadanie vn\u00fatorn\u00e9ho priestoru sa postar\u00e1 o udr\u017eanie poriadku vo va\u0161ich veciach. Na \u013eavej&#8230;<\/p>\n","protected":false},"featured_media":0,"comment_status":"closed","ping_status":"closed","template":"","meta":{"_seopress_robots_primary_cat":"none","_seopress_titles_title":"","_seopress_titles_desc":"","_seopress_robots_index":""},"product_brand":[],"product_cat":[1585,225],"product_tag":[],"class_list":{"0":"post-121549","1":"product","2":"type-product","3":"status-publish","5":"product_cat-s-posuvnymi-dverami","6":"product_cat-skrine","8":"first","9":"instock","10":"shipping-taxable","11":"purchasable","12":"product-type-variable"},"_links":{"self":[{"href":"https:\/\/nabytoklaguna.sk\/sk\/wp-json\/wp\/v2\/product\/121549","targetHints":{"allow":["GET"]}}],"collection":[{"href":"https:\/\/nabytoklaguna.sk\/sk\/wp-json\/wp\/v2\/product"}],"about":[{"href":"https:\/\/nabytoklaguna.sk\/sk\/wp-json\/wp\/v2\/types\/product"}],"replies":[{"embeddable":true,"href":"https:\/\/nabytoklaguna.sk\/sk\/wp-json\/wp\/v2\/comments?post=121549"}],"wp:attachment":[{"href":"https:\/\/nabytoklaguna.sk\/sk\/wp-json\/wp\/v2\/media?parent=121549"}],"wp:term":[{"taxonomy":"product_brand","embeddable":true,"href":"https:\/\/nabytoklaguna.sk\/sk\/wp-json\/wp\/v2\/product_brand?post=121549"},{"taxonomy":"product_cat","embeddable":true,"href":"https:\/\/nabytoklaguna.sk\/sk\/wp-json\/wp\/v2\/product_cat?post=121549"},{"taxonomy":"product_tag","embeddable":true,"href":"https:\/\/nabytoklaguna.sk\/sk\/wp-json\/wp\/v2\/product_tag?post=121549"}],"curies":[{"name":"wp","href":"https:\/\/api.w.org\/{rel}","templated":true}]}}