{"id":121562,"date":"2024-05-31T16:26:54","date_gmt":"2024-05-31T14:26:54","guid":{"rendered":"https:\/\/nabytoklaguna.sk\/sk\/?post_type=product&#038;p=121562"},"modified":"2025-06-19T13:12:15","modified_gmt":"2025-06-19T11:12:15","slug":"delia-120-skrina-adrk","status":"publish","type":"product","link":"https:\/\/nabytoklaguna.sk\/sk\/produkt\/delia-120-skrina-adrk\/","title":{"rendered":"Delia 120 skri\u0148a"},"content":{"rendered":"<p>Zauj\u00edmavo rie\u0161en\u00e1 skri\u0148a\u00a0<strong>Delia\u00a0<\/strong>je t\u00fdm spr\u00e1vnym rie\u0161en\u00edm, ak h\u013ead\u00e1te kvalitu a modern\u00fa eleganciu. Dvere skrine Delia s\u00fa vyroben\u00e9 z\u00a0 kvalitnej DTD laminovanej dosky s dizajnov\u00fdm zvisl\u00fdm pruhovan\u00edm, ktor\u00e9 rob\u00ed n\u00e1bytok jedine\u010dn\u00fdm. Bonusom je\u00a0<strong>zrkadlo<\/strong>\u00a0umiestnen\u00e9 na cel\u00fdch jedn\u00fdch dvierkach skrine. Premyslen\u00e9 usporiadanie vn\u00fatorn\u00e9ho priestoru sa postar\u00e1 o udr\u017eanie poriadku vo va\u0161ich veciach. Na \u013eavej strane sa nach\u00e1dza\u00a0<strong>ve\u0161iakov\u00e1 ty\u010d<\/strong>\u00a0na zavesenie oble\u010denia a jedna polica, prav\u00e1 \u010das\u0165 skrine je vybaven\u00e1\u00a0<strong>\u0161tyrmi policami<\/strong>. Svojou kvalitou, dizajnom a praktick\u00fdm usporiadan\u00edm vn\u00fatorn\u00e9ho priestoru bude t\u00e1to skri\u0148a dokonal\u00fdm doplnkom V\u00e1\u0161ho interi\u00e9ru.<\/p>\n<div><strong>Materi\u00e1l:\u00a0<\/strong>korpus DTDL 16mm<\/div>\n<div><strong>Rozmer<\/strong>\u00a0<strong>(\u0160xVxH):<\/strong> 120 x 205 x 60 cm<\/div>\n<div><\/div>\n<div>Dod\u00e1van\u00e9 v demonte<\/div>\n","protected":false},"excerpt":{"rendered":"<p>Zauj\u00edmavo rie\u0161en\u00e1 skri\u0148a\u00a0Delia\u00a0je t\u00fdm spr\u00e1vnym rie\u0161en\u00edm, ak h\u013ead\u00e1te kvalitu a modern\u00fa eleganciu. Dvere skrine Delia s\u00fa vyroben\u00e9 z\u00a0 kvalitnej DTD laminovanej dosky s dizajnov\u00fdm zvisl\u00fdm pruhovan\u00edm, ktor\u00e9 rob\u00ed n\u00e1bytok jedine\u010dn\u00fdm. Bonusom je\u00a0zrkadlo\u00a0umiestnen\u00e9 na cel\u00fdch jedn\u00fdch dvierkach skrine. Premyslen\u00e9 usporiadanie vn\u00fatorn\u00e9ho priestoru sa postar\u00e1 o udr\u017eanie poriadku vo va\u0161ich veciach. Na \u013eavej strane sa nach\u00e1dza\u00a0ve\u0161iakov\u00e1 ty\u010d\u00a0na&#8230;<\/p>\n","protected":false},"featured_media":121569,"comment_status":"closed","ping_status":"closed","template":"","meta":{"_seopress_robots_primary_cat":"none","_seopress_titles_title":"","_seopress_titles_desc":"","_seopress_robots_index":""},"product_brand":[],"product_cat":[1585,225],"product_tag":[],"class_list":{"0":"post-121562","1":"product","2":"type-product","3":"status-publish","4":"has-post-thumbnail","6":"product_cat-s-posuvnymi-dverami","7":"product_cat-skrine","9":"first","10":"instock","11":"shipping-taxable","12":"purchasable","13":"product-type-variable"},"_links":{"self":[{"href":"https:\/\/nabytoklaguna.sk\/sk\/wp-json\/wp\/v2\/product\/121562","targetHints":{"allow":["GET"]}}],"collection":[{"href":"https:\/\/nabytoklaguna.sk\/sk\/wp-json\/wp\/v2\/product"}],"about":[{"href":"https:\/\/nabytoklaguna.sk\/sk\/wp-json\/wp\/v2\/types\/product"}],"replies":[{"embeddable":true,"href":"https:\/\/nabytoklaguna.sk\/sk\/wp-json\/wp\/v2\/comments?post=121562"}],"wp:featuredmedia":[{"embeddable":true,"href":"https:\/\/nabytoklaguna.sk\/sk\/wp-json\/wp\/v2\/media\/121569"}],"wp:attachment":[{"href":"https:\/\/nabytoklaguna.sk\/sk\/wp-json\/wp\/v2\/media?parent=121562"}],"wp:term":[{"taxonomy":"product_brand","embeddable":true,"href":"https:\/\/nabytoklaguna.sk\/sk\/wp-json\/wp\/v2\/product_brand?post=121562"},{"taxonomy":"product_cat","embeddable":true,"href":"https:\/\/nabytoklaguna.sk\/sk\/wp-json\/wp\/v2\/product_cat?post=121562"},{"taxonomy":"product_tag","embeddable":true,"href":"https:\/\/nabytoklaguna.sk\/sk\/wp-json\/wp\/v2\/product_tag?post=121562"}],"curies":[{"name":"wp","href":"https:\/\/api.w.org\/{rel}","templated":true}]}}